{"id":5269,"date":"2021-09-27T17:29:32","date_gmt":"2021-09-27T14:29:32","guid":{"rendered":"https:\/\/www.vitg.com\/cookie-policy\/"},"modified":"2021-09-27T17:38:10","modified_gmt":"2021-09-27T14:38:10","slug":"cerez-politikasi","status":"publish","type":"page","link":"https:\/\/www.vitg.com\/tr\/cerez-politikasi\/","title":{"rendered":"\u00c7erez Politikas\u0131"},"content":{"rendered":"<p>Web sitemizi en verimli \u015fekilde kullanmak ve kullan\u0131c\u0131 deneyiminizi geli\u015ftirmek i\u00e7in \u00c7erezleri kullan\u0131yoruz. \u00c7erez kullanmay\u0131 tercih etmiyorsan\u0131z, taray\u0131c\u0131n\u0131z\u0131n ayarlar\u0131ndan \u00c7erezleri silebilir veya engelleyebilirsiniz. Ancak bunun web sitemizi kullan\u0131m\u0131n\u0131z\u0131 etkileyebilece\u011fini hat\u0131rlatmak isteriz. Taray\u0131c\u0131n\u0131zdan \u00c7erez ayarlar\u0131n\u0131z\u0131 de\u011fi\u015ftirmedi\u011finiz s\u00fcrece, bu sitede \u00e7erez kullan\u0131m\u0131n\u0131 kabul etti\u011finizi varsayaca\u011f\u0131z.<\/p>\n<p><strong><b>VER\u0130 SAH\u0130PLER\u0130N\u0130N K\u0130\u015e\u0130SEL VER\u0130LER\u0130N\u0130N \u0130\u015eLENMES\u0130<\/b><\/strong><\/p>\n<p>Web sitemizi ziyaretiniz s\u0131ras\u0131nda elde edilen ki\u015fisel verileriniz Kurum taraf\u0131ndan 6698 say\u0131l\u0131 Ki\u015fisel Verilerin Korunmas\u0131 Kanunu uyar\u0131nca a\u015fa\u011f\u0131da a\u00e7\u0131klanan kapsamda i\u015flenebilmektedir.<\/p>\n<p>Ki\u015fisel verilerinizin i\u015flenmesine ili\u015fkin detayl\u0131 bilgiler ITG Bilgisayar Teknoloji Grubu Ltd. \u015eti. Ki\u015fisel Verilerin Korunmas\u0131 ve \u0130\u015flenmesi Politikas\u0131ndan ula\u015fabilirsiniz.<\/p>\n<p><strong>K\u0130\u015e\u0130SEL VER\u0130LER\u0130N\u0130Z\u0130 \u0130\u015eLEME AMACI<\/strong><\/p>\n<p>Web Sitemizi ziyaret ederek elde edilen ki\u015fisel verileriniz, Kurum taraf\u0131ndan KVK Kanunu&#8217;nun 5. ve 6. maddeleri uyar\u0131nca a\u015fa\u011f\u0131da belirtilen ama\u00e7larla i\u015flenebilecektir:<\/p>\n<p>\u00c7erez Politikas\u0131, web sitesi kullan\u0131c\u0131lar\u0131n\u0131 \u00e7erezler ve kullan\u0131lan \u00e7erez t\u00fcrleri hakk\u0131nda bilgilendirmek ve \u00e7erez tercihlerinin nas\u0131l y\u00f6netilebilece\u011fine rehberlik etmek amac\u0131yla haz\u0131rlanm\u0131\u015ft\u0131r. ITG Bilgisayar Teknolojileri Grup Ltd. \u015eti. web sitesi kullan\u0131c\u0131lar\u0131n\u0131n ziyaret deneyimini iyile\u015ftirmek ve hizmet kalitesini art\u0131rmak amac\u0131yla \u00e7erez ve benzeri teknolojiler kullan\u0131r.<\/p>\n<p><strong>K\u0130\u015e\u0130SEL VER\u0130LER\u0130N\u0130Z\u0130N AKTARILDI\u011eI TARAFLAR VE AKTARIMIN AMACI<\/strong><\/p>\n<p>Web sitemizi ziyaretiniz nedeniyle elde edilen ki\u015fisel verileriniz, KVK Kanunu&#8217;nun 8. ve 9. maddelerinde belirtilen ki\u015fisel veri i\u015fleme \u015fartlar\u0131 ve ama\u00e7lar\u0131 \u00e7er\u00e7evesinde i\u015f ortaklar\u0131m\u0131za, tedarik\u00e7ilerimize, kanunen yetkili kamu kurulu\u015flar\u0131na ve \u00f6zel ki\u015filere aktar\u0131labilecektir. ki\u015fisel verilerinizin i\u015flenme ama\u00e7lar\u0131.<\/p>\n<p><strong>K\u0130\u015e\u0130SEL VER\u0130LER\u0130N\u0130Z\u0130 TOPLAMA Y\u00d6NTEM\u0130 VE HUKUK\u0130 SEBEB\u0130<\/strong><\/p>\n<p>Kimli\u011finizi belirli veya tan\u0131mlanabilir k\u0131lan her t\u00fcrl\u00fc bilgi &#8220;ki\u015fisel veri&#8221;dir. Web sitemizi ziyaretiniz kapsam\u0131nda, ki\u015fisel verileriniz, internet sitemizi ziyaretiniz nedeniyle teknik ileti\u015fim dosyalar\u0131 olan \u00e7erezler (cookies) ile Kanunda belirtilen veri i\u015fleme \u015fartlar\u0131na uygun olarak toplanmaktad\u0131r.<\/p>\n<p><strong>K\u0130\u015e\u0130SEL VER\u0130LER\u0130N\u0130Z\u0130N AKTARILDI\u011eI TARAFLAR VE AKTARIM AMACI<\/strong><\/p>\n<p>\u0130nternet sitemizi ziyaretiniz nedeniyle elde edilen ki\u015fisel verileriniz, KVK Kanunu&#8217;nun 8. ve 9. maddelerinde belirtilen ki\u015fisel veri i\u015fleme \u015fartlar\u0131 ve ama\u00e7lar\u0131 \u00e7er\u00e7evesinde i\u015f ortaklar\u0131m\u0131za, tedarik\u00e7ilerimize, kanunen yetkili kamu kurumlar\u0131na ve \u00f6zel ki\u015filere aktar\u0131labilecektir. ki\u015fisel verilerinizin i\u015flenme ama\u00e7lar\u0131.<\/p>\n<p><strong>K\u0130\u015e\u0130SEL VER\u0130LER\u0130N\u0130Z\u0130 TOPLAMA Y\u00d6NTEM\u0130 VE HUKUK\u0130 SEBEB\u0130<\/strong><\/p>\n<p>Kimli\u011finizi belirli veya tan\u0131mlanabilir k\u0131lan her t\u00fcrl\u00fc bilgi &#8220;ki\u015fisel veri&#8221;dir. \u0130nternet sitemizi ziyaretiniz kapsam\u0131nda ki\u015fisel verileriniz, internet sitemizi ziyaretiniz nedeniyle teknik ileti\u015fim dosyalar\u0131 olan \u00e7erezler (cookies) ile Kanunda belirtilen veri i\u015fleme \u015fartlar\u0131na uygun olarak toplanmaktad\u0131r.<\/p>\n<p><strong><b>VER\u0130 SAH\u0130PLER\u0130N\u0130N HAKLARI<\/b><\/strong><\/p>\n<p>Ki\u015fisel veri sahibi olarak Kanun&#8217;un 11. maddesi uyar\u0131nca a\u015fa\u011f\u0131daki haklara sahip oldu\u011funuzu beyan ederiz:<\/p>\n<ul>\n<li>Ki\u015fisel verilerinizin i\u015flenip i\u015flenmedi\u011fini \u00f6\u011frenme,<\/li>\n<li>Ki\u015fisel verileriniz i\u015flenmi\u015fse buna ili\u015fkin bilgi talep etme,<\/li>\n<li>Ki\u015fisel verilerinizin i\u015flenme amac\u0131n\u0131 ve amac\u0131na uygun kullan\u0131l\u0131p kullan\u0131lmad\u0131\u011f\u0131n\u0131 \u00f6\u011frenme,<\/li>\n<li>Yurt i\u00e7inde veya yurt d\u0131\u015f\u0131nda ki\u015fisel verilerinizin aktar\u0131ld\u0131\u011f\u0131 \u00fc\u00e7\u00fcnc\u00fc ki\u015fileri bilme,<\/li>\n<li>Ki\u015fisel verilerinizin eksik veya yanl\u0131\u015f i\u015flenmesi halinde d\u00fczeltilmesini isteme ve bu kapsamda yap\u0131lan i\u015flemin ki\u015fisel verilerinizin aktar\u0131ld\u0131\u011f\u0131 \u00fc\u00e7\u00fcnc\u00fc ki\u015filere bildirilmesini isteme<\/li>\n<li>Kanun ve ilgili di\u011fer kanun h\u00fck\u00fcmlerine uygun olarak i\u015flenmi\u015f olmas\u0131na ra\u011fmen, i\u015flenmesini gerektiren sebeplerin ortadan kalkmas\u0131 h\u00e2linde ki\u015fisel verilerin silinmesini veya yok edilmesini isteme ve yap\u0131lan i\u015flemin bildirilmesini isteme, bu kapsamda ki\u015fisel verilerinizin aktar\u0131ld\u0131\u011f\u0131 \u00fc\u00e7\u00fcnc\u00fc ki\u015filere,<\/li>\n<li>\u0130\u015flenen verilerin m\u00fcnhas\u0131ran otomatik sistemler vas\u0131tas\u0131yla analiz edilmesi suretiyle aleyhine bir sonucun ortaya \u00e7\u0131kmas\u0131na itiraz etme,<\/li>\n<li>Ki\u015fisel verilerinizin kanuna ayk\u0131r\u0131 olarak i\u015flenmesi sebebiyle zarara u\u011framan\u0131z h\u00e2linde tazminat talep etme.<\/li>\n<\/ul>\n<p>Yukar\u0131da say\u0131lan haklar\u0131n\u0131zla ilgili ba\u015fvurular\u0131n\u0131z\u0131 ITG Bilgisayar Teknoloji Grubu Ltd. \u015eti. Veri Sahibi Ba\u015fvuru Formunu doldurarak Kurumumuza iletebilirsiniz. Ba\u015fvurular\u0131n\u0131z talebinizin niteli\u011fine g\u00f6re en k\u0131sa s\u00fcrede ve en ge\u00e7 otuz g\u00fcn i\u00e7inde \u00fccretsiz olarak sonu\u00e7land\u0131r\u0131lacakt\u0131r; Ancak, i\u015flemin ayr\u0131ca bir maliyeti gerektirmesi halinde Ki\u015fisel Verileri Koruma Kurulu taraf\u0131ndan belirlenen tarifeye g\u00f6re sizden \u00fccret al\u0131nabilir.<\/p>\n<p><strong><b>VER\u0130 SAH\u0130PLER\u0130N\u0130N K\u0130\u015e\u0130SEL VER\u0130LER\u0130N\u0130N G\u00dcVENL\u0130\u011e\u0130N\u0130 SA\u011eLAMAK \u0130\u00c7\u0130N ALINAN \u00d6NLEMLER<\/b><\/strong><\/p>\n<p>Kurum taraf\u0131ndan ki\u015fisel verilerin korunmas\u0131na ve veri g\u00fcvenli\u011finin sa\u011flanmas\u0131na verdi\u011fi \u00f6nem do\u011frultusunda Kanun&#8217;un 12. maddesi uyar\u0131nca Kurumumuzca veri g\u00fcvenli\u011finin sa\u011flanmas\u0131 amac\u0131yla,<\/p>\n<p>\u2022 Ki\u015fisel verilerin hukuka ayk\u0131r\u0131 olarak i\u015flenmesini \u00f6nlemek,<\/p>\n<p>\u2022 Ki\u015fisel verilere hukuka ayk\u0131r\u0131 eri\u015fimi engellemek,<\/p>\n<p>\u2022 Ki\u015fisel verilerin korunmas\u0131n\u0131 sa\u011flamak,<\/p>\n<p>uygun g\u00fcvenlik d\u00fczeyini sa\u011flamak i\u00e7in gerekli t\u00fcm teknik ve idari \u00f6nlemleri al\u0131r.<\/p>\n<p>&nbsp;<\/p>\n<p>&nbsp;<\/p>\n","protected":false},"excerpt":{"rendered":"<p>Web sitemizi en verimli \u015fekilde kullanmak ve kullan\u0131c\u0131 deneyiminizi geli\u015ftirmek i\u00e7in \u00c7erezleri kullan\u0131yoruz. \u00c7erez kullanmay\u0131 tercih etmiyorsan\u0131z, taray\u0131c\u0131n\u0131z\u0131n ayarlar\u0131ndan \u00c7erezleri silebilir veya engelleyebilirsiniz. Ancak bunun web sitemizi kullan\u0131m\u0131n\u0131z\u0131 etkileyebilece\u011fini hat\u0131rlatmak isteriz. Taray\u0131c\u0131n\u0131zdan \u00c7erez ayarlar\u0131n\u0131z\u0131 de\u011fi\u015ftirmedi\u011finiz s\u00fcrece, bu sitede \u00e7erez kullan\u0131m\u0131n\u0131 kabul etti\u011finizi varsayaca\u011f\u0131z. VER\u0130 SAH\u0130PLER\u0130N\u0130N K\u0130\u015e\u0130SEL VER\u0130LER\u0130N\u0130N \u0130\u015eLENMES\u0130 Web sitemizi ziyaretiniz s\u0131ras\u0131nda elde edilen ki\u015fisel [&hellip;]<\/p>\n","protected":false},"author":1,"featured_media":0,"parent":0,"menu_order":0,"comment_status":"closed","ping_status":"closed","template":"","meta":{"footnotes":""},"class_list":["post-5269","page","type-page","status-publish","hentry"],"yoast_head":"<!-- This site is optimized with the Yoast SEO plugin v27.5 - https:\/\/yoast.com\/product\/yoast-seo-wordpress\/ -->\n<title>\u00c7erez Politikas\u0131 - ITG Resmi Websitesi<\/title>\n<meta name=\"robots\" content=\"index, follow, max-snippet:-1, max-image-preview:large, max-video-preview:-1\" \/>\n<link rel=\"canonical\" href=\"https:\/\/www.vitg.com\/tr\/cerez-politikasi\/\" \/>\n<meta property=\"og:locale\" content=\"tr_TR\" \/>\n<meta property=\"og:type\" content=\"article\" \/>\n<meta property=\"og:title\" content=\"\u00c7erez Politikas\u0131 - ITG Resmi Websitesi\" \/>\n<meta property=\"og:description\" content=\"Web sitemizi en verimli \u015fekilde kullanmak ve kullan\u0131c\u0131 deneyiminizi geli\u015ftirmek i\u00e7in \u00c7erezleri kullan\u0131yoruz. \u00c7erez kullanmay\u0131 tercih etmiyorsan\u0131z, taray\u0131c\u0131n\u0131z\u0131n ayarlar\u0131ndan \u00c7erezleri silebilir veya engelleyebilirsiniz. Ancak bunun web sitemizi kullan\u0131m\u0131n\u0131z\u0131 etkileyebilece\u011fini hat\u0131rlatmak isteriz. Taray\u0131c\u0131n\u0131zdan \u00c7erez ayarlar\u0131n\u0131z\u0131 de\u011fi\u015ftirmedi\u011finiz s\u00fcrece, bu sitede \u00e7erez kullan\u0131m\u0131n\u0131 kabul etti\u011finizi varsayaca\u011f\u0131z. VER\u0130 SAH\u0130PLER\u0130N\u0130N K\u0130\u015e\u0130SEL VER\u0130LER\u0130N\u0130N \u0130\u015eLENMES\u0130 Web sitemizi ziyaretiniz s\u0131ras\u0131nda elde edilen ki\u015fisel [&hellip;]\" \/>\n<meta property=\"og:url\" content=\"https:\/\/www.vitg.com\/tr\/cerez-politikasi\/\" \/>\n<meta property=\"og:site_name\" content=\"ITG Resmi Websitesi\" \/>\n<meta property=\"article:publisher\" content=\"https:\/\/www.facebook.com\/ITGInformationTechnology\/?modal=admin_todo_tour\" \/>\n<meta property=\"article:modified_time\" content=\"2021-09-27T14:38:10+00:00\" \/>\n<meta name=\"twitter:card\" content=\"summary_large_image\" \/>\n<meta name=\"twitter:label1\" content=\"Tahmini okuma s\u00fcresi\" \/>\n\t<meta name=\"twitter:data1\" content=\"1 dakika\" \/>\n<script type=\"application\/ld+json\" class=\"yoast-schema-graph\">{\"@context\":\"https:\\\/\\\/schema.org\",\"@graph\":[{\"@type\":\"WebPage\",\"@id\":\"https:\\\/\\\/www.vitg.com\\\/tr\\\/cerez-politikasi\\\/\",\"url\":\"https:\\\/\\\/www.vitg.com\\\/tr\\\/cerez-politikasi\\\/\",\"name\":\"\u00c7erez Politikas\u0131 - ITG Resmi Websitesi\",\"isPartOf\":{\"@id\":\"https:\\\/\\\/www.vitg.com\\\/#website\"},\"datePublished\":\"2021-09-27T14:29:32+00:00\",\"dateModified\":\"2021-09-27T14:38:10+00:00\",\"inLanguage\":\"tr\",\"potentialAction\":[{\"@type\":\"ReadAction\",\"target\":[\"https:\\\/\\\/www.vitg.com\\\/tr\\\/cerez-politikasi\\\/\"]}]},{\"@type\":\"WebSite\",\"@id\":\"https:\\\/\\\/www.vitg.com\\\/#website\",\"url\":\"https:\\\/\\\/www.vitg.com\\\/\",\"name\":\"ITG Resmi Websitesi\",\"description\":\"Bir ba\u015fka WordPress sitesi\",\"potentialAction\":[{\"@type\":\"SearchAction\",\"target\":{\"@type\":\"EntryPoint\",\"urlTemplate\":\"https:\\\/\\\/www.vitg.com\\\/?s={search_term_string}\"},\"query-input\":{\"@type\":\"PropertyValueSpecification\",\"valueRequired\":true,\"valueName\":\"search_term_string\"}}],\"inLanguage\":\"tr\"}]}<\/script>\n<!-- \/ Yoast SEO plugin. -->","yoast_head_json":{"title":"\u00c7erez Politikas\u0131 - ITG Resmi Websitesi","robots":{"index":"index","follow":"follow","max-snippet":"max-snippet:-1","max-image-preview":"max-image-preview:large","max-video-preview":"max-video-preview:-1"},"canonical":"https:\/\/www.vitg.com\/tr\/cerez-politikasi\/","og_locale":"tr_TR","og_type":"article","og_title":"\u00c7erez Politikas\u0131 - ITG Resmi Websitesi","og_description":"Web sitemizi en verimli \u015fekilde kullanmak ve kullan\u0131c\u0131 deneyiminizi geli\u015ftirmek i\u00e7in \u00c7erezleri kullan\u0131yoruz. \u00c7erez kullanmay\u0131 tercih etmiyorsan\u0131z, taray\u0131c\u0131n\u0131z\u0131n ayarlar\u0131ndan \u00c7erezleri silebilir veya engelleyebilirsiniz. Ancak bunun web sitemizi kullan\u0131m\u0131n\u0131z\u0131 etkileyebilece\u011fini hat\u0131rlatmak isteriz. Taray\u0131c\u0131n\u0131zdan \u00c7erez ayarlar\u0131n\u0131z\u0131 de\u011fi\u015ftirmedi\u011finiz s\u00fcrece, bu sitede \u00e7erez kullan\u0131m\u0131n\u0131 kabul etti\u011finizi varsayaca\u011f\u0131z. VER\u0130 SAH\u0130PLER\u0130N\u0130N K\u0130\u015e\u0130SEL VER\u0130LER\u0130N\u0130N \u0130\u015eLENMES\u0130 Web sitemizi ziyaretiniz s\u0131ras\u0131nda elde edilen ki\u015fisel [&hellip;]","og_url":"https:\/\/www.vitg.com\/tr\/cerez-politikasi\/","og_site_name":"ITG Resmi Websitesi","article_publisher":"https:\/\/www.facebook.com\/ITGInformationTechnology\/?modal=admin_todo_tour","article_modified_time":"2021-09-27T14:38:10+00:00","twitter_card":"summary_large_image","twitter_misc":{"Tahmini okuma s\u00fcresi":"1 dakika"},"schema":{"@context":"https:\/\/schema.org","@graph":[{"@type":"WebPage","@id":"https:\/\/www.vitg.com\/tr\/cerez-politikasi\/","url":"https:\/\/www.vitg.com\/tr\/cerez-politikasi\/","name":"\u00c7erez Politikas\u0131 - ITG Resmi Websitesi","isPartOf":{"@id":"https:\/\/www.vitg.com\/#website"},"datePublished":"2021-09-27T14:29:32+00:00","dateModified":"2021-09-27T14:38:10+00:00","inLanguage":"tr","potentialAction":[{"@type":"ReadAction","target":["https:\/\/www.vitg.com\/tr\/cerez-politikasi\/"]}]},{"@type":"WebSite","@id":"https:\/\/www.vitg.com\/#website","url":"https:\/\/www.vitg.com\/","name":"ITG Resmi Websitesi","description":"Bir ba\u015fka WordPress sitesi","potentialAction":[{"@type":"SearchAction","target":{"@type":"EntryPoint","urlTemplate":"https:\/\/www.vitg.com\/?s={search_term_string}"},"query-input":{"@type":"PropertyValueSpecification","valueRequired":true,"valueName":"search_term_string"}}],"inLanguage":"tr"}]}},"_links":{"self":[{"href":"https:\/\/www.vitg.com\/tr\/wp-json\/wp\/v2\/pages\/5269","targetHints":{"allow":["GET"]}}],"collection":[{"href":"https:\/\/www.vitg.com\/tr\/wp-json\/wp\/v2\/pages"}],"about":[{"href":"https:\/\/www.vitg.com\/tr\/wp-json\/wp\/v2\/types\/page"}],"author":[{"embeddable":true,"href":"https:\/\/www.vitg.com\/tr\/wp-json\/wp\/v2\/users\/1"}],"replies":[{"embeddable":true,"href":"https:\/\/www.vitg.com\/tr\/wp-json\/wp\/v2\/comments?post=5269"}],"version-history":[{"count":4,"href":"https:\/\/www.vitg.com\/tr\/wp-json\/wp\/v2\/pages\/5269\/revisions"}],"predecessor-version":[{"id":5273,"href":"https:\/\/www.vitg.com\/tr\/wp-json\/wp\/v2\/pages\/5269\/revisions\/5273"}],"wp:attachment":[{"href":"https:\/\/www.vitg.com\/tr\/wp-json\/wp\/v2\/media?parent=5269"}],"curies":[{"name":"wp","href":"https:\/\/api.w.org\/{rel}","templated":true}]}}