{"id":4130,"date":"2021-04-28T12:55:22","date_gmt":"2021-04-28T09:55:22","guid":{"rendered":"https:\/\/www.vitg.com\/transportation-management\/"},"modified":"2021-09-20T14:10:40","modified_gmt":"2021-09-20T11:10:40","slug":"nakliye-yonetimi","status":"publish","type":"page","link":"https:\/\/www.vitg.com\/tr\/nakliye-yonetimi\/","title":{"rendered":"Nakliye Y\u00f6netimi"},"content":{"rendered":"<h2 style=\"text-align: center;\">INBOUND NAKL\u0130YE VE DI\u015e T\u0130CARET OPERASYONLARINIZI <span style=\"color: #ff0000;\"><span style=\"color: #b80000;\">PLANLAYIN <\/span><\/span>VE <span style=\"color: #ff0000;\"><span style=\"color: #b80000;\">TAK\u0130P ED\u0130N!<\/span><\/span><\/h2>\n<p style=\"text-align: center;\"><strong>\u00a0<\/strong>vSRM&#8217;nin nakliye y\u00f6netimi mod\u00fcl\u00fcyle g\u00f6r\u00fcn\u00fcrl\u00fc\u011f\u00fc ve kontrol\u00fc artt\u0131rarak lojistik operasyonlar\u0131n\u0131z\u0131 optimize edin ve i\u015f ak\u0131\u015f\u0131n\u0131z\u0131 iyile\u015ftirin.<\/p>\n<p style=\"text-align: center;\">\u015eirket i\u00e7i kurumsal kaynak planlama (ERP) yaz\u0131l\u0131mlar\u0131yla entegre edilebilen bulut ortam\u0131nda sunulan nakliye y\u00f6netim\u00a0sistemi\u00a0ile tan\u0131\u015f\u0131n.<\/p>\n<p>&nbsp;<\/p>\n<p style=\"text-align: center;\"><strong><span style=\"font-size: 18pt;\">vSRM Nakliye y\u00f6netimi \u00e7\u00f6z\u00fcm\u00fc ile nakliye ve lojistik harcamalar\u0131n\u0131z\u0131n kontrol\u00fcn\u00fc elinize al\u0131n.<\/span><\/strong><\/p>\n<p style=\"text-align: center;\">\u0130thalat \/ ihracat dosya takibi ile d\u0131\u015f ticaret uygulamalar\u0131ndaki nakliye ve lojistik\u00a0maliyetleri\u00a0ve ithalat dosyas\u0131 baz\u0131nda olu\u015fan\u00a0t\u00fcm masraflar\u0131\u00a0g\u00fcmr\u00fck m\u00fc\u015faviri sistemi\u00a0ile entegre y\u00f6netebilirsiniz.\u00a0Maliyet kalemi teyitleri sonras\u0131 ilgili\u00a0kay\u0131tlar\u0131n ERP sisteminize otomatik aktar\u0131lmas\u0131 sa\u011flan\u0131r.<\/p>\n<p>&nbsp;<\/p>\n<p style=\"text-align: center;\"><span style=\"font-size: 18pt;\"><strong>Lojistik Operasyonlar\u0131n\u0131z\u0131n\u00a0y\u00f6netimini\u00a0kolayla\u015ft\u0131r\u0131n<\/strong> <\/span><\/p>\n<p style=\"text-align: center;\">Milk-Run gibi malzeme toplama\u00a0uygulamalar\u0131n\u0131 tedarik\u00e7i ve di\u011fer i\u015f ortaklar\u0131n\u0131n dahil oldu\u011fu ortamda e\u015fg\u00fcd\u00fcml\u00fc olarak\u00a0planlay\u0131p, y\u00fcr\u00fct\u00fclmesini sa\u011flay\u0131n.<\/p>\n<p style=\"text-align: center;\">Yo\u011fun sevkiyat\u0131n yap\u0131ld\u0131\u011f\u0131 lojistik merkezi, depo ve ma\u011fazalarda tedarik\u00e7ilerin birbirinden habersiz olarak g\u00f6nderdi\u011fi ara\u00e7lar\u0131n sebebiyet verdi\u011fi ara\u00e7 kuyruklar\u0131n\u0131n olu\u015fmas\u0131n\u0131 vSRM Rampa Rezervasyon sistemleri ile engelleyin.<\/p>\n<p>&nbsp;<\/p>\n<p>&nbsp;<\/p>\n<p>&nbsp;<\/p>\n<p>&nbsp;<\/p>\n","protected":false},"excerpt":{"rendered":"<p>INBOUND NAKL\u0130YE VE DI\u015e T\u0130CARET OPERASYONLARINIZI PLANLAYIN VE TAK\u0130P ED\u0130N! \u00a0vSRM&#8217;nin nakliye y\u00f6netimi mod\u00fcl\u00fcyle g\u00f6r\u00fcn\u00fcrl\u00fc\u011f\u00fc ve kontrol\u00fc artt\u0131rarak lojistik operasyonlar\u0131n\u0131z\u0131 optimize edin ve i\u015f ak\u0131\u015f\u0131n\u0131z\u0131 iyile\u015ftirin. \u015eirket i\u00e7i kurumsal kaynak planlama (ERP) yaz\u0131l\u0131mlar\u0131yla entegre edilebilen bulut ortam\u0131nda sunulan nakliye y\u00f6netim\u00a0sistemi\u00a0ile tan\u0131\u015f\u0131n. &nbsp; vSRM Nakliye y\u00f6netimi \u00e7\u00f6z\u00fcm\u00fc ile nakliye ve lojistik harcamalar\u0131n\u0131z\u0131n kontrol\u00fcn\u00fc elinize al\u0131n. \u0130thalat [&hellip;]<\/p>\n","protected":false},"author":1,"featured_media":0,"parent":0,"menu_order":0,"comment_status":"closed","ping_status":"closed","template":"template-solution-main.php","meta":{"footnotes":""},"class_list":["post-4130","page","type-page","status-publish","hentry"],"yoast_head":"<!-- This site is optimized with the Yoast SEO plugin v27.4 - https:\/\/yoast.com\/product\/yoast-seo-wordpress\/ -->\n<title>Nakliye Y\u00f6netimi - ITG Resmi Websitesi<\/title>\n<meta name=\"robots\" content=\"index, follow, max-snippet:-1, max-image-preview:large, max-video-preview:-1\" \/>\n<link rel=\"canonical\" href=\"https:\/\/www.vitg.com\/tr\/nakliye-yonetimi\/\" \/>\n<meta property=\"og:locale\" content=\"tr_TR\" \/>\n<meta property=\"og:type\" content=\"article\" \/>\n<meta property=\"og:title\" content=\"Nakliye Y\u00f6netimi - ITG Resmi Websitesi\" \/>\n<meta property=\"og:description\" content=\"INBOUND NAKL\u0130YE VE DI\u015e T\u0130CARET OPERASYONLARINIZI PLANLAYIN VE TAK\u0130P ED\u0130N! \u00a0vSRM&#8217;nin nakliye y\u00f6netimi mod\u00fcl\u00fcyle g\u00f6r\u00fcn\u00fcrl\u00fc\u011f\u00fc ve kontrol\u00fc artt\u0131rarak lojistik operasyonlar\u0131n\u0131z\u0131 optimize edin ve i\u015f ak\u0131\u015f\u0131n\u0131z\u0131 iyile\u015ftirin. \u015eirket i\u00e7i kurumsal kaynak planlama (ERP) yaz\u0131l\u0131mlar\u0131yla entegre edilebilen bulut ortam\u0131nda sunulan nakliye y\u00f6netim\u00a0sistemi\u00a0ile tan\u0131\u015f\u0131n. &nbsp; vSRM Nakliye y\u00f6netimi \u00e7\u00f6z\u00fcm\u00fc ile nakliye ve lojistik harcamalar\u0131n\u0131z\u0131n kontrol\u00fcn\u00fc elinize al\u0131n. \u0130thalat [&hellip;]\" \/>\n<meta property=\"og:url\" content=\"https:\/\/www.vitg.com\/tr\/nakliye-yonetimi\/\" \/>\n<meta property=\"og:site_name\" content=\"ITG Resmi Websitesi\" \/>\n<meta property=\"article:publisher\" content=\"https:\/\/www.facebook.com\/ITGInformationTechnology\/?modal=admin_todo_tour\" \/>\n<meta property=\"article:modified_time\" content=\"2021-09-20T11:10:40+00:00\" \/>\n<meta name=\"twitter:card\" content=\"summary_large_image\" \/>\n<meta name=\"twitter:label1\" content=\"Tahmini okuma s\u00fcresi\" \/>\n\t<meta name=\"twitter:data1\" content=\"1 dakika\" \/>\n<script type=\"application\/ld+json\" class=\"yoast-schema-graph\">{\"@context\":\"https:\\\/\\\/schema.org\",\"@graph\":[{\"@type\":\"WebPage\",\"@id\":\"https:\\\/\\\/www.vitg.com\\\/tr\\\/nakliye-yonetimi\\\/\",\"url\":\"https:\\\/\\\/www.vitg.com\\\/tr\\\/nakliye-yonetimi\\\/\",\"name\":\"Nakliye Y\u00f6netimi - ITG Resmi Websitesi\",\"isPartOf\":{\"@id\":\"https:\\\/\\\/www.vitg.com\\\/#website\"},\"datePublished\":\"2021-04-28T09:55:22+00:00\",\"dateModified\":\"2021-09-20T11:10:40+00:00\",\"inLanguage\":\"tr\",\"potentialAction\":[{\"@type\":\"ReadAction\",\"target\":[\"https:\\\/\\\/www.vitg.com\\\/tr\\\/nakliye-yonetimi\\\/\"]}]},{\"@type\":\"WebSite\",\"@id\":\"https:\\\/\\\/www.vitg.com\\\/#website\",\"url\":\"https:\\\/\\\/www.vitg.com\\\/\",\"name\":\"ITG Resmi Websitesi\",\"description\":\"Bir ba\u015fka WordPress sitesi\",\"potentialAction\":[{\"@type\":\"SearchAction\",\"target\":{\"@type\":\"EntryPoint\",\"urlTemplate\":\"https:\\\/\\\/www.vitg.com\\\/?s={search_term_string}\"},\"query-input\":{\"@type\":\"PropertyValueSpecification\",\"valueRequired\":true,\"valueName\":\"search_term_string\"}}],\"inLanguage\":\"tr\"}]}<\/script>\n<!-- \/ Yoast SEO plugin. -->","yoast_head_json":{"title":"Nakliye Y\u00f6netimi - ITG Resmi Websitesi","robots":{"index":"index","follow":"follow","max-snippet":"max-snippet:-1","max-image-preview":"max-image-preview:large","max-video-preview":"max-video-preview:-1"},"canonical":"https:\/\/www.vitg.com\/tr\/nakliye-yonetimi\/","og_locale":"tr_TR","og_type":"article","og_title":"Nakliye Y\u00f6netimi - ITG Resmi Websitesi","og_description":"INBOUND NAKL\u0130YE VE DI\u015e T\u0130CARET OPERASYONLARINIZI PLANLAYIN VE TAK\u0130P ED\u0130N! \u00a0vSRM&#8217;nin nakliye y\u00f6netimi mod\u00fcl\u00fcyle g\u00f6r\u00fcn\u00fcrl\u00fc\u011f\u00fc ve kontrol\u00fc artt\u0131rarak lojistik operasyonlar\u0131n\u0131z\u0131 optimize edin ve i\u015f ak\u0131\u015f\u0131n\u0131z\u0131 iyile\u015ftirin. \u015eirket i\u00e7i kurumsal kaynak planlama (ERP) yaz\u0131l\u0131mlar\u0131yla entegre edilebilen bulut ortam\u0131nda sunulan nakliye y\u00f6netim\u00a0sistemi\u00a0ile tan\u0131\u015f\u0131n. &nbsp; vSRM Nakliye y\u00f6netimi \u00e7\u00f6z\u00fcm\u00fc ile nakliye ve lojistik harcamalar\u0131n\u0131z\u0131n kontrol\u00fcn\u00fc elinize al\u0131n. \u0130thalat [&hellip;]","og_url":"https:\/\/www.vitg.com\/tr\/nakliye-yonetimi\/","og_site_name":"ITG Resmi Websitesi","article_publisher":"https:\/\/www.facebook.com\/ITGInformationTechnology\/?modal=admin_todo_tour","article_modified_time":"2021-09-20T11:10:40+00:00","twitter_card":"summary_large_image","twitter_misc":{"Tahmini okuma s\u00fcresi":"1 dakika"},"schema":{"@context":"https:\/\/schema.org","@graph":[{"@type":"WebPage","@id":"https:\/\/www.vitg.com\/tr\/nakliye-yonetimi\/","url":"https:\/\/www.vitg.com\/tr\/nakliye-yonetimi\/","name":"Nakliye Y\u00f6netimi - ITG Resmi Websitesi","isPartOf":{"@id":"https:\/\/www.vitg.com\/#website"},"datePublished":"2021-04-28T09:55:22+00:00","dateModified":"2021-09-20T11:10:40+00:00","inLanguage":"tr","potentialAction":[{"@type":"ReadAction","target":["https:\/\/www.vitg.com\/tr\/nakliye-yonetimi\/"]}]},{"@type":"WebSite","@id":"https:\/\/www.vitg.com\/#website","url":"https:\/\/www.vitg.com\/","name":"ITG Resmi Websitesi","description":"Bir ba\u015fka WordPress sitesi","potentialAction":[{"@type":"SearchAction","target":{"@type":"EntryPoint","urlTemplate":"https:\/\/www.vitg.com\/?s={search_term_string}"},"query-input":{"@type":"PropertyValueSpecification","valueRequired":true,"valueName":"search_term_string"}}],"inLanguage":"tr"}]}},"_links":{"self":[{"href":"https:\/\/www.vitg.com\/tr\/wp-json\/wp\/v2\/pages\/4130","targetHints":{"allow":["GET"]}}],"collection":[{"href":"https:\/\/www.vitg.com\/tr\/wp-json\/wp\/v2\/pages"}],"about":[{"href":"https:\/\/www.vitg.com\/tr\/wp-json\/wp\/v2\/types\/page"}],"author":[{"embeddable":true,"href":"https:\/\/www.vitg.com\/tr\/wp-json\/wp\/v2\/users\/1"}],"replies":[{"embeddable":true,"href":"https:\/\/www.vitg.com\/tr\/wp-json\/wp\/v2\/comments?post=4130"}],"version-history":[{"count":15,"href":"https:\/\/www.vitg.com\/tr\/wp-json\/wp\/v2\/pages\/4130\/revisions"}],"predecessor-version":[{"id":5174,"href":"https:\/\/www.vitg.com\/tr\/wp-json\/wp\/v2\/pages\/4130\/revisions\/5174"}],"wp:attachment":[{"href":"https:\/\/www.vitg.com\/tr\/wp-json\/wp\/v2\/media?parent=4130"}],"curies":[{"name":"wp","href":"https:\/\/api.w.org\/{rel}","templated":true}]}}