{"id":4127,"date":"2021-03-08T16:05:17","date_gmt":"2021-03-08T13:05:17","guid":{"rendered":"https:\/\/www.vitg.com\/supply-chain-solutions\/"},"modified":"2021-09-02T00:26:52","modified_gmt":"2021-09-01T21:26:52","slug":"tedarik-zinciri-cozumleri","status":"publish","type":"page","link":"https:\/\/www.vitg.com\/tr\/tedarik-zinciri-cozumleri\/","title":{"rendered":"Tedarik Zinciri \u00c7\u00f6z\u00fcmleri"},"content":{"rendered":"<h2 style=\"text-align: center;\"><span style=\"color: #b80000;\">D\u00dcNYA KLASMANINDA \u00dcRET\u0130M STANDARTLARINI<\/span> UYGULAMANIZ \u0130\u00c7\u0130N YARDIMCINIZ OLAN \u00c7\u00d6Z\u00dcMLER<\/h2>\n<p>&nbsp;<\/p>\n<p style=\"text-align: center;\"><strong>Geli\u015fmi\u015f tedarik zinciri uygulamalar\u0131n\u0131n uygulanmas\u0131 basitle\u015ftirildi<\/strong><\/p>\n<p style=\"text-align: center;\">Geli\u015fmi\u015f tedarik zinciri uygulamalar\u0131n\u0131n uygulanmas\u0131 basitle\u015ftirilmi\u015ftir. Tek bir vSRM platformunda eKanban, JIT ve JIT teslimat \u00e7a\u011fr\u0131lar\u0131 i\u00e7in t\u00fcm do\u011frudan malzeme tedarik\u00e7ilerinizle ger\u00e7ek zamanl\u0131 i\u015fbirli\u011fi. Tedarik\u00e7ilerinizin bu t\u00fcr geli\u015fmi\u015f i\u015flemlere uyum sa\u011flamas\u0131 ve sizi desteklemesi de kolayd\u0131r.<\/p>\n<p>&nbsp;<\/p>\n<p style=\"text-align: center;\"><strong>Operasyonel M\u00fckemmellik ve Stok seviyelerini d\u00fc\u015f\u00fcrme<\/strong><\/p>\n<p style=\"text-align: center;\">vSRM&#8217;nin VMI, Konsinye sto\u011fu, eKanban ve otomatik yenileme mekanizmalar\u0131, SADECE malzemelere ihtiya\u00e7 duyuldu\u011funda daha s\u0131k sevkiyata izin verir. JUST IN TIME yakla\u015f\u0131m\u0131 ile \u00fcretim faaliyetlerini kesintiye u\u011fratmadan stok seviyelerini azaltabilirsiniz.<\/p>\n","protected":false},"excerpt":{"rendered":"<p>D\u00dcNYA KLASMANINDA \u00dcRET\u0130M STANDARTLARINI UYGULAMANIZ \u0130\u00c7\u0130N YARDIMCINIZ OLAN \u00c7\u00d6Z\u00dcMLER &nbsp; Geli\u015fmi\u015f tedarik zinciri uygulamalar\u0131n\u0131n uygulanmas\u0131 basitle\u015ftirildi Geli\u015fmi\u015f tedarik zinciri uygulamalar\u0131n\u0131n uygulanmas\u0131 basitle\u015ftirilmi\u015ftir. Tek bir vSRM platformunda eKanban, JIT ve JIT teslimat \u00e7a\u011fr\u0131lar\u0131 i\u00e7in t\u00fcm do\u011frudan malzeme tedarik\u00e7ilerinizle ger\u00e7ek zamanl\u0131 i\u015fbirli\u011fi. Tedarik\u00e7ilerinizin bu t\u00fcr geli\u015fmi\u015f i\u015flemlere uyum sa\u011flamas\u0131 ve sizi desteklemesi de kolayd\u0131r. &nbsp; Operasyonel M\u00fckemmellik [&hellip;]<\/p>\n","protected":false},"author":1,"featured_media":0,"parent":0,"menu_order":0,"comment_status":"closed","ping_status":"closed","template":"template-solution-main.php","meta":{"footnotes":""},"class_list":["post-4127","page","type-page","status-publish","hentry"],"yoast_head":"<!-- This site is optimized with the Yoast SEO plugin v27.4 - https:\/\/yoast.com\/product\/yoast-seo-wordpress\/ -->\n<title>Tedarik Zinciri \u00c7\u00f6z\u00fcmleri - ITG Resmi Websitesi<\/title>\n<meta name=\"robots\" content=\"index, follow, max-snippet:-1, max-image-preview:large, max-video-preview:-1\" \/>\n<link rel=\"canonical\" href=\"https:\/\/www.vitg.com\/tr\/tedarik-zinciri-cozumleri\/\" \/>\n<meta property=\"og:locale\" content=\"tr_TR\" \/>\n<meta property=\"og:type\" content=\"article\" \/>\n<meta property=\"og:title\" content=\"Tedarik Zinciri \u00c7\u00f6z\u00fcmleri - ITG Resmi Websitesi\" \/>\n<meta property=\"og:description\" content=\"D\u00dcNYA KLASMANINDA \u00dcRET\u0130M STANDARTLARINI UYGULAMANIZ \u0130\u00c7\u0130N YARDIMCINIZ OLAN \u00c7\u00d6Z\u00dcMLER &nbsp; Geli\u015fmi\u015f tedarik zinciri uygulamalar\u0131n\u0131n uygulanmas\u0131 basitle\u015ftirildi Geli\u015fmi\u015f tedarik zinciri uygulamalar\u0131n\u0131n uygulanmas\u0131 basitle\u015ftirilmi\u015ftir. Tek bir vSRM platformunda eKanban, JIT ve JIT teslimat \u00e7a\u011fr\u0131lar\u0131 i\u00e7in t\u00fcm do\u011frudan malzeme tedarik\u00e7ilerinizle ger\u00e7ek zamanl\u0131 i\u015fbirli\u011fi. Tedarik\u00e7ilerinizin bu t\u00fcr geli\u015fmi\u015f i\u015flemlere uyum sa\u011flamas\u0131 ve sizi desteklemesi de kolayd\u0131r. &nbsp; Operasyonel M\u00fckemmellik [&hellip;]\" \/>\n<meta property=\"og:url\" content=\"https:\/\/www.vitg.com\/tr\/tedarik-zinciri-cozumleri\/\" \/>\n<meta property=\"og:site_name\" content=\"ITG Resmi Websitesi\" \/>\n<meta property=\"article:publisher\" content=\"https:\/\/www.facebook.com\/ITGInformationTechnology\/?modal=admin_todo_tour\" \/>\n<meta property=\"article:modified_time\" content=\"2021-09-01T21:26:52+00:00\" \/>\n<meta name=\"twitter:card\" content=\"summary_large_image\" \/>\n<meta name=\"twitter:label1\" content=\"Tahmini okuma s\u00fcresi\" \/>\n\t<meta name=\"twitter:data1\" content=\"1 dakika\" \/>\n<script type=\"application\/ld+json\" class=\"yoast-schema-graph\">{\"@context\":\"https:\\\/\\\/schema.org\",\"@graph\":[{\"@type\":\"WebPage\",\"@id\":\"https:\\\/\\\/www.vitg.com\\\/tr\\\/tedarik-zinciri-cozumleri\\\/\",\"url\":\"https:\\\/\\\/www.vitg.com\\\/tr\\\/tedarik-zinciri-cozumleri\\\/\",\"name\":\"Tedarik Zinciri \u00c7\u00f6z\u00fcmleri - ITG Resmi Websitesi\",\"isPartOf\":{\"@id\":\"https:\\\/\\\/www.vitg.com\\\/#website\"},\"datePublished\":\"2021-03-08T13:05:17+00:00\",\"dateModified\":\"2021-09-01T21:26:52+00:00\",\"inLanguage\":\"tr\",\"potentialAction\":[{\"@type\":\"ReadAction\",\"target\":[\"https:\\\/\\\/www.vitg.com\\\/tr\\\/tedarik-zinciri-cozumleri\\\/\"]}]},{\"@type\":\"WebSite\",\"@id\":\"https:\\\/\\\/www.vitg.com\\\/#website\",\"url\":\"https:\\\/\\\/www.vitg.com\\\/\",\"name\":\"ITG Resmi Websitesi\",\"description\":\"Bir ba\u015fka WordPress sitesi\",\"potentialAction\":[{\"@type\":\"SearchAction\",\"target\":{\"@type\":\"EntryPoint\",\"urlTemplate\":\"https:\\\/\\\/www.vitg.com\\\/?s={search_term_string}\"},\"query-input\":{\"@type\":\"PropertyValueSpecification\",\"valueRequired\":true,\"valueName\":\"search_term_string\"}}],\"inLanguage\":\"tr\"}]}<\/script>\n<!-- \/ Yoast SEO plugin. -->","yoast_head_json":{"title":"Tedarik Zinciri \u00c7\u00f6z\u00fcmleri - ITG Resmi Websitesi","robots":{"index":"index","follow":"follow","max-snippet":"max-snippet:-1","max-image-preview":"max-image-preview:large","max-video-preview":"max-video-preview:-1"},"canonical":"https:\/\/www.vitg.com\/tr\/tedarik-zinciri-cozumleri\/","og_locale":"tr_TR","og_type":"article","og_title":"Tedarik Zinciri \u00c7\u00f6z\u00fcmleri - ITG Resmi Websitesi","og_description":"D\u00dcNYA KLASMANINDA \u00dcRET\u0130M STANDARTLARINI UYGULAMANIZ \u0130\u00c7\u0130N YARDIMCINIZ OLAN \u00c7\u00d6Z\u00dcMLER &nbsp; Geli\u015fmi\u015f tedarik zinciri uygulamalar\u0131n\u0131n uygulanmas\u0131 basitle\u015ftirildi Geli\u015fmi\u015f tedarik zinciri uygulamalar\u0131n\u0131n uygulanmas\u0131 basitle\u015ftirilmi\u015ftir. Tek bir vSRM platformunda eKanban, JIT ve JIT teslimat \u00e7a\u011fr\u0131lar\u0131 i\u00e7in t\u00fcm do\u011frudan malzeme tedarik\u00e7ilerinizle ger\u00e7ek zamanl\u0131 i\u015fbirli\u011fi. Tedarik\u00e7ilerinizin bu t\u00fcr geli\u015fmi\u015f i\u015flemlere uyum sa\u011flamas\u0131 ve sizi desteklemesi de kolayd\u0131r. &nbsp; Operasyonel M\u00fckemmellik [&hellip;]","og_url":"https:\/\/www.vitg.com\/tr\/tedarik-zinciri-cozumleri\/","og_site_name":"ITG Resmi Websitesi","article_publisher":"https:\/\/www.facebook.com\/ITGInformationTechnology\/?modal=admin_todo_tour","article_modified_time":"2021-09-01T21:26:52+00:00","twitter_card":"summary_large_image","twitter_misc":{"Tahmini okuma s\u00fcresi":"1 dakika"},"schema":{"@context":"https:\/\/schema.org","@graph":[{"@type":"WebPage","@id":"https:\/\/www.vitg.com\/tr\/tedarik-zinciri-cozumleri\/","url":"https:\/\/www.vitg.com\/tr\/tedarik-zinciri-cozumleri\/","name":"Tedarik Zinciri \u00c7\u00f6z\u00fcmleri - ITG Resmi Websitesi","isPartOf":{"@id":"https:\/\/www.vitg.com\/#website"},"datePublished":"2021-03-08T13:05:17+00:00","dateModified":"2021-09-01T21:26:52+00:00","inLanguage":"tr","potentialAction":[{"@type":"ReadAction","target":["https:\/\/www.vitg.com\/tr\/tedarik-zinciri-cozumleri\/"]}]},{"@type":"WebSite","@id":"https:\/\/www.vitg.com\/#website","url":"https:\/\/www.vitg.com\/","name":"ITG Resmi Websitesi","description":"Bir ba\u015fka WordPress sitesi","potentialAction":[{"@type":"SearchAction","target":{"@type":"EntryPoint","urlTemplate":"https:\/\/www.vitg.com\/?s={search_term_string}"},"query-input":{"@type":"PropertyValueSpecification","valueRequired":true,"valueName":"search_term_string"}}],"inLanguage":"tr"}]}},"_links":{"self":[{"href":"https:\/\/www.vitg.com\/tr\/wp-json\/wp\/v2\/pages\/4127","targetHints":{"allow":["GET"]}}],"collection":[{"href":"https:\/\/www.vitg.com\/tr\/wp-json\/wp\/v2\/pages"}],"about":[{"href":"https:\/\/www.vitg.com\/tr\/wp-json\/wp\/v2\/types\/page"}],"author":[{"embeddable":true,"href":"https:\/\/www.vitg.com\/tr\/wp-json\/wp\/v2\/users\/1"}],"replies":[{"embeddable":true,"href":"https:\/\/www.vitg.com\/tr\/wp-json\/wp\/v2\/comments?post=4127"}],"version-history":[{"count":11,"href":"https:\/\/www.vitg.com\/tr\/wp-json\/wp\/v2\/pages\/4127\/revisions"}],"predecessor-version":[{"id":4728,"href":"https:\/\/www.vitg.com\/tr\/wp-json\/wp\/v2\/pages\/4127\/revisions\/4728"}],"wp:attachment":[{"href":"https:\/\/www.vitg.com\/tr\/wp-json\/wp\/v2\/media?parent=4127"}],"curies":[{"name":"wp","href":"https:\/\/api.w.org\/{rel}","templated":true}]}}