{"id":4124,"date":"2021-03-08T01:04:23","date_gmt":"2021-03-07T22:04:23","guid":{"rendered":"https:\/\/www.vitg.com\/operational-process-management\/"},"modified":"2021-09-01T08:42:55","modified_gmt":"2021-09-01T05:42:55","slug":"operasyonel-surec-yonetimi","status":"publish","type":"page","link":"https:\/\/www.vitg.com\/tr\/operasyonel-surec-yonetimi\/","title":{"rendered":"Operasyonel S\u00fcre\u00e7 Y\u00f6netimi"},"content":{"rendered":"<h2 style=\"text-align: center;\">S\u0130PAR\u0130\u015e Y\u00d6NET\u0130M\u0130NDE <span style=\"color: #b80000;\">D\u0130J\u0130TAL D\u00d6N\u00dc\u015e\u00dcM<\/span><\/h2>\n<p>&nbsp;<\/p>\n<p style=\"text-align: center;\"><strong>Ger\u00e7ek zamanl\u0131 i\u015f birli\u011fi ile ba\u015far\u0131y\u0131 yakalay\u0131n!<\/strong><\/p>\n<p style=\"text-align: center;\">vSRM\u00a0Operasyonel S\u00fcre\u00e7lerin y\u00f6netimi; sat\u0131nalma sipari\u015fi, sat\u0131nalma tahminleri,\u00a0teslimat programlar\u0131\u00a0ve tam zaman\u0131nda ger\u00e7ekle\u015ftirilmesi gereken\u00a0teslimatlar\u0131n y\u00f6netimini\u00a0ERP sisteminiz ile entegre bir \u015fekilde tedarik s\u00fcre\u00e7lerinizi tedarik\u00e7ilerinizle ger\u00e7ek zamanl\u0131 olarak dijital bir ortamda y\u00f6netmenizi sa\u011flar.<\/p>\n<p>&nbsp;<\/p>\n<p style=\"text-align: center;\"><strong><span style=\"font-size: 18pt;\">Esnek operasyonel s\u00fcre\u00e7 y\u00f6netimi<\/span><\/strong><\/p>\n<p>&nbsp;<\/p>\n<p style=\"text-align: center;\">vSRM, ger\u00e7ek zamanl\u0131 veri g\u00f6r\u00fcn\u00fcrl\u00fc\u011f\u00fc ile dijital ortamda operasyonlar\u0131n\u0131z\u0131 y\u00f6netirken,\u00a0de\u011fi\u015fkenlikleri ve teslimat planlar\u0131ndaki\u00a0de\u011fi\u015fiklikleri\u00a0h\u0131zl\u0131 bir bi\u00e7imde y\u00f6netmenizi \u00a0sa\u011flayarak \u00e7evikli\u011finizi \u00a0ve esnekli\u011finizi artt\u0131r\u0131r.<\/p>\n<p style=\"text-align: center;\">Tedarik\u00e7ilerinizin ger\u00e7ekle\u015fen de\u011fi\u015fiklikleri e\u015f zamanl\u0131 olarak g\u00f6rmeleri ve \u00fcretim de\u011fi\u015fikliklerinizi desteklemek i\u00e7in h\u0131zl\u0131 aksiyon almalar\u0131 sa\u011flan\u0131r.<\/p>\n<p style=\"text-align: center;\">Acil, kesin, planlanan ve tahmin edilen sipari\u015f bilgileri tedarik\u00e7ilerle payla\u015f\u0131l\u0131r. Sevk edilen, yolda, kabul edilen, kalite kontrol i\u00e7in bekleyen, iade edilen \u00fcr\u00fcnlerin detayl\u0131 takibi\u00a0ve sipari\u015f bakiye kontrolleri tedarik\u00e7iler ile ayn\u0131 veriye bak\u0131larak\u00a0e\u015fg\u00fcd\u00fcml\u00fc y\u00fcr\u00fct\u00fcl\u00fcr.<\/p>\n<p>&nbsp;<\/p>\n<p style=\"text-align: center;\"><strong><span style=\"font-size: 18pt;\">Sipari\u015f kilometre ta\u015flar\u0131 ile u\u00e7tan uca sipari\u015f takibi<\/span><\/strong><\/p>\n<p>&nbsp;<\/p>\n<p style=\"text-align: center;\"><strong>Fason \u00fcretimde takibinizi ve izlenebilirli\u011fi art\u0131r\u0131n!<\/strong><\/p>\n<p style=\"text-align: center;\">Fason \u00fcretim i\u00e7in tedarik\u00e7ilere tranfer etmi\u015f oldu\u011funuz hammadde envanterini y\u00f6netin.<\/p>\n<p style=\"text-align: center;\">\u00d6ng\u00f6r\u00fclen sipari\u015flerinize g\u00f6re tedarik\u00e7ilerin yeni malzeme\u00a0ihtiya\u00e7lar\u0131n\u0131\u00a0hesaplayarak g\u00f6nderimlerini y\u00f6netin.<\/p>\n<p style=\"text-align: center;\">Fason \u00fcretim\u00a0lokasyonunda yap\u0131lan \u00fcretim i\u015flemlerinin\u00a0durumlar\u0131n\u0131 takip edin. \u00dcr\u00fcn izlenebilirli\u011fini fason \u00fcretim a\u015famalar\u0131nda da sa\u011flay\u0131n.<\/p>\n<p>&nbsp;<\/p>\n<p style=\"text-align: center;\"><strong>Tedarik\u00e7i \u00fcr\u00fcn bilgileri y\u00f6netimi ile perakende sekt\u00f6r\u00fcnde k\u0131sa s\u00fcrede daha fazla \u00fcr\u00fcn\u00fc sat\u0131\u015f portf\u00f6y\u00fcn\u00fcze kat\u0131n!.\u00a0<\/strong><b><\/b><strong><b>\u00a0<\/b><\/strong><\/p>\n<p style=\"text-align: center;\">Online sat\u0131\u015f kanallar\u0131 ve ma\u011fazalarda sat\u0131\u015fa sunulacak\u00a0olan \u00fcr\u00fcnlerin temel verilerinin\u00a0y\u00f6netimi ve yeni \u00fcr\u00fcn \u00f6nerileri tedarik\u00e7iler taraf\u0131ndan yap\u0131labilir. T\u00fcm departmanlar\u0131n ve sat\u0131\u015f kanallar\u0131n\u0131n ihtiya\u00e7 duydu\u011fu bilgiler tedarik\u00e7iler taraf\u0131ndan\u00a0online sa\u011flanmaktad\u0131r: \u00dcr\u00fcn \u00f6zellik setleri, \u00fcr\u00fcn g\u00f6rselleri, barkod de\u011fi\u015fiklikleri, ambalaj bilgileri, hacim, a\u011f\u0131rl\u0131k vb.<\/p>\n","protected":false},"excerpt":{"rendered":"<p>S\u0130PAR\u0130\u015e Y\u00d6NET\u0130M\u0130NDE D\u0130J\u0130TAL D\u00d6N\u00dc\u015e\u00dcM &nbsp; Ger\u00e7ek zamanl\u0131 i\u015f birli\u011fi ile ba\u015far\u0131y\u0131 yakalay\u0131n! vSRM\u00a0Operasyonel S\u00fcre\u00e7lerin y\u00f6netimi; sat\u0131nalma sipari\u015fi, sat\u0131nalma tahminleri,\u00a0teslimat programlar\u0131\u00a0ve tam zaman\u0131nda ger\u00e7ekle\u015ftirilmesi gereken\u00a0teslimatlar\u0131n y\u00f6netimini\u00a0ERP sisteminiz ile entegre bir \u015fekilde tedarik s\u00fcre\u00e7lerinizi tedarik\u00e7ilerinizle ger\u00e7ek zamanl\u0131 olarak dijital bir ortamda y\u00f6netmenizi sa\u011flar. &nbsp; Esnek operasyonel s\u00fcre\u00e7 y\u00f6netimi &nbsp; vSRM, ger\u00e7ek zamanl\u0131 veri g\u00f6r\u00fcn\u00fcrl\u00fc\u011f\u00fc ile dijital ortamda [&hellip;]<\/p>\n","protected":false},"author":1,"featured_media":0,"parent":0,"menu_order":0,"comment_status":"closed","ping_status":"closed","template":"template-solution-main.php","meta":{"footnotes":""},"class_list":["post-4124","page","type-page","status-publish","hentry"],"yoast_head":"<!-- This site is optimized with the Yoast SEO plugin v27.4 - https:\/\/yoast.com\/product\/yoast-seo-wordpress\/ -->\n<title>Operasyonel S\u00fcre\u00e7 Y\u00f6netimi - ITG Resmi Websitesi<\/title>\n<meta name=\"robots\" content=\"index, follow, max-snippet:-1, max-image-preview:large, max-video-preview:-1\" \/>\n<link rel=\"canonical\" href=\"https:\/\/www.vitg.com\/tr\/operasyonel-surec-yonetimi\/\" \/>\n<meta property=\"og:locale\" content=\"tr_TR\" \/>\n<meta property=\"og:type\" content=\"article\" \/>\n<meta property=\"og:title\" content=\"Operasyonel S\u00fcre\u00e7 Y\u00f6netimi - ITG Resmi Websitesi\" \/>\n<meta property=\"og:description\" content=\"S\u0130PAR\u0130\u015e Y\u00d6NET\u0130M\u0130NDE D\u0130J\u0130TAL D\u00d6N\u00dc\u015e\u00dcM &nbsp; Ger\u00e7ek zamanl\u0131 i\u015f birli\u011fi ile ba\u015far\u0131y\u0131 yakalay\u0131n! vSRM\u00a0Operasyonel S\u00fcre\u00e7lerin y\u00f6netimi; sat\u0131nalma sipari\u015fi, sat\u0131nalma tahminleri,\u00a0teslimat programlar\u0131\u00a0ve tam zaman\u0131nda ger\u00e7ekle\u015ftirilmesi gereken\u00a0teslimatlar\u0131n y\u00f6netimini\u00a0ERP sisteminiz ile entegre bir \u015fekilde tedarik s\u00fcre\u00e7lerinizi tedarik\u00e7ilerinizle ger\u00e7ek zamanl\u0131 olarak dijital bir ortamda y\u00f6netmenizi sa\u011flar. &nbsp; Esnek operasyonel s\u00fcre\u00e7 y\u00f6netimi &nbsp; vSRM, ger\u00e7ek zamanl\u0131 veri g\u00f6r\u00fcn\u00fcrl\u00fc\u011f\u00fc ile dijital ortamda [&hellip;]\" \/>\n<meta property=\"og:url\" content=\"https:\/\/www.vitg.com\/tr\/operasyonel-surec-yonetimi\/\" \/>\n<meta property=\"og:site_name\" content=\"ITG Resmi Websitesi\" \/>\n<meta property=\"article:publisher\" content=\"https:\/\/www.facebook.com\/ITGInformationTechnology\/?modal=admin_todo_tour\" \/>\n<meta property=\"article:modified_time\" content=\"2021-09-01T05:42:55+00:00\" \/>\n<meta name=\"twitter:card\" content=\"summary_large_image\" \/>\n<meta name=\"twitter:label1\" content=\"Tahmini okuma s\u00fcresi\" \/>\n\t<meta name=\"twitter:data1\" content=\"2 dakika\" \/>\n<script type=\"application\/ld+json\" class=\"yoast-schema-graph\">{\"@context\":\"https:\\\/\\\/schema.org\",\"@graph\":[{\"@type\":\"WebPage\",\"@id\":\"https:\\\/\\\/www.vitg.com\\\/tr\\\/operasyonel-surec-yonetimi\\\/\",\"url\":\"https:\\\/\\\/www.vitg.com\\\/tr\\\/operasyonel-surec-yonetimi\\\/\",\"name\":\"Operasyonel S\u00fcre\u00e7 Y\u00f6netimi - ITG Resmi Websitesi\",\"isPartOf\":{\"@id\":\"https:\\\/\\\/www.vitg.com\\\/#website\"},\"datePublished\":\"2021-03-07T22:04:23+00:00\",\"dateModified\":\"2021-09-01T05:42:55+00:00\",\"inLanguage\":\"tr\",\"potentialAction\":[{\"@type\":\"ReadAction\",\"target\":[\"https:\\\/\\\/www.vitg.com\\\/tr\\\/operasyonel-surec-yonetimi\\\/\"]}]},{\"@type\":\"WebSite\",\"@id\":\"https:\\\/\\\/www.vitg.com\\\/#website\",\"url\":\"https:\\\/\\\/www.vitg.com\\\/\",\"name\":\"ITG Resmi Websitesi\",\"description\":\"Bir ba\u015fka WordPress sitesi\",\"potentialAction\":[{\"@type\":\"SearchAction\",\"target\":{\"@type\":\"EntryPoint\",\"urlTemplate\":\"https:\\\/\\\/www.vitg.com\\\/?s={search_term_string}\"},\"query-input\":{\"@type\":\"PropertyValueSpecification\",\"valueRequired\":true,\"valueName\":\"search_term_string\"}}],\"inLanguage\":\"tr\"}]}<\/script>\n<!-- \/ Yoast SEO plugin. -->","yoast_head_json":{"title":"Operasyonel S\u00fcre\u00e7 Y\u00f6netimi - ITG Resmi Websitesi","robots":{"index":"index","follow":"follow","max-snippet":"max-snippet:-1","max-image-preview":"max-image-preview:large","max-video-preview":"max-video-preview:-1"},"canonical":"https:\/\/www.vitg.com\/tr\/operasyonel-surec-yonetimi\/","og_locale":"tr_TR","og_type":"article","og_title":"Operasyonel S\u00fcre\u00e7 Y\u00f6netimi - ITG Resmi Websitesi","og_description":"S\u0130PAR\u0130\u015e Y\u00d6NET\u0130M\u0130NDE D\u0130J\u0130TAL D\u00d6N\u00dc\u015e\u00dcM &nbsp; Ger\u00e7ek zamanl\u0131 i\u015f birli\u011fi ile ba\u015far\u0131y\u0131 yakalay\u0131n! vSRM\u00a0Operasyonel S\u00fcre\u00e7lerin y\u00f6netimi; sat\u0131nalma sipari\u015fi, sat\u0131nalma tahminleri,\u00a0teslimat programlar\u0131\u00a0ve tam zaman\u0131nda ger\u00e7ekle\u015ftirilmesi gereken\u00a0teslimatlar\u0131n y\u00f6netimini\u00a0ERP sisteminiz ile entegre bir \u015fekilde tedarik s\u00fcre\u00e7lerinizi tedarik\u00e7ilerinizle ger\u00e7ek zamanl\u0131 olarak dijital bir ortamda y\u00f6netmenizi sa\u011flar. &nbsp; Esnek operasyonel s\u00fcre\u00e7 y\u00f6netimi &nbsp; vSRM, ger\u00e7ek zamanl\u0131 veri g\u00f6r\u00fcn\u00fcrl\u00fc\u011f\u00fc ile dijital ortamda [&hellip;]","og_url":"https:\/\/www.vitg.com\/tr\/operasyonel-surec-yonetimi\/","og_site_name":"ITG Resmi Websitesi","article_publisher":"https:\/\/www.facebook.com\/ITGInformationTechnology\/?modal=admin_todo_tour","article_modified_time":"2021-09-01T05:42:55+00:00","twitter_card":"summary_large_image","twitter_misc":{"Tahmini okuma s\u00fcresi":"2 dakika"},"schema":{"@context":"https:\/\/schema.org","@graph":[{"@type":"WebPage","@id":"https:\/\/www.vitg.com\/tr\/operasyonel-surec-yonetimi\/","url":"https:\/\/www.vitg.com\/tr\/operasyonel-surec-yonetimi\/","name":"Operasyonel S\u00fcre\u00e7 Y\u00f6netimi - ITG Resmi Websitesi","isPartOf":{"@id":"https:\/\/www.vitg.com\/#website"},"datePublished":"2021-03-07T22:04:23+00:00","dateModified":"2021-09-01T05:42:55+00:00","inLanguage":"tr","potentialAction":[{"@type":"ReadAction","target":["https:\/\/www.vitg.com\/tr\/operasyonel-surec-yonetimi\/"]}]},{"@type":"WebSite","@id":"https:\/\/www.vitg.com\/#website","url":"https:\/\/www.vitg.com\/","name":"ITG Resmi Websitesi","description":"Bir ba\u015fka WordPress sitesi","potentialAction":[{"@type":"SearchAction","target":{"@type":"EntryPoint","urlTemplate":"https:\/\/www.vitg.com\/?s={search_term_string}"},"query-input":{"@type":"PropertyValueSpecification","valueRequired":true,"valueName":"search_term_string"}}],"inLanguage":"tr"}]}},"_links":{"self":[{"href":"https:\/\/www.vitg.com\/tr\/wp-json\/wp\/v2\/pages\/4124","targetHints":{"allow":["GET"]}}],"collection":[{"href":"https:\/\/www.vitg.com\/tr\/wp-json\/wp\/v2\/pages"}],"about":[{"href":"https:\/\/www.vitg.com\/tr\/wp-json\/wp\/v2\/types\/page"}],"author":[{"embeddable":true,"href":"https:\/\/www.vitg.com\/tr\/wp-json\/wp\/v2\/users\/1"}],"replies":[{"embeddable":true,"href":"https:\/\/www.vitg.com\/tr\/wp-json\/wp\/v2\/comments?post=4124"}],"version-history":[{"count":18,"href":"https:\/\/www.vitg.com\/tr\/wp-json\/wp\/v2\/pages\/4124\/revisions"}],"predecessor-version":[{"id":4638,"href":"https:\/\/www.vitg.com\/tr\/wp-json\/wp\/v2\/pages\/4124\/revisions\/4638"}],"wp:attachment":[{"href":"https:\/\/www.vitg.com\/tr\/wp-json\/wp\/v2\/media?parent=4124"}],"curies":[{"name":"wp","href":"https:\/\/api.w.org\/{rel}","templated":true}]}}