{"id":4092,"date":"2021-03-08T16:27:13","date_gmt":"2021-03-08T13:27:13","guid":{"rendered":"https:\/\/www.vitg.com\/collaboration-integrations\/"},"modified":"2021-09-08T22:15:45","modified_gmt":"2021-09-08T19:15:45","slug":"is-birligi-ve-entegrasyonlar","status":"publish","type":"page","link":"https:\/\/www.vitg.com\/tr\/is-birligi-ve-entegrasyonlar\/","title":{"rendered":"\u0130\u015f Birli\u011fi ve Entegrasyonlar"},"content":{"rendered":"<h2 style=\"text-align: center;\">KULLANIMA HAZIR <span style=\"color: #b80000;\">ENTEGRASYON K\u0130TLER\u0130<\/span> VE\u00a0<span style=\"color: #b80000;\">WEB SERV\u0130SLER<\/span> \u0130LE ERP\u00a0S\u0130STEM\u0130N\u0130ZLE <span style=\"color: #b80000;\">HIZLI VE\u00a0KOLAY ENTEGRASYON <\/span>SA\u011eLAYIN<\/h2>\n<p style=\"text-align: center;\">Tedarikten \u00f6demeye, s\u00f6zle\u015fme y\u00f6netimi ve tedarik zinciri i\u015fbirli\u011fi dahil olmak \u00fczere t\u00fcm kullan\u0131m durumlar\u0131 i\u00e7in \u00e7ift y\u00f6nl\u00fc entegrasyonu destekliyoruz. ERP&#8217;niz i\u015finizin merkezindedir. Bu nedenle, en yayg\u0131n ERP temas noktalar\u0131n\u0131n t\u00fcm\u00fc ile u\u00e7tan uca entegrasyon sunuyoruz. ERP \u00fczerine kurulan eklentiler ile entegrasyonlar daha h\u0131zl\u0131 tamamlan\u0131r. SAP ba\u015fta olmak \u00fczere iyi bilinen ve yayg\u0131n olarak kullan\u0131lan ERP Sistemleri ile haz\u0131r entegrasyon kiti sunuyoruz. vSRM, kurumsal kaynak planlama ara\u00e7lar\u0131 ve daha fazlas\u0131yla entegre olarak, m\u00fc\u015fterilerimizin t\u00fcm harcama i\u015f ak\u0131\u015flar\u0131n\u0131 tek bir yerden y\u00f6netebilmelerini sa\u011flar.<\/p>\n<p>&nbsp;<\/p>\n<p style=\"text-align: center;\"><strong><span style=\"font-size: 18pt;\">vSRM ile sipari\u015fler, t\u00fcm tedarik\u00e7ilere farkl\u0131 EDI formatlar\u0131nda aktar\u0131labilir.<\/span><\/strong><\/p>\n<p>&nbsp;<\/p>\n<p style=\"text-align: center;\">Farkl\u0131 b\u00fcy\u00fckl\u00fck ve yap\u0131daki Tedarik\u00e7ilerin EDI ile ilgili beklentilerini kar\u015f\u0131lamak i\u00e7in EDI hizmeti sunulmaktad\u0131r. EDI i\u00e7in ayr\u0131 servisler kullanmaya gerek yoktur. Haz\u0131r Web Servisleri, XML veya Excel ortam\u0131nda veya End\u00fcstri Standard\u0131 EDI formatlar\u0131nda (EDIFACT, ODETTE, VDA, ANSI X.12).<\/p>\n<p style=\"text-align: center;\">Tedarik\u00e7i, sipari\u015f onaylar\u0131nda ERP sistemleri taraf\u0131ndan destekleniyorsa, EDI \u00fczerinden al\u0131nabilir ve vSRM sistemine geri beslenebilir. G\u00f6nderi bildirimleri i\u00e7in EDI hizmetleri de mevcuttur.<\/p>\n<p>&nbsp;<\/p>\n<p style=\"text-align: center;\"><span style=\"font-size: 18pt;\"><strong>\u0130\u015f ortaklar\u0131n\u0131z\u0131n\u00a0sa\u011flamas\u0131 gereken belgeleri y\u00f6netmek art\u0131k \u00e7ok kolay!<\/strong><\/span><\/p>\n<p>&nbsp;<\/p>\n<p style=\"text-align: center;\">Tedarik\u00e7ilerinizin\u00a0ve i\u015f ortaklar\u0131n\u0131z\u0131n\u00a0iletmesi\u00a0gereken\u00a0belgelerin g\u00fcncel durumlar\u0131na an\u0131nda eri\u015febilir, tedarik\u00e7ilerizle h\u0131zl\u0131 ve kolay koordinasyon\u00a0kurabilirsiniz..\u00a0Denetime tabi\u00a0belgeleri\u00a0tek bir platform \u00fczerinden\u00a0talebini\u00a0ve takibini\u00a0sa\u011flayarak\u00a0g\u00fcncel\u00a0i\u015f ak\u0131\u015f\u0131n\u0131\u00a0koruyabilirsiniz.<\/p>\n<p>&nbsp;<\/p>\n<p style=\"text-align: center;\"><strong><span style=\"font-size: 18pt;\">Tedarik\u00e7ilerinizle ileti\u015fimde kalmak hi\u00e7 bu kadar kolay olmam\u0131\u015ft\u0131!<\/span><\/strong><\/p>\n<p>&nbsp;<\/p>\n<p style=\"text-align: center;\">vSRM ile tedarik\u00e7iler ve sat\u0131nalan\u00a0firmalar\u00a0vSRM ile\u00a0ileti\u015fimde verimlilik \u00e7a\u011f\u0131n\u0131 ya\u015f\u0131yor. Tedarik\u00e7i baz\u0131nda veya yurt i\u00e7i\/yurt d\u0131\u015f\u0131 tedarik\u00e7i se\u00e7imi\u00a0yaparak hedefledi\u011finiz tedarik\u00e7ilere toplu e-postalar\u00a0g\u00f6nderebilirsiniz. T\u00fcm tedarik\u00e7ilerinizin ana sayfalar\u0131nda g\u00f6r\u00fcnecek\u00a0\u015fekilde,\u00a0sat\u0131n alma prosed\u00fcrleri vb. her t\u00fcrl\u00fc dok\u00fcman, mal teslim alma g\u00fcnleri, tatiller gibi t\u00fcm hat\u0131rlatmalar\u0131n\u00a0toplu duyurular\u0131n\u0131\u00a0yapabilirsiniz.<\/p>\n<p>&nbsp;<\/p>\n<p style=\"text-align: center;\"><span style=\"font-size: 18pt;\"><strong>Siz ve i\u015f ortaklar\u0131n\u0131z yaln\u0131zca istisnai durumlara odaklan\u0131r ve y\u00f6netirsiniz.<\/strong><\/span><\/p>\n<p>&nbsp;<\/p>\n<p style=\"text-align: center;\">Sistem genelinde y\u00fcr\u00fct\u00fclen t\u00fcm s\u00fcre\u00e7ler i\u00e7in tedarik\u00e7i ve sat\u0131nalan firma\u00a0taraf\u0131nda proaktif mailler olu\u015fturun. Bilgilendirilmesi gereken konular kapsam\u0131nda bilgilendirici e-postalar g\u00f6nderin.<\/p>\n","protected":false},"excerpt":{"rendered":"<p>KULLANIMA HAZIR ENTEGRASYON K\u0130TLER\u0130 VE\u00a0WEB SERV\u0130SLER \u0130LE ERP\u00a0S\u0130STEM\u0130N\u0130ZLE HIZLI VE\u00a0KOLAY ENTEGRASYON SA\u011eLAYIN Tedarikten \u00f6demeye, s\u00f6zle\u015fme y\u00f6netimi ve tedarik zinciri i\u015fbirli\u011fi dahil olmak \u00fczere t\u00fcm kullan\u0131m durumlar\u0131 i\u00e7in \u00e7ift y\u00f6nl\u00fc entegrasyonu destekliyoruz. ERP&#8217;niz i\u015finizin merkezindedir. Bu nedenle, en yayg\u0131n ERP temas noktalar\u0131n\u0131n t\u00fcm\u00fc ile u\u00e7tan uca entegrasyon sunuyoruz. ERP \u00fczerine kurulan eklentiler ile entegrasyonlar daha h\u0131zl\u0131 [&hellip;]<\/p>\n","protected":false},"author":1,"featured_media":0,"parent":0,"menu_order":0,"comment_status":"closed","ping_status":"closed","template":"template-solution-main.php","meta":{"footnotes":""},"class_list":["post-4092","page","type-page","status-publish","hentry"],"yoast_head":"<!-- This site is optimized with the Yoast SEO plugin v27.4 - https:\/\/yoast.com\/product\/yoast-seo-wordpress\/ -->\n<title>\u0130\u015f Birli\u011fi ve Entegrasyonlar - ITG Resmi Websitesi<\/title>\n<meta name=\"robots\" content=\"index, follow, max-snippet:-1, max-image-preview:large, max-video-preview:-1\" \/>\n<link rel=\"canonical\" href=\"https:\/\/www.vitg.com\/tr\/is-birligi-ve-entegrasyonlar\/\" \/>\n<meta property=\"og:locale\" content=\"tr_TR\" \/>\n<meta property=\"og:type\" content=\"article\" \/>\n<meta property=\"og:title\" content=\"\u0130\u015f Birli\u011fi ve Entegrasyonlar - ITG Resmi Websitesi\" \/>\n<meta property=\"og:description\" content=\"KULLANIMA HAZIR ENTEGRASYON K\u0130TLER\u0130 VE\u00a0WEB SERV\u0130SLER \u0130LE ERP\u00a0S\u0130STEM\u0130N\u0130ZLE HIZLI VE\u00a0KOLAY ENTEGRASYON SA\u011eLAYIN Tedarikten \u00f6demeye, s\u00f6zle\u015fme y\u00f6netimi ve tedarik zinciri i\u015fbirli\u011fi dahil olmak \u00fczere t\u00fcm kullan\u0131m durumlar\u0131 i\u00e7in \u00e7ift y\u00f6nl\u00fc entegrasyonu destekliyoruz. ERP&#8217;niz i\u015finizin merkezindedir. Bu nedenle, en yayg\u0131n ERP temas noktalar\u0131n\u0131n t\u00fcm\u00fc ile u\u00e7tan uca entegrasyon sunuyoruz. ERP \u00fczerine kurulan eklentiler ile entegrasyonlar daha h\u0131zl\u0131 [&hellip;]\" \/>\n<meta property=\"og:url\" content=\"https:\/\/www.vitg.com\/tr\/is-birligi-ve-entegrasyonlar\/\" \/>\n<meta property=\"og:site_name\" content=\"ITG Resmi Websitesi\" \/>\n<meta property=\"article:publisher\" content=\"https:\/\/www.facebook.com\/ITGInformationTechnology\/?modal=admin_todo_tour\" \/>\n<meta property=\"article:modified_time\" content=\"2021-09-08T19:15:45+00:00\" \/>\n<meta name=\"twitter:card\" content=\"summary_large_image\" \/>\n<meta name=\"twitter:label1\" content=\"Tahmini okuma s\u00fcresi\" \/>\n\t<meta name=\"twitter:data1\" content=\"2 dakika\" \/>\n<script type=\"application\/ld+json\" class=\"yoast-schema-graph\">{\"@context\":\"https:\\\/\\\/schema.org\",\"@graph\":[{\"@type\":\"WebPage\",\"@id\":\"https:\\\/\\\/www.vitg.com\\\/tr\\\/is-birligi-ve-entegrasyonlar\\\/\",\"url\":\"https:\\\/\\\/www.vitg.com\\\/tr\\\/is-birligi-ve-entegrasyonlar\\\/\",\"name\":\"\u0130\u015f Birli\u011fi ve Entegrasyonlar - ITG Resmi Websitesi\",\"isPartOf\":{\"@id\":\"https:\\\/\\\/www.vitg.com\\\/#website\"},\"datePublished\":\"2021-03-08T13:27:13+00:00\",\"dateModified\":\"2021-09-08T19:15:45+00:00\",\"inLanguage\":\"tr\",\"potentialAction\":[{\"@type\":\"ReadAction\",\"target\":[\"https:\\\/\\\/www.vitg.com\\\/tr\\\/is-birligi-ve-entegrasyonlar\\\/\"]}]},{\"@type\":\"WebSite\",\"@id\":\"https:\\\/\\\/www.vitg.com\\\/#website\",\"url\":\"https:\\\/\\\/www.vitg.com\\\/\",\"name\":\"ITG Resmi Websitesi\",\"description\":\"Bir ba\u015fka WordPress sitesi\",\"potentialAction\":[{\"@type\":\"SearchAction\",\"target\":{\"@type\":\"EntryPoint\",\"urlTemplate\":\"https:\\\/\\\/www.vitg.com\\\/?s={search_term_string}\"},\"query-input\":{\"@type\":\"PropertyValueSpecification\",\"valueRequired\":true,\"valueName\":\"search_term_string\"}}],\"inLanguage\":\"tr\"}]}<\/script>\n<!-- \/ Yoast SEO plugin. -->","yoast_head_json":{"title":"\u0130\u015f Birli\u011fi ve Entegrasyonlar - ITG Resmi Websitesi","robots":{"index":"index","follow":"follow","max-snippet":"max-snippet:-1","max-image-preview":"max-image-preview:large","max-video-preview":"max-video-preview:-1"},"canonical":"https:\/\/www.vitg.com\/tr\/is-birligi-ve-entegrasyonlar\/","og_locale":"tr_TR","og_type":"article","og_title":"\u0130\u015f Birli\u011fi ve Entegrasyonlar - ITG Resmi Websitesi","og_description":"KULLANIMA HAZIR ENTEGRASYON K\u0130TLER\u0130 VE\u00a0WEB SERV\u0130SLER \u0130LE ERP\u00a0S\u0130STEM\u0130N\u0130ZLE HIZLI VE\u00a0KOLAY ENTEGRASYON SA\u011eLAYIN Tedarikten \u00f6demeye, s\u00f6zle\u015fme y\u00f6netimi ve tedarik zinciri i\u015fbirli\u011fi dahil olmak \u00fczere t\u00fcm kullan\u0131m durumlar\u0131 i\u00e7in \u00e7ift y\u00f6nl\u00fc entegrasyonu destekliyoruz. ERP&#8217;niz i\u015finizin merkezindedir. Bu nedenle, en yayg\u0131n ERP temas noktalar\u0131n\u0131n t\u00fcm\u00fc ile u\u00e7tan uca entegrasyon sunuyoruz. ERP \u00fczerine kurulan eklentiler ile entegrasyonlar daha h\u0131zl\u0131 [&hellip;]","og_url":"https:\/\/www.vitg.com\/tr\/is-birligi-ve-entegrasyonlar\/","og_site_name":"ITG Resmi Websitesi","article_publisher":"https:\/\/www.facebook.com\/ITGInformationTechnology\/?modal=admin_todo_tour","article_modified_time":"2021-09-08T19:15:45+00:00","twitter_card":"summary_large_image","twitter_misc":{"Tahmini okuma s\u00fcresi":"2 dakika"},"schema":{"@context":"https:\/\/schema.org","@graph":[{"@type":"WebPage","@id":"https:\/\/www.vitg.com\/tr\/is-birligi-ve-entegrasyonlar\/","url":"https:\/\/www.vitg.com\/tr\/is-birligi-ve-entegrasyonlar\/","name":"\u0130\u015f Birli\u011fi ve Entegrasyonlar - ITG Resmi Websitesi","isPartOf":{"@id":"https:\/\/www.vitg.com\/#website"},"datePublished":"2021-03-08T13:27:13+00:00","dateModified":"2021-09-08T19:15:45+00:00","inLanguage":"tr","potentialAction":[{"@type":"ReadAction","target":["https:\/\/www.vitg.com\/tr\/is-birligi-ve-entegrasyonlar\/"]}]},{"@type":"WebSite","@id":"https:\/\/www.vitg.com\/#website","url":"https:\/\/www.vitg.com\/","name":"ITG Resmi Websitesi","description":"Bir ba\u015fka WordPress sitesi","potentialAction":[{"@type":"SearchAction","target":{"@type":"EntryPoint","urlTemplate":"https:\/\/www.vitg.com\/?s={search_term_string}"},"query-input":{"@type":"PropertyValueSpecification","valueRequired":true,"valueName":"search_term_string"}}],"inLanguage":"tr"}]}},"_links":{"self":[{"href":"https:\/\/www.vitg.com\/tr\/wp-json\/wp\/v2\/pages\/4092","targetHints":{"allow":["GET"]}}],"collection":[{"href":"https:\/\/www.vitg.com\/tr\/wp-json\/wp\/v2\/pages"}],"about":[{"href":"https:\/\/www.vitg.com\/tr\/wp-json\/wp\/v2\/types\/page"}],"author":[{"embeddable":true,"href":"https:\/\/www.vitg.com\/tr\/wp-json\/wp\/v2\/users\/1"}],"replies":[{"embeddable":true,"href":"https:\/\/www.vitg.com\/tr\/wp-json\/wp\/v2\/comments?post=4092"}],"version-history":[{"count":24,"href":"https:\/\/www.vitg.com\/tr\/wp-json\/wp\/v2\/pages\/4092\/revisions"}],"predecessor-version":[{"id":4997,"href":"https:\/\/www.vitg.com\/tr\/wp-json\/wp\/v2\/pages\/4092\/revisions\/4997"}],"wp:attachment":[{"href":"https:\/\/www.vitg.com\/tr\/wp-json\/wp\/v2\/media?parent=4092"}],"curies":[{"name":"wp","href":"https:\/\/api.w.org\/{rel}","templated":true}]}}