{"id":4003,"date":"2021-03-08T16:52:42","date_gmt":"2021-03-08T13:52:42","guid":{"rendered":"https:\/\/www.vitg.com\/retail\/"},"modified":"2021-09-27T16:53:09","modified_gmt":"2021-09-27T13:53:09","slug":"perakende","status":"publish","type":"page","link":"https:\/\/www.vitg.com\/tr\/perakende\/","title":{"rendered":"Perakende"},"content":{"rendered":"<p>Ulusal ve Yerel Zincir Marketler, Teknoloji Marketleri, Yap\u0131 Marketler, kozmetik ve ki\u015fisel bak\u0131m, Ev Tekstili ve g\u0131da zincirleri i\u00e7in haz\u0131r, hemen dahil olabilece\u011finiz, perakende lojisti\u011fine \u00f6zel uygulamalar i\u00e7eren Tedarik\u00e7i Portal\u0131.<\/p>\n<p>Perakende lojisti\u011fi,\u00a0bir \u00fcr\u00fcn\u00fcn \u00fcreticisinden \u00e7\u0131k\u0131p, t\u00fcketici ile bulu\u015funcaya kadar ge\u00e7ti\u011fi t\u00fcm a\u015famalar\u0131\u00a0kapsamaktad\u0131r. Perakende tedarik zinciri bilgi ak\u0131\u015f\u0131n\u0131n etkili ve verimli bir \u015fekilde planlanmas\u0131, uygulanmas\u0131 ve kontrol edilmesi, m\u00fc\u015fteri memnuniyetinin sa\u011flanmas\u0131 ve lojistik maliyetlerinin minimize edilmesi a\u00e7\u0131s\u0131ndan son derece\u00a0\u00f6nemlidir.<\/p>\n<p>Farkl\u0131 b\u00f6lgelerdeki tedarik\u00e7ilerden temin edilen, sirk\u00fclasyonu y\u00fcksek binlerce \u00fcr\u00fcn\u00fcn,\u00a0farkl\u0131 sat\u0131\u015f noktalar\u0131na, zaman\u0131nda ve minimum maliyet ile ula\u015ft\u0131r\u0131lmas\u0131 ve rekabet\u00e7i fiyatlar ile sat\u0131\u015fa sunulabilmesi i\u00e7in;\u00a0tedarik\u00e7i, lojistik firmas\u0131, da\u011f\u0131t\u0131m merkezi ve sat\u0131\u015f noktalar\u0131 gibi tedarik s\u00fcrecindeki\u00a0t\u00fcm\u00a0bile\u015fenleri\u00a0kapsayan, etkile\u015fimli bir tedarik zinciri uygulamas\u0131n\u0131n kullan\u0131lmas\u0131 gerekmektedir..<\/p>\n<p>vSRM\u00a0Perakende Sekt\u00f6r\u00fc Tedarik\u00e7i \u0130li\u015fkileri Y\u00f6netim Platformu bu ama\u00e7 i\u00e7in geli\u015ftirilmi\u015f, perakende lojisti\u011finin gereksinimlerini i\u00e7eren, yerel ve ulusal zincir marketlerinin, teknoloji marketlerinin\u00a0ve\u00a0yap\u0131 marketlerinin, yaz\u0131l\u0131m ve donan\u0131m maliyeti olmaks\u0131z\u0131n dahil olabilecekleri,\u00a0SaaS\u00a0(Software as a Service) modeli ile hizmet veren bir platformdur.<\/p>\n<p>&nbsp;<\/p>\n<p>&nbsp;<\/p>\n","protected":false},"excerpt":{"rendered":"<p>Ulusal ve Yerel Zincir Marketler, Teknoloji Marketleri, Yap\u0131 Marketler, kozmetik ve ki\u015fisel bak\u0131m, Ev Tekstili ve g\u0131da zincirleri i\u00e7in haz\u0131r, hemen dahil olabilece\u011finiz, perakende lojisti\u011fine \u00f6zel uygulamalar i\u00e7eren Tedarik\u00e7i Portal\u0131. Perakende lojisti\u011fi,\u00a0bir \u00fcr\u00fcn\u00fcn \u00fcreticisinden \u00e7\u0131k\u0131p, t\u00fcketici ile bulu\u015funcaya kadar ge\u00e7ti\u011fi t\u00fcm a\u015famalar\u0131\u00a0kapsamaktad\u0131r. Perakende tedarik zinciri bilgi ak\u0131\u015f\u0131n\u0131n etkili ve verimli bir \u015fekilde planlanmas\u0131, uygulanmas\u0131 ve [&hellip;]<\/p>\n","protected":false},"author":1,"featured_media":0,"parent":0,"menu_order":0,"comment_status":"closed","ping_status":"closed","template":"template-industry.php","meta":{"footnotes":""},"class_list":["post-4003","page","type-page","status-publish","hentry"],"yoast_head":"<!-- This site is optimized with the Yoast SEO plugin v27.5 - https:\/\/yoast.com\/product\/yoast-seo-wordpress\/ -->\n<title>Perakende - ITG Resmi Websitesi<\/title>\n<meta name=\"robots\" content=\"index, follow, max-snippet:-1, max-image-preview:large, max-video-preview:-1\" \/>\n<link rel=\"canonical\" href=\"https:\/\/www.vitg.com\/tr\/perakende\/\" \/>\n<meta property=\"og:locale\" content=\"tr_TR\" \/>\n<meta property=\"og:type\" content=\"article\" \/>\n<meta property=\"og:title\" content=\"Perakende - ITG Resmi Websitesi\" \/>\n<meta property=\"og:description\" content=\"Ulusal ve Yerel Zincir Marketler, Teknoloji Marketleri, Yap\u0131 Marketler, kozmetik ve ki\u015fisel bak\u0131m, Ev Tekstili ve g\u0131da zincirleri i\u00e7in haz\u0131r, hemen dahil olabilece\u011finiz, perakende lojisti\u011fine \u00f6zel uygulamalar i\u00e7eren Tedarik\u00e7i Portal\u0131. Perakende lojisti\u011fi,\u00a0bir \u00fcr\u00fcn\u00fcn \u00fcreticisinden \u00e7\u0131k\u0131p, t\u00fcketici ile bulu\u015funcaya kadar ge\u00e7ti\u011fi t\u00fcm a\u015famalar\u0131\u00a0kapsamaktad\u0131r. Perakende tedarik zinciri bilgi ak\u0131\u015f\u0131n\u0131n etkili ve verimli bir \u015fekilde planlanmas\u0131, uygulanmas\u0131 ve [&hellip;]\" \/>\n<meta property=\"og:url\" content=\"https:\/\/www.vitg.com\/tr\/perakende\/\" \/>\n<meta property=\"og:site_name\" content=\"ITG Resmi Websitesi\" \/>\n<meta property=\"article:publisher\" content=\"https:\/\/www.facebook.com\/ITGInformationTechnology\/?modal=admin_todo_tour\" \/>\n<meta property=\"article:modified_time\" content=\"2021-09-27T13:53:09+00:00\" \/>\n<meta name=\"twitter:card\" content=\"summary_large_image\" \/>\n<meta name=\"twitter:label1\" content=\"Tahmini okuma s\u00fcresi\" \/>\n\t<meta name=\"twitter:data1\" content=\"1 dakika\" \/>\n<script type=\"application\/ld+json\" class=\"yoast-schema-graph\">{\"@context\":\"https:\\\/\\\/schema.org\",\"@graph\":[{\"@type\":\"WebPage\",\"@id\":\"https:\\\/\\\/www.vitg.com\\\/tr\\\/perakende\\\/\",\"url\":\"https:\\\/\\\/www.vitg.com\\\/tr\\\/perakende\\\/\",\"name\":\"Perakende - ITG Resmi Websitesi\",\"isPartOf\":{\"@id\":\"https:\\\/\\\/www.vitg.com\\\/#website\"},\"datePublished\":\"2021-03-08T13:52:42+00:00\",\"dateModified\":\"2021-09-27T13:53:09+00:00\",\"inLanguage\":\"tr\",\"potentialAction\":[{\"@type\":\"ReadAction\",\"target\":[\"https:\\\/\\\/www.vitg.com\\\/tr\\\/perakende\\\/\"]}]},{\"@type\":\"WebSite\",\"@id\":\"https:\\\/\\\/www.vitg.com\\\/#website\",\"url\":\"https:\\\/\\\/www.vitg.com\\\/\",\"name\":\"ITG Resmi Websitesi\",\"description\":\"Bir ba\u015fka WordPress sitesi\",\"potentialAction\":[{\"@type\":\"SearchAction\",\"target\":{\"@type\":\"EntryPoint\",\"urlTemplate\":\"https:\\\/\\\/www.vitg.com\\\/?s={search_term_string}\"},\"query-input\":{\"@type\":\"PropertyValueSpecification\",\"valueRequired\":true,\"valueName\":\"search_term_string\"}}],\"inLanguage\":\"tr\"}]}<\/script>\n<!-- \/ Yoast SEO plugin. -->","yoast_head_json":{"title":"Perakende - ITG Resmi Websitesi","robots":{"index":"index","follow":"follow","max-snippet":"max-snippet:-1","max-image-preview":"max-image-preview:large","max-video-preview":"max-video-preview:-1"},"canonical":"https:\/\/www.vitg.com\/tr\/perakende\/","og_locale":"tr_TR","og_type":"article","og_title":"Perakende - ITG Resmi Websitesi","og_description":"Ulusal ve Yerel Zincir Marketler, Teknoloji Marketleri, Yap\u0131 Marketler, kozmetik ve ki\u015fisel bak\u0131m, Ev Tekstili ve g\u0131da zincirleri i\u00e7in haz\u0131r, hemen dahil olabilece\u011finiz, perakende lojisti\u011fine \u00f6zel uygulamalar i\u00e7eren Tedarik\u00e7i Portal\u0131. Perakende lojisti\u011fi,\u00a0bir \u00fcr\u00fcn\u00fcn \u00fcreticisinden \u00e7\u0131k\u0131p, t\u00fcketici ile bulu\u015funcaya kadar ge\u00e7ti\u011fi t\u00fcm a\u015famalar\u0131\u00a0kapsamaktad\u0131r. Perakende tedarik zinciri bilgi ak\u0131\u015f\u0131n\u0131n etkili ve verimli bir \u015fekilde planlanmas\u0131, uygulanmas\u0131 ve [&hellip;]","og_url":"https:\/\/www.vitg.com\/tr\/perakende\/","og_site_name":"ITG Resmi Websitesi","article_publisher":"https:\/\/www.facebook.com\/ITGInformationTechnology\/?modal=admin_todo_tour","article_modified_time":"2021-09-27T13:53:09+00:00","twitter_card":"summary_large_image","twitter_misc":{"Tahmini okuma s\u00fcresi":"1 dakika"},"schema":{"@context":"https:\/\/schema.org","@graph":[{"@type":"WebPage","@id":"https:\/\/www.vitg.com\/tr\/perakende\/","url":"https:\/\/www.vitg.com\/tr\/perakende\/","name":"Perakende - ITG Resmi Websitesi","isPartOf":{"@id":"https:\/\/www.vitg.com\/#website"},"datePublished":"2021-03-08T13:52:42+00:00","dateModified":"2021-09-27T13:53:09+00:00","inLanguage":"tr","potentialAction":[{"@type":"ReadAction","target":["https:\/\/www.vitg.com\/tr\/perakende\/"]}]},{"@type":"WebSite","@id":"https:\/\/www.vitg.com\/#website","url":"https:\/\/www.vitg.com\/","name":"ITG Resmi Websitesi","description":"Bir ba\u015fka WordPress sitesi","potentialAction":[{"@type":"SearchAction","target":{"@type":"EntryPoint","urlTemplate":"https:\/\/www.vitg.com\/?s={search_term_string}"},"query-input":{"@type":"PropertyValueSpecification","valueRequired":true,"valueName":"search_term_string"}}],"inLanguage":"tr"}]}},"_links":{"self":[{"href":"https:\/\/www.vitg.com\/tr\/wp-json\/wp\/v2\/pages\/4003","targetHints":{"allow":["GET"]}}],"collection":[{"href":"https:\/\/www.vitg.com\/tr\/wp-json\/wp\/v2\/pages"}],"about":[{"href":"https:\/\/www.vitg.com\/tr\/wp-json\/wp\/v2\/types\/page"}],"author":[{"embeddable":true,"href":"https:\/\/www.vitg.com\/tr\/wp-json\/wp\/v2\/users\/1"}],"replies":[{"embeddable":true,"href":"https:\/\/www.vitg.com\/tr\/wp-json\/wp\/v2\/comments?post=4003"}],"version-history":[{"count":24,"href":"https:\/\/www.vitg.com\/tr\/wp-json\/wp\/v2\/pages\/4003\/revisions"}],"predecessor-version":[{"id":5257,"href":"https:\/\/www.vitg.com\/tr\/wp-json\/wp\/v2\/pages\/4003\/revisions\/5257"}],"wp:attachment":[{"href":"https:\/\/www.vitg.com\/tr\/wp-json\/wp\/v2\/media?parent=4003"}],"curies":[{"name":"wp","href":"https:\/\/api.w.org\/{rel}","templated":true}]}}