{"id":3985,"date":"2021-03-08T17:04:02","date_gmt":"2021-03-08T14:04:02","guid":{"rendered":"https:\/\/www.vitg.com\/retail-textile\/"},"modified":"2021-09-27T16:57:48","modified_gmt":"2021-09-27T13:57:48","slug":"perakende-tekstil","status":"publish","type":"page","link":"https:\/\/www.vitg.com\/tr\/perakende-tekstil\/","title":{"rendered":"Perakende &#8211; Tekstil"},"content":{"rendered":"<p>vSRM Perakende \u2013 Tekstil \u00c7\u00f6z\u00fcm\u00fc vSRM Perakende Platformunun \u00f6zelliklerine ek olarak; Fason \u00dcretim Takip ve Saha Kalite Kontrol fonksiyonlar\u0131n\u0131 , Haz\u0131r Giyim i\u00e7in yurti\u00e7i ve yurtd\u0131\u015f\u0131 \u00fcretim takibi, ithalat, ihracat sevkiyat planlamas\u0131ndan ma\u011fazaya \u00fcr\u00fcn teslimine kadar olan s\u00fcreci kapsamaktad\u0131r.<\/p>\n<p>vSRM Perakende &#8211; Tekstil \u00c7\u00f6z\u00fcm\u00fc, tekstil sekt\u00f6r\u00fcne \u00f6zel fason\u00a0\u00fcretim a\u015famalar\u0131n\u0131n\u00a0takibi, paketleme ve sevkiyat s\u00fcre\u00e7leri\u00a0ile \u00fcr\u00fcn\u00fcn \u00fcreticiden \u00e7\u0131k\u0131\u015f noktas\u0131ndan\u00a0itibaren \u00fcr\u00fcn izlenebilirli\u011fini\u00a0ve lojistik operasyonlar\u0131n takibini sa\u011flamaktad\u0131r.<\/p>\n<p>Bir\u00e7ok tedarik\u00e7iden temin edilen \u00fcr\u00fcnlerin sat\u0131\u015f noktas\u0131 veya nihai m\u00fc\u015fteriye ula\u015ft\u0131r\u0131lmas\u0131 a\u015famas\u0131ndaki yo\u011fun faaliyetleri, De\u011fer Zincirinin Payda\u015flar\u0131 (Tedarik\u00e7iler, 3PL Firmalar\u0131, Forwarder Firmalar\u0131 ve Kargo Firmalar\u0131) ile birlikte y\u00f6netilmesini sa\u011flamaktad\u0131r.<\/p>\n<p>\u0130\u015f ortaklar\u0131n\u0131n ihtiya\u00e7 duydu\u011fu verileri ERP sistemleri ile entegre \u00e7al\u0131\u015fan yap\u0131s\u0131 sayesinde web \u00fczerinden onlara g\u00f6sterip, gerekli olan noktalarda da kendi sistemleri ile entegre \u00e7al\u0131\u015fmalar\u0131n\u0131 sa\u011flayarak End\u00fcstri 4.0 konseptindeki yatay entegrasyonu sa\u011flamaktad\u0131r.<\/p>\n","protected":false},"excerpt":{"rendered":"<p>vSRM Perakende \u2013 Tekstil \u00c7\u00f6z\u00fcm\u00fc vSRM Perakende Platformunun \u00f6zelliklerine ek olarak; Fason \u00dcretim Takip ve Saha Kalite Kontrol fonksiyonlar\u0131n\u0131 , Haz\u0131r Giyim i\u00e7in yurti\u00e7i ve yurtd\u0131\u015f\u0131 \u00fcretim takibi, ithalat, ihracat sevkiyat planlamas\u0131ndan ma\u011fazaya \u00fcr\u00fcn teslimine kadar olan s\u00fcreci kapsamaktad\u0131r. vSRM Perakende &#8211; Tekstil \u00c7\u00f6z\u00fcm\u00fc, tekstil sekt\u00f6r\u00fcne \u00f6zel fason\u00a0\u00fcretim a\u015famalar\u0131n\u0131n\u00a0takibi, paketleme ve sevkiyat s\u00fcre\u00e7leri\u00a0ile \u00fcr\u00fcn\u00fcn \u00fcreticiden [&hellip;]<\/p>\n","protected":false},"author":1,"featured_media":0,"parent":0,"menu_order":0,"comment_status":"closed","ping_status":"closed","template":"template-industry.php","meta":{"footnotes":""},"class_list":["post-3985","page","type-page","status-publish","hentry"],"yoast_head":"<!-- This site is optimized with the Yoast SEO plugin v27.4 - https:\/\/yoast.com\/product\/yoast-seo-wordpress\/ -->\n<title>Perakende - Tekstil - ITG Resmi Websitesi<\/title>\n<meta name=\"robots\" content=\"index, follow, max-snippet:-1, max-image-preview:large, max-video-preview:-1\" \/>\n<link rel=\"canonical\" href=\"https:\/\/www.vitg.com\/tr\/perakende-tekstil\/\" \/>\n<meta property=\"og:locale\" content=\"tr_TR\" \/>\n<meta property=\"og:type\" content=\"article\" \/>\n<meta property=\"og:title\" content=\"Perakende - Tekstil - ITG Resmi Websitesi\" \/>\n<meta property=\"og:description\" content=\"vSRM Perakende \u2013 Tekstil \u00c7\u00f6z\u00fcm\u00fc vSRM Perakende Platformunun \u00f6zelliklerine ek olarak; Fason \u00dcretim Takip ve Saha Kalite Kontrol fonksiyonlar\u0131n\u0131 , Haz\u0131r Giyim i\u00e7in yurti\u00e7i ve yurtd\u0131\u015f\u0131 \u00fcretim takibi, ithalat, ihracat sevkiyat planlamas\u0131ndan ma\u011fazaya \u00fcr\u00fcn teslimine kadar olan s\u00fcreci kapsamaktad\u0131r. vSRM Perakende &#8211; Tekstil \u00c7\u00f6z\u00fcm\u00fc, tekstil sekt\u00f6r\u00fcne \u00f6zel fason\u00a0\u00fcretim a\u015famalar\u0131n\u0131n\u00a0takibi, paketleme ve sevkiyat s\u00fcre\u00e7leri\u00a0ile \u00fcr\u00fcn\u00fcn \u00fcreticiden [&hellip;]\" \/>\n<meta property=\"og:url\" content=\"https:\/\/www.vitg.com\/tr\/perakende-tekstil\/\" \/>\n<meta property=\"og:site_name\" content=\"ITG Resmi Websitesi\" \/>\n<meta property=\"article:publisher\" content=\"https:\/\/www.facebook.com\/ITGInformationTechnology\/?modal=admin_todo_tour\" \/>\n<meta property=\"article:modified_time\" content=\"2021-09-27T13:57:48+00:00\" \/>\n<meta name=\"twitter:card\" content=\"summary_large_image\" \/>\n<meta name=\"twitter:label1\" content=\"Tahmini okuma s\u00fcresi\" \/>\n\t<meta name=\"twitter:data1\" content=\"1 dakika\" \/>\n<script type=\"application\/ld+json\" class=\"yoast-schema-graph\">{\"@context\":\"https:\\\/\\\/schema.org\",\"@graph\":[{\"@type\":\"WebPage\",\"@id\":\"https:\\\/\\\/www.vitg.com\\\/tr\\\/perakende-tekstil\\\/\",\"url\":\"https:\\\/\\\/www.vitg.com\\\/tr\\\/perakende-tekstil\\\/\",\"name\":\"Perakende - Tekstil - ITG Resmi Websitesi\",\"isPartOf\":{\"@id\":\"https:\\\/\\\/www.vitg.com\\\/#website\"},\"datePublished\":\"2021-03-08T14:04:02+00:00\",\"dateModified\":\"2021-09-27T13:57:48+00:00\",\"inLanguage\":\"tr\",\"potentialAction\":[{\"@type\":\"ReadAction\",\"target\":[\"https:\\\/\\\/www.vitg.com\\\/tr\\\/perakende-tekstil\\\/\"]}]},{\"@type\":\"WebSite\",\"@id\":\"https:\\\/\\\/www.vitg.com\\\/#website\",\"url\":\"https:\\\/\\\/www.vitg.com\\\/\",\"name\":\"ITG Resmi Websitesi\",\"description\":\"Bir ba\u015fka WordPress sitesi\",\"potentialAction\":[{\"@type\":\"SearchAction\",\"target\":{\"@type\":\"EntryPoint\",\"urlTemplate\":\"https:\\\/\\\/www.vitg.com\\\/?s={search_term_string}\"},\"query-input\":{\"@type\":\"PropertyValueSpecification\",\"valueRequired\":true,\"valueName\":\"search_term_string\"}}],\"inLanguage\":\"tr\"}]}<\/script>\n<!-- \/ Yoast SEO plugin. -->","yoast_head_json":{"title":"Perakende - Tekstil - ITG Resmi Websitesi","robots":{"index":"index","follow":"follow","max-snippet":"max-snippet:-1","max-image-preview":"max-image-preview:large","max-video-preview":"max-video-preview:-1"},"canonical":"https:\/\/www.vitg.com\/tr\/perakende-tekstil\/","og_locale":"tr_TR","og_type":"article","og_title":"Perakende - Tekstil - ITG Resmi Websitesi","og_description":"vSRM Perakende \u2013 Tekstil \u00c7\u00f6z\u00fcm\u00fc vSRM Perakende Platformunun \u00f6zelliklerine ek olarak; Fason \u00dcretim Takip ve Saha Kalite Kontrol fonksiyonlar\u0131n\u0131 , Haz\u0131r Giyim i\u00e7in yurti\u00e7i ve yurtd\u0131\u015f\u0131 \u00fcretim takibi, ithalat, ihracat sevkiyat planlamas\u0131ndan ma\u011fazaya \u00fcr\u00fcn teslimine kadar olan s\u00fcreci kapsamaktad\u0131r. vSRM Perakende &#8211; Tekstil \u00c7\u00f6z\u00fcm\u00fc, tekstil sekt\u00f6r\u00fcne \u00f6zel fason\u00a0\u00fcretim a\u015famalar\u0131n\u0131n\u00a0takibi, paketleme ve sevkiyat s\u00fcre\u00e7leri\u00a0ile \u00fcr\u00fcn\u00fcn \u00fcreticiden [&hellip;]","og_url":"https:\/\/www.vitg.com\/tr\/perakende-tekstil\/","og_site_name":"ITG Resmi Websitesi","article_publisher":"https:\/\/www.facebook.com\/ITGInformationTechnology\/?modal=admin_todo_tour","article_modified_time":"2021-09-27T13:57:48+00:00","twitter_card":"summary_large_image","twitter_misc":{"Tahmini okuma s\u00fcresi":"1 dakika"},"schema":{"@context":"https:\/\/schema.org","@graph":[{"@type":"WebPage","@id":"https:\/\/www.vitg.com\/tr\/perakende-tekstil\/","url":"https:\/\/www.vitg.com\/tr\/perakende-tekstil\/","name":"Perakende - Tekstil - ITG Resmi Websitesi","isPartOf":{"@id":"https:\/\/www.vitg.com\/#website"},"datePublished":"2021-03-08T14:04:02+00:00","dateModified":"2021-09-27T13:57:48+00:00","inLanguage":"tr","potentialAction":[{"@type":"ReadAction","target":["https:\/\/www.vitg.com\/tr\/perakende-tekstil\/"]}]},{"@type":"WebSite","@id":"https:\/\/www.vitg.com\/#website","url":"https:\/\/www.vitg.com\/","name":"ITG Resmi Websitesi","description":"Bir ba\u015fka WordPress sitesi","potentialAction":[{"@type":"SearchAction","target":{"@type":"EntryPoint","urlTemplate":"https:\/\/www.vitg.com\/?s={search_term_string}"},"query-input":{"@type":"PropertyValueSpecification","valueRequired":true,"valueName":"search_term_string"}}],"inLanguage":"tr"}]}},"_links":{"self":[{"href":"https:\/\/www.vitg.com\/tr\/wp-json\/wp\/v2\/pages\/3985","targetHints":{"allow":["GET"]}}],"collection":[{"href":"https:\/\/www.vitg.com\/tr\/wp-json\/wp\/v2\/pages"}],"about":[{"href":"https:\/\/www.vitg.com\/tr\/wp-json\/wp\/v2\/types\/page"}],"author":[{"embeddable":true,"href":"https:\/\/www.vitg.com\/tr\/wp-json\/wp\/v2\/users\/1"}],"replies":[{"embeddable":true,"href":"https:\/\/www.vitg.com\/tr\/wp-json\/wp\/v2\/comments?post=3985"}],"version-history":[{"count":26,"href":"https:\/\/www.vitg.com\/tr\/wp-json\/wp\/v2\/pages\/3985\/revisions"}],"predecessor-version":[{"id":5258,"href":"https:\/\/www.vitg.com\/tr\/wp-json\/wp\/v2\/pages\/3985\/revisions\/5258"}],"wp:attachment":[{"href":"https:\/\/www.vitg.com\/tr\/wp-json\/wp\/v2\/media?parent=3985"}],"curies":[{"name":"wp","href":"https:\/\/api.w.org\/{rel}","templated":true}]}}