{"id":3667,"date":"2021-03-08T17:07:17","date_gmt":"2021-03-08T14:07:17","guid":{"rendered":"https:\/\/www.vitg.com\/service-industries\/"},"modified":"2021-09-27T17:00:32","modified_gmt":"2021-09-27T14:00:32","slug":"hizmet-sektoru","status":"publish","type":"page","link":"https:\/\/www.vitg.com\/tr\/hizmet-sektoru\/","title":{"rendered":"Hizmet Sekt\u00f6r\u00fc"},"content":{"rendered":"<p>Hepsi bir arada vSRM S2P \u00c7\u00f6z\u00fcm\u00fc ile y\u00f6neticiler ve i\u015fletme yetkilileri kurulu\u015fun \u00fcretkenli\u011fini art\u0131rabilir, g\u00fcnl\u00fck i\u015flemlerde g\u00f6r\u00fcn\u00fcrl\u00fck kazanabilir ve kullan\u0131c\u0131lar\u0131n ihtiya\u00e7 duyduklar\u0131 malzemeleri almalar\u0131n\u0131 kolayla\u015ft\u0131rabilir.<\/p>\n<p>ITG, g\u00fc\u00e7l\u00fc kaynaktan \u00f6demeye \u00e7\u00f6z\u00fcm\u00fcm\u00fczle hizmet sekt\u00f6r\u00fc \u015firketlerinin Tedarikte d\u00f6n\u00fc\u015f\u00fcm elde etmesine yard\u0131mc\u0131 olur. vSRM sat\u0131n alma yaz\u0131l\u0131m\u0131, hastaneler, oteller, al\u0131\u015fveri\u015f merkezleri, e\u011fitim, bankalar ve finansal hizmetler gibi hizmet \u015firketlerine y\u00f6nelik Merkezi kaynak bulma faaliyetleriyle \u00fcretkenli\u011fi art\u0131r\u0131r, tasarruflar\u0131 ortaya \u00e7\u0131kar\u0131r ve sat\u0131n alma g\u00fcc\u00fcn\u00fcz\u00fc art\u0131r\u0131r.<\/p>\n","protected":false},"excerpt":{"rendered":"<p>Hepsi bir arada vSRM S2P \u00c7\u00f6z\u00fcm\u00fc ile y\u00f6neticiler ve i\u015fletme yetkilileri kurulu\u015fun \u00fcretkenli\u011fini art\u0131rabilir, g\u00fcnl\u00fck i\u015flemlerde g\u00f6r\u00fcn\u00fcrl\u00fck kazanabilir ve kullan\u0131c\u0131lar\u0131n ihtiya\u00e7 duyduklar\u0131 malzemeleri almalar\u0131n\u0131 kolayla\u015ft\u0131rabilir. ITG, g\u00fc\u00e7l\u00fc kaynaktan \u00f6demeye \u00e7\u00f6z\u00fcm\u00fcm\u00fczle hizmet sekt\u00f6r\u00fc \u015firketlerinin Tedarikte d\u00f6n\u00fc\u015f\u00fcm elde etmesine yard\u0131mc\u0131 olur. vSRM sat\u0131n alma yaz\u0131l\u0131m\u0131, hastaneler, oteller, al\u0131\u015fveri\u015f merkezleri, e\u011fitim, bankalar ve finansal hizmetler gibi hizmet \u015firketlerine [&hellip;]<\/p>\n","protected":false},"author":1,"featured_media":0,"parent":0,"menu_order":0,"comment_status":"closed","ping_status":"closed","template":"template-industry.php","meta":{"footnotes":""},"class_list":["post-3667","page","type-page","status-publish","hentry"],"yoast_head":"<!-- This site is optimized with the Yoast SEO plugin v27.4 - https:\/\/yoast.com\/product\/yoast-seo-wordpress\/ -->\n<title>Hizmet Sekt\u00f6r\u00fc - ITG Resmi Websitesi<\/title>\n<meta name=\"robots\" content=\"index, follow, max-snippet:-1, max-image-preview:large, max-video-preview:-1\" \/>\n<link rel=\"canonical\" href=\"https:\/\/www.vitg.com\/tr\/hizmet-sektoru\/\" \/>\n<meta property=\"og:locale\" content=\"tr_TR\" \/>\n<meta property=\"og:type\" content=\"article\" \/>\n<meta property=\"og:title\" content=\"Hizmet Sekt\u00f6r\u00fc - ITG Resmi Websitesi\" \/>\n<meta property=\"og:description\" content=\"Hepsi bir arada vSRM S2P \u00c7\u00f6z\u00fcm\u00fc ile y\u00f6neticiler ve i\u015fletme yetkilileri kurulu\u015fun \u00fcretkenli\u011fini art\u0131rabilir, g\u00fcnl\u00fck i\u015flemlerde g\u00f6r\u00fcn\u00fcrl\u00fck kazanabilir ve kullan\u0131c\u0131lar\u0131n ihtiya\u00e7 duyduklar\u0131 malzemeleri almalar\u0131n\u0131 kolayla\u015ft\u0131rabilir. ITG, g\u00fc\u00e7l\u00fc kaynaktan \u00f6demeye \u00e7\u00f6z\u00fcm\u00fcm\u00fczle hizmet sekt\u00f6r\u00fc \u015firketlerinin Tedarikte d\u00f6n\u00fc\u015f\u00fcm elde etmesine yard\u0131mc\u0131 olur. vSRM sat\u0131n alma yaz\u0131l\u0131m\u0131, hastaneler, oteller, al\u0131\u015fveri\u015f merkezleri, e\u011fitim, bankalar ve finansal hizmetler gibi hizmet \u015firketlerine [&hellip;]\" \/>\n<meta property=\"og:url\" content=\"https:\/\/www.vitg.com\/tr\/hizmet-sektoru\/\" \/>\n<meta property=\"og:site_name\" content=\"ITG Resmi Websitesi\" \/>\n<meta property=\"article:publisher\" content=\"https:\/\/www.facebook.com\/ITGInformationTechnology\/?modal=admin_todo_tour\" \/>\n<meta property=\"article:modified_time\" content=\"2021-09-27T14:00:32+00:00\" \/>\n<meta name=\"twitter:card\" content=\"summary_large_image\" \/>\n<meta name=\"twitter:label1\" content=\"Tahmini okuma s\u00fcresi\" \/>\n\t<meta name=\"twitter:data1\" content=\"1 dakika\" \/>\n<script type=\"application\/ld+json\" class=\"yoast-schema-graph\">{\"@context\":\"https:\\\/\\\/schema.org\",\"@graph\":[{\"@type\":\"WebPage\",\"@id\":\"https:\\\/\\\/www.vitg.com\\\/tr\\\/hizmet-sektoru\\\/\",\"url\":\"https:\\\/\\\/www.vitg.com\\\/tr\\\/hizmet-sektoru\\\/\",\"name\":\"Hizmet Sekt\u00f6r\u00fc - ITG Resmi Websitesi\",\"isPartOf\":{\"@id\":\"https:\\\/\\\/www.vitg.com\\\/#website\"},\"datePublished\":\"2021-03-08T14:07:17+00:00\",\"dateModified\":\"2021-09-27T14:00:32+00:00\",\"inLanguage\":\"tr\",\"potentialAction\":[{\"@type\":\"ReadAction\",\"target\":[\"https:\\\/\\\/www.vitg.com\\\/tr\\\/hizmet-sektoru\\\/\"]}]},{\"@type\":\"WebSite\",\"@id\":\"https:\\\/\\\/www.vitg.com\\\/#website\",\"url\":\"https:\\\/\\\/www.vitg.com\\\/\",\"name\":\"ITG Resmi Websitesi\",\"description\":\"Bir ba\u015fka WordPress sitesi\",\"potentialAction\":[{\"@type\":\"SearchAction\",\"target\":{\"@type\":\"EntryPoint\",\"urlTemplate\":\"https:\\\/\\\/www.vitg.com\\\/?s={search_term_string}\"},\"query-input\":{\"@type\":\"PropertyValueSpecification\",\"valueRequired\":true,\"valueName\":\"search_term_string\"}}],\"inLanguage\":\"tr\"}]}<\/script>\n<!-- \/ Yoast SEO plugin. -->","yoast_head_json":{"title":"Hizmet Sekt\u00f6r\u00fc - ITG Resmi Websitesi","robots":{"index":"index","follow":"follow","max-snippet":"max-snippet:-1","max-image-preview":"max-image-preview:large","max-video-preview":"max-video-preview:-1"},"canonical":"https:\/\/www.vitg.com\/tr\/hizmet-sektoru\/","og_locale":"tr_TR","og_type":"article","og_title":"Hizmet Sekt\u00f6r\u00fc - ITG Resmi Websitesi","og_description":"Hepsi bir arada vSRM S2P \u00c7\u00f6z\u00fcm\u00fc ile y\u00f6neticiler ve i\u015fletme yetkilileri kurulu\u015fun \u00fcretkenli\u011fini art\u0131rabilir, g\u00fcnl\u00fck i\u015flemlerde g\u00f6r\u00fcn\u00fcrl\u00fck kazanabilir ve kullan\u0131c\u0131lar\u0131n ihtiya\u00e7 duyduklar\u0131 malzemeleri almalar\u0131n\u0131 kolayla\u015ft\u0131rabilir. ITG, g\u00fc\u00e7l\u00fc kaynaktan \u00f6demeye \u00e7\u00f6z\u00fcm\u00fcm\u00fczle hizmet sekt\u00f6r\u00fc \u015firketlerinin Tedarikte d\u00f6n\u00fc\u015f\u00fcm elde etmesine yard\u0131mc\u0131 olur. vSRM sat\u0131n alma yaz\u0131l\u0131m\u0131, hastaneler, oteller, al\u0131\u015fveri\u015f merkezleri, e\u011fitim, bankalar ve finansal hizmetler gibi hizmet \u015firketlerine [&hellip;]","og_url":"https:\/\/www.vitg.com\/tr\/hizmet-sektoru\/","og_site_name":"ITG Resmi Websitesi","article_publisher":"https:\/\/www.facebook.com\/ITGInformationTechnology\/?modal=admin_todo_tour","article_modified_time":"2021-09-27T14:00:32+00:00","twitter_card":"summary_large_image","twitter_misc":{"Tahmini okuma s\u00fcresi":"1 dakika"},"schema":{"@context":"https:\/\/schema.org","@graph":[{"@type":"WebPage","@id":"https:\/\/www.vitg.com\/tr\/hizmet-sektoru\/","url":"https:\/\/www.vitg.com\/tr\/hizmet-sektoru\/","name":"Hizmet Sekt\u00f6r\u00fc - ITG Resmi Websitesi","isPartOf":{"@id":"https:\/\/www.vitg.com\/#website"},"datePublished":"2021-03-08T14:07:17+00:00","dateModified":"2021-09-27T14:00:32+00:00","inLanguage":"tr","potentialAction":[{"@type":"ReadAction","target":["https:\/\/www.vitg.com\/tr\/hizmet-sektoru\/"]}]},{"@type":"WebSite","@id":"https:\/\/www.vitg.com\/#website","url":"https:\/\/www.vitg.com\/","name":"ITG Resmi Websitesi","description":"Bir ba\u015fka WordPress sitesi","potentialAction":[{"@type":"SearchAction","target":{"@type":"EntryPoint","urlTemplate":"https:\/\/www.vitg.com\/?s={search_term_string}"},"query-input":{"@type":"PropertyValueSpecification","valueRequired":true,"valueName":"search_term_string"}}],"inLanguage":"tr"}]}},"_links":{"self":[{"href":"https:\/\/www.vitg.com\/tr\/wp-json\/wp\/v2\/pages\/3667","targetHints":{"allow":["GET"]}}],"collection":[{"href":"https:\/\/www.vitg.com\/tr\/wp-json\/wp\/v2\/pages"}],"about":[{"href":"https:\/\/www.vitg.com\/tr\/wp-json\/wp\/v2\/types\/page"}],"author":[{"embeddable":true,"href":"https:\/\/www.vitg.com\/tr\/wp-json\/wp\/v2\/users\/1"}],"replies":[{"embeddable":true,"href":"https:\/\/www.vitg.com\/tr\/wp-json\/wp\/v2\/comments?post=3667"}],"version-history":[{"count":8,"href":"https:\/\/www.vitg.com\/tr\/wp-json\/wp\/v2\/pages\/3667\/revisions"}],"predecessor-version":[{"id":5259,"href":"https:\/\/www.vitg.com\/tr\/wp-json\/wp\/v2\/pages\/3667\/revisions\/5259"}],"wp:attachment":[{"href":"https:\/\/www.vitg.com\/tr\/wp-json\/wp\/v2\/media?parent=3667"}],"curies":[{"name":"wp","href":"https:\/\/api.w.org\/{rel}","templated":true}]}}