{"id":3662,"date":"2021-03-08T16:44:48","date_gmt":"2021-03-08T13:44:48","guid":{"rendered":"https:\/\/www.vitg.com\/defence-aviation\/"},"modified":"2021-09-27T16:49:44","modified_gmt":"2021-09-27T13:49:44","slug":"savunma-havacilik","status":"publish","type":"page","link":"https:\/\/www.vitg.com\/tr\/savunma-havacilik\/","title":{"rendered":"Savunma &#038; Havac\u0131l\u0131k"},"content":{"rendered":"<p>\u00d6zel savunma ve g\u00fcvenlik ihtiya\u00e7lar\u0131n\u0131z\u0131 \u00e7\u00f6z\u00fcn. Proje bazl\u0131 talepler koordineli haz\u0131rl\u0131k gerektirecektir.<\/p>\n<p>Ak\u0131ll\u0131 bir kurulu\u015fun zihniyetini a\u011f merkezli savunma ve g\u00fcvenlik ilkeleriyle b\u00fct\u00fcnle\u015ftirin. vSRM \u00fczerinde proje kodlar\u0131 ile proje kontrollerini ve proje takiplerini tek noktadan y\u00f6netmeyi deneyimleyin.<\/p>\n<p>VSRM ile otomatikle\u015ftirilmi\u015f ve standartla\u015ft\u0131r\u0131lm\u0131\u015f i\u015f ak\u0131\u015flar\u0131, sertifikalar, puanlama, raporlama ve daha fazlas\u0131, ba\u015far\u0131n\u0131n kataliz\u00f6r\u00fc olarak dijital d\u00f6n\u00fc\u015f\u00fcmle size eksiksiz bir g\u00f6r\u00fcn\u00fcrl\u00fck sa\u011flar.<\/p>\n<p>Ekibinizin bir uzant\u0131s\u0131 olarak ad\u0131m ad\u0131m \u00e7al\u0131\u015fan esnek uygulamalar ve entegrasyonlar sunuyoruz. Eksiksiz, ak\u0131ll\u0131 bir platform, y\u00f6netim m\u00fckemmelli\u011fini harcama yolculu\u011funuz i\u00e7in esneklik, geni\u015flik ve derinlik sa\u011flar ve hedefimiz, sizi oraya kendi h\u0131z\u0131n\u0131zda ula\u015ft\u0131rmak.<\/p>\n<p>&nbsp;<\/p>\n","protected":false},"excerpt":{"rendered":"<p>\u00d6zel savunma ve g\u00fcvenlik ihtiya\u00e7lar\u0131n\u0131z\u0131 \u00e7\u00f6z\u00fcn. Proje bazl\u0131 talepler koordineli haz\u0131rl\u0131k gerektirecektir. Ak\u0131ll\u0131 bir kurulu\u015fun zihniyetini a\u011f merkezli savunma ve g\u00fcvenlik ilkeleriyle b\u00fct\u00fcnle\u015ftirin. vSRM \u00fczerinde proje kodlar\u0131 ile proje kontrollerini ve proje takiplerini tek noktadan y\u00f6netmeyi deneyimleyin. VSRM ile otomatikle\u015ftirilmi\u015f ve standartla\u015ft\u0131r\u0131lm\u0131\u015f i\u015f ak\u0131\u015flar\u0131, sertifikalar, puanlama, raporlama ve daha fazlas\u0131, ba\u015far\u0131n\u0131n kataliz\u00f6r\u00fc olarak dijital d\u00f6n\u00fc\u015f\u00fcmle [&hellip;]<\/p>\n","protected":false},"author":1,"featured_media":0,"parent":0,"menu_order":0,"comment_status":"closed","ping_status":"closed","template":"template-industry.php","meta":{"footnotes":""},"class_list":["post-3662","page","type-page","status-publish","hentry"],"yoast_head":"<!-- This site is optimized with the Yoast SEO plugin v27.4 - https:\/\/yoast.com\/product\/yoast-seo-wordpress\/ -->\n<title>Savunma &amp; Havac\u0131l\u0131k - ITG Resmi Websitesi<\/title>\n<meta name=\"robots\" content=\"index, follow, max-snippet:-1, max-image-preview:large, max-video-preview:-1\" \/>\n<link rel=\"canonical\" href=\"https:\/\/www.vitg.com\/tr\/savunma-havacilik\/\" \/>\n<meta property=\"og:locale\" content=\"tr_TR\" \/>\n<meta property=\"og:type\" content=\"article\" \/>\n<meta property=\"og:title\" content=\"Savunma &amp; Havac\u0131l\u0131k - ITG Resmi Websitesi\" \/>\n<meta property=\"og:description\" content=\"\u00d6zel savunma ve g\u00fcvenlik ihtiya\u00e7lar\u0131n\u0131z\u0131 \u00e7\u00f6z\u00fcn. Proje bazl\u0131 talepler koordineli haz\u0131rl\u0131k gerektirecektir. Ak\u0131ll\u0131 bir kurulu\u015fun zihniyetini a\u011f merkezli savunma ve g\u00fcvenlik ilkeleriyle b\u00fct\u00fcnle\u015ftirin. vSRM \u00fczerinde proje kodlar\u0131 ile proje kontrollerini ve proje takiplerini tek noktadan y\u00f6netmeyi deneyimleyin. VSRM ile otomatikle\u015ftirilmi\u015f ve standartla\u015ft\u0131r\u0131lm\u0131\u015f i\u015f ak\u0131\u015flar\u0131, sertifikalar, puanlama, raporlama ve daha fazlas\u0131, ba\u015far\u0131n\u0131n kataliz\u00f6r\u00fc olarak dijital d\u00f6n\u00fc\u015f\u00fcmle [&hellip;]\" \/>\n<meta property=\"og:url\" content=\"https:\/\/www.vitg.com\/tr\/savunma-havacilik\/\" \/>\n<meta property=\"og:site_name\" content=\"ITG Resmi Websitesi\" \/>\n<meta property=\"article:publisher\" content=\"https:\/\/www.facebook.com\/ITGInformationTechnology\/?modal=admin_todo_tour\" \/>\n<meta property=\"article:modified_time\" content=\"2021-09-27T13:49:44+00:00\" \/>\n<meta name=\"twitter:card\" content=\"summary_large_image\" \/>\n<meta name=\"twitter:label1\" content=\"Tahmini okuma s\u00fcresi\" \/>\n\t<meta name=\"twitter:data1\" content=\"1 dakika\" \/>\n<script type=\"application\/ld+json\" class=\"yoast-schema-graph\">{\"@context\":\"https:\\\/\\\/schema.org\",\"@graph\":[{\"@type\":\"WebPage\",\"@id\":\"https:\\\/\\\/www.vitg.com\\\/tr\\\/savunma-havacilik\\\/\",\"url\":\"https:\\\/\\\/www.vitg.com\\\/tr\\\/savunma-havacilik\\\/\",\"name\":\"Savunma & Havac\u0131l\u0131k - ITG Resmi Websitesi\",\"isPartOf\":{\"@id\":\"https:\\\/\\\/www.vitg.com\\\/#website\"},\"datePublished\":\"2021-03-08T13:44:48+00:00\",\"dateModified\":\"2021-09-27T13:49:44+00:00\",\"inLanguage\":\"tr\",\"potentialAction\":[{\"@type\":\"ReadAction\",\"target\":[\"https:\\\/\\\/www.vitg.com\\\/tr\\\/savunma-havacilik\\\/\"]}]},{\"@type\":\"WebSite\",\"@id\":\"https:\\\/\\\/www.vitg.com\\\/#website\",\"url\":\"https:\\\/\\\/www.vitg.com\\\/\",\"name\":\"ITG Resmi Websitesi\",\"description\":\"Bir ba\u015fka WordPress sitesi\",\"potentialAction\":[{\"@type\":\"SearchAction\",\"target\":{\"@type\":\"EntryPoint\",\"urlTemplate\":\"https:\\\/\\\/www.vitg.com\\\/?s={search_term_string}\"},\"query-input\":{\"@type\":\"PropertyValueSpecification\",\"valueRequired\":true,\"valueName\":\"search_term_string\"}}],\"inLanguage\":\"tr\"}]}<\/script>\n<!-- \/ Yoast SEO plugin. -->","yoast_head_json":{"title":"Savunma & Havac\u0131l\u0131k - ITG Resmi Websitesi","robots":{"index":"index","follow":"follow","max-snippet":"max-snippet:-1","max-image-preview":"max-image-preview:large","max-video-preview":"max-video-preview:-1"},"canonical":"https:\/\/www.vitg.com\/tr\/savunma-havacilik\/","og_locale":"tr_TR","og_type":"article","og_title":"Savunma & Havac\u0131l\u0131k - ITG Resmi Websitesi","og_description":"\u00d6zel savunma ve g\u00fcvenlik ihtiya\u00e7lar\u0131n\u0131z\u0131 \u00e7\u00f6z\u00fcn. Proje bazl\u0131 talepler koordineli haz\u0131rl\u0131k gerektirecektir. Ak\u0131ll\u0131 bir kurulu\u015fun zihniyetini a\u011f merkezli savunma ve g\u00fcvenlik ilkeleriyle b\u00fct\u00fcnle\u015ftirin. vSRM \u00fczerinde proje kodlar\u0131 ile proje kontrollerini ve proje takiplerini tek noktadan y\u00f6netmeyi deneyimleyin. VSRM ile otomatikle\u015ftirilmi\u015f ve standartla\u015ft\u0131r\u0131lm\u0131\u015f i\u015f ak\u0131\u015flar\u0131, sertifikalar, puanlama, raporlama ve daha fazlas\u0131, ba\u015far\u0131n\u0131n kataliz\u00f6r\u00fc olarak dijital d\u00f6n\u00fc\u015f\u00fcmle [&hellip;]","og_url":"https:\/\/www.vitg.com\/tr\/savunma-havacilik\/","og_site_name":"ITG Resmi Websitesi","article_publisher":"https:\/\/www.facebook.com\/ITGInformationTechnology\/?modal=admin_todo_tour","article_modified_time":"2021-09-27T13:49:44+00:00","twitter_card":"summary_large_image","twitter_misc":{"Tahmini okuma s\u00fcresi":"1 dakika"},"schema":{"@context":"https:\/\/schema.org","@graph":[{"@type":"WebPage","@id":"https:\/\/www.vitg.com\/tr\/savunma-havacilik\/","url":"https:\/\/www.vitg.com\/tr\/savunma-havacilik\/","name":"Savunma & Havac\u0131l\u0131k - ITG Resmi Websitesi","isPartOf":{"@id":"https:\/\/www.vitg.com\/#website"},"datePublished":"2021-03-08T13:44:48+00:00","dateModified":"2021-09-27T13:49:44+00:00","inLanguage":"tr","potentialAction":[{"@type":"ReadAction","target":["https:\/\/www.vitg.com\/tr\/savunma-havacilik\/"]}]},{"@type":"WebSite","@id":"https:\/\/www.vitg.com\/#website","url":"https:\/\/www.vitg.com\/","name":"ITG Resmi Websitesi","description":"Bir ba\u015fka WordPress sitesi","potentialAction":[{"@type":"SearchAction","target":{"@type":"EntryPoint","urlTemplate":"https:\/\/www.vitg.com\/?s={search_term_string}"},"query-input":{"@type":"PropertyValueSpecification","valueRequired":true,"valueName":"search_term_string"}}],"inLanguage":"tr"}]}},"_links":{"self":[{"href":"https:\/\/www.vitg.com\/tr\/wp-json\/wp\/v2\/pages\/3662","targetHints":{"allow":["GET"]}}],"collection":[{"href":"https:\/\/www.vitg.com\/tr\/wp-json\/wp\/v2\/pages"}],"about":[{"href":"https:\/\/www.vitg.com\/tr\/wp-json\/wp\/v2\/types\/page"}],"author":[{"embeddable":true,"href":"https:\/\/www.vitg.com\/tr\/wp-json\/wp\/v2\/users\/1"}],"replies":[{"embeddable":true,"href":"https:\/\/www.vitg.com\/tr\/wp-json\/wp\/v2\/comments?post=3662"}],"version-history":[{"count":14,"href":"https:\/\/www.vitg.com\/tr\/wp-json\/wp\/v2\/pages\/3662\/revisions"}],"predecessor-version":[{"id":5256,"href":"https:\/\/www.vitg.com\/tr\/wp-json\/wp\/v2\/pages\/3662\/revisions\/5256"}],"wp:attachment":[{"href":"https:\/\/www.vitg.com\/tr\/wp-json\/wp\/v2\/media?parent=3662"}],"curies":[{"name":"wp","href":"https:\/\/api.w.org\/{rel}","templated":true}]}}