{"id":3654,"date":"2021-03-08T16:40:44","date_gmt":"2021-03-08T13:40:44","guid":{"rendered":"https:\/\/www.vitg.com\/manufacturing-industries\/"},"modified":"2021-10-08T16:57:02","modified_gmt":"2021-10-08T13:57:02","slug":"uretim-endustrisi","status":"publish","type":"page","link":"https:\/\/www.vitg.com\/tr\/uretim-endustrisi\/","title":{"rendered":"\u00dcretim End\u00fcstrisi"},"content":{"rendered":"<p><strong>\u00dcretim Riskini Azalt\u0131n, Maliyetleri Y\u00f6netin ve Daha H\u0131zl\u0131 Uyum Sa\u011flay\u0131n<\/strong><\/p>\n<p>vSRM \u00e7\u00f6z\u00fcmleri, \u00fcreticilerin i\u015flerini g\u00fcn\u00fcm\u00fcz\u00fcn k\u00fcresel, rekabet\u00e7i pazar\u0131 i\u00e7in optimize etmelerine yard\u0131mc\u0131 olur. Harcamalar\u0131n\u0131z ve tedarik zinciri operasyonlar\u0131n\u0131z \u00fczerinde g\u00f6r\u00fcn\u00fcrl\u00fck ve kontrol kazan\u0131n. Hepsi bir arada \u00fcretim yaz\u0131l\u0131m\u0131 \u00e7\u00f6z\u00fcm\u00fc, hammadde ve bile\u015fenlerden MRO ve dolayl\u0131 mal ve hizmetlere kadar t\u00fcm tedarik\u00e7ilerle i\u015fbirli\u011fini geli\u015ftirir. Elektronik, ev aletleri, kimya, g\u0131da veya tamamen ba\u015fka bir alanda olsan\u0131z da tedarik zincirinizi optimize edin.<\/p>\n","protected":false},"excerpt":{"rendered":"<p>\u00dcretim Riskini Azalt\u0131n, Maliyetleri Y\u00f6netin ve Daha H\u0131zl\u0131 Uyum Sa\u011flay\u0131n vSRM \u00e7\u00f6z\u00fcmleri, \u00fcreticilerin i\u015flerini g\u00fcn\u00fcm\u00fcz\u00fcn k\u00fcresel, rekabet\u00e7i pazar\u0131 i\u00e7in optimize etmelerine yard\u0131mc\u0131 olur. Harcamalar\u0131n\u0131z ve tedarik zinciri operasyonlar\u0131n\u0131z \u00fczerinde g\u00f6r\u00fcn\u00fcrl\u00fck ve kontrol kazan\u0131n. Hepsi bir arada \u00fcretim yaz\u0131l\u0131m\u0131 \u00e7\u00f6z\u00fcm\u00fc, hammadde ve bile\u015fenlerden MRO ve dolayl\u0131 mal ve hizmetlere kadar t\u00fcm tedarik\u00e7ilerle i\u015fbirli\u011fini geli\u015ftirir. Elektronik, ev [&hellip;]<\/p>\n","protected":false},"author":1,"featured_media":0,"parent":0,"menu_order":0,"comment_status":"closed","ping_status":"closed","template":"template-industry.php","meta":{"footnotes":""},"class_list":["post-3654","page","type-page","status-publish","hentry"],"yoast_head":"<!-- This site is optimized with the Yoast SEO plugin v27.5 - https:\/\/yoast.com\/product\/yoast-seo-wordpress\/ -->\n<title>\u00dcretim End\u00fcstrisi - ITG Resmi Websitesi<\/title>\n<meta name=\"robots\" content=\"index, follow, max-snippet:-1, max-image-preview:large, max-video-preview:-1\" \/>\n<link rel=\"canonical\" href=\"https:\/\/www.vitg.com\/tr\/uretim-endustrisi\/\" \/>\n<meta property=\"og:locale\" content=\"tr_TR\" \/>\n<meta property=\"og:type\" content=\"article\" \/>\n<meta property=\"og:title\" content=\"\u00dcretim End\u00fcstrisi - ITG Resmi Websitesi\" \/>\n<meta property=\"og:description\" content=\"\u00dcretim Riskini Azalt\u0131n, Maliyetleri Y\u00f6netin ve Daha H\u0131zl\u0131 Uyum Sa\u011flay\u0131n vSRM \u00e7\u00f6z\u00fcmleri, \u00fcreticilerin i\u015flerini g\u00fcn\u00fcm\u00fcz\u00fcn k\u00fcresel, rekabet\u00e7i pazar\u0131 i\u00e7in optimize etmelerine yard\u0131mc\u0131 olur. Harcamalar\u0131n\u0131z ve tedarik zinciri operasyonlar\u0131n\u0131z \u00fczerinde g\u00f6r\u00fcn\u00fcrl\u00fck ve kontrol kazan\u0131n. Hepsi bir arada \u00fcretim yaz\u0131l\u0131m\u0131 \u00e7\u00f6z\u00fcm\u00fc, hammadde ve bile\u015fenlerden MRO ve dolayl\u0131 mal ve hizmetlere kadar t\u00fcm tedarik\u00e7ilerle i\u015fbirli\u011fini geli\u015ftirir. Elektronik, ev [&hellip;]\" \/>\n<meta property=\"og:url\" content=\"https:\/\/www.vitg.com\/tr\/uretim-endustrisi\/\" \/>\n<meta property=\"og:site_name\" content=\"ITG Resmi Websitesi\" \/>\n<meta property=\"article:publisher\" content=\"https:\/\/www.facebook.com\/ITGInformationTechnology\/?modal=admin_todo_tour\" \/>\n<meta property=\"article:modified_time\" content=\"2021-10-08T13:57:02+00:00\" \/>\n<meta name=\"twitter:card\" content=\"summary_large_image\" \/>\n<meta name=\"twitter:label1\" content=\"Tahmini okuma s\u00fcresi\" \/>\n\t<meta name=\"twitter:data1\" content=\"1 dakika\" \/>\n<script type=\"application\/ld+json\" class=\"yoast-schema-graph\">{\"@context\":\"https:\\\/\\\/schema.org\",\"@graph\":[{\"@type\":\"WebPage\",\"@id\":\"https:\\\/\\\/www.vitg.com\\\/tr\\\/uretim-endustrisi\\\/\",\"url\":\"https:\\\/\\\/www.vitg.com\\\/tr\\\/uretim-endustrisi\\\/\",\"name\":\"\u00dcretim End\u00fcstrisi - ITG Resmi Websitesi\",\"isPartOf\":{\"@id\":\"https:\\\/\\\/www.vitg.com\\\/#website\"},\"datePublished\":\"2021-03-08T13:40:44+00:00\",\"dateModified\":\"2021-10-08T13:57:02+00:00\",\"inLanguage\":\"tr\",\"potentialAction\":[{\"@type\":\"ReadAction\",\"target\":[\"https:\\\/\\\/www.vitg.com\\\/tr\\\/uretim-endustrisi\\\/\"]}]},{\"@type\":\"WebSite\",\"@id\":\"https:\\\/\\\/www.vitg.com\\\/#website\",\"url\":\"https:\\\/\\\/www.vitg.com\\\/\",\"name\":\"ITG Resmi Websitesi\",\"description\":\"Bir ba\u015fka WordPress sitesi\",\"potentialAction\":[{\"@type\":\"SearchAction\",\"target\":{\"@type\":\"EntryPoint\",\"urlTemplate\":\"https:\\\/\\\/www.vitg.com\\\/?s={search_term_string}\"},\"query-input\":{\"@type\":\"PropertyValueSpecification\",\"valueRequired\":true,\"valueName\":\"search_term_string\"}}],\"inLanguage\":\"tr\"}]}<\/script>\n<!-- \/ Yoast SEO plugin. -->","yoast_head_json":{"title":"\u00dcretim End\u00fcstrisi - ITG Resmi Websitesi","robots":{"index":"index","follow":"follow","max-snippet":"max-snippet:-1","max-image-preview":"max-image-preview:large","max-video-preview":"max-video-preview:-1"},"canonical":"https:\/\/www.vitg.com\/tr\/uretim-endustrisi\/","og_locale":"tr_TR","og_type":"article","og_title":"\u00dcretim End\u00fcstrisi - ITG Resmi Websitesi","og_description":"\u00dcretim Riskini Azalt\u0131n, Maliyetleri Y\u00f6netin ve Daha H\u0131zl\u0131 Uyum Sa\u011flay\u0131n vSRM \u00e7\u00f6z\u00fcmleri, \u00fcreticilerin i\u015flerini g\u00fcn\u00fcm\u00fcz\u00fcn k\u00fcresel, rekabet\u00e7i pazar\u0131 i\u00e7in optimize etmelerine yard\u0131mc\u0131 olur. Harcamalar\u0131n\u0131z ve tedarik zinciri operasyonlar\u0131n\u0131z \u00fczerinde g\u00f6r\u00fcn\u00fcrl\u00fck ve kontrol kazan\u0131n. Hepsi bir arada \u00fcretim yaz\u0131l\u0131m\u0131 \u00e7\u00f6z\u00fcm\u00fc, hammadde ve bile\u015fenlerden MRO ve dolayl\u0131 mal ve hizmetlere kadar t\u00fcm tedarik\u00e7ilerle i\u015fbirli\u011fini geli\u015ftirir. Elektronik, ev [&hellip;]","og_url":"https:\/\/www.vitg.com\/tr\/uretim-endustrisi\/","og_site_name":"ITG Resmi Websitesi","article_publisher":"https:\/\/www.facebook.com\/ITGInformationTechnology\/?modal=admin_todo_tour","article_modified_time":"2021-10-08T13:57:02+00:00","twitter_card":"summary_large_image","twitter_misc":{"Tahmini okuma s\u00fcresi":"1 dakika"},"schema":{"@context":"https:\/\/schema.org","@graph":[{"@type":"WebPage","@id":"https:\/\/www.vitg.com\/tr\/uretim-endustrisi\/","url":"https:\/\/www.vitg.com\/tr\/uretim-endustrisi\/","name":"\u00dcretim End\u00fcstrisi - ITG Resmi Websitesi","isPartOf":{"@id":"https:\/\/www.vitg.com\/#website"},"datePublished":"2021-03-08T13:40:44+00:00","dateModified":"2021-10-08T13:57:02+00:00","inLanguage":"tr","potentialAction":[{"@type":"ReadAction","target":["https:\/\/www.vitg.com\/tr\/uretim-endustrisi\/"]}]},{"@type":"WebSite","@id":"https:\/\/www.vitg.com\/#website","url":"https:\/\/www.vitg.com\/","name":"ITG Resmi Websitesi","description":"Bir ba\u015fka WordPress sitesi","potentialAction":[{"@type":"SearchAction","target":{"@type":"EntryPoint","urlTemplate":"https:\/\/www.vitg.com\/?s={search_term_string}"},"query-input":{"@type":"PropertyValueSpecification","valueRequired":true,"valueName":"search_term_string"}}],"inLanguage":"tr"}]}},"_links":{"self":[{"href":"https:\/\/www.vitg.com\/tr\/wp-json\/wp\/v2\/pages\/3654","targetHints":{"allow":["GET"]}}],"collection":[{"href":"https:\/\/www.vitg.com\/tr\/wp-json\/wp\/v2\/pages"}],"about":[{"href":"https:\/\/www.vitg.com\/tr\/wp-json\/wp\/v2\/types\/page"}],"author":[{"embeddable":true,"href":"https:\/\/www.vitg.com\/tr\/wp-json\/wp\/v2\/users\/1"}],"replies":[{"embeddable":true,"href":"https:\/\/www.vitg.com\/tr\/wp-json\/wp\/v2\/comments?post=3654"}],"version-history":[{"count":17,"href":"https:\/\/www.vitg.com\/tr\/wp-json\/wp\/v2\/pages\/3654\/revisions"}],"predecessor-version":[{"id":5284,"href":"https:\/\/www.vitg.com\/tr\/wp-json\/wp\/v2\/pages\/3654\/revisions\/5284"}],"wp:attachment":[{"href":"https:\/\/www.vitg.com\/tr\/wp-json\/wp\/v2\/media?parent=3654"}],"curies":[{"name":"wp","href":"https:\/\/api.w.org\/{rel}","templated":true}]}}