{"id":3561,"date":"2021-03-11T16:31:08","date_gmt":"2021-03-11T13:31:08","guid":{"rendered":"https:\/\/www.vitg.com\/financails\/"},"modified":"2021-08-24T11:02:24","modified_gmt":"2021-08-24T08:02:24","slug":"finansallar","status":"publish","type":"page","link":"https:\/\/www.vitg.com\/tr\/finansallar\/","title":{"rendered":"Finansallar"},"content":{"rendered":"<h2 style=\"text-align: center;\">FATURA G\u0130R\u0130\u015eLER\u0130N\u0130Z\u0130 vSRM \u0130LE OTOMAT\u0130KLE\u015eT\u0130R\u0130N, <span style=\"color: #b80000;\">YANLI\u015e FATURALANDIRMANIN<\/span> \u00d6N\u00dcNE GE\u00c7\u0130N.<\/h2>\n<p style=\"text-align: center;\">vSRM Finansallar Mod\u00fclleri ile zaman\u0131nda ve do\u011fru faturalar almak i\u00e7in tedarik\u00e7ilerinizi beklemenize gerek yok.<\/p>\n<p>&nbsp;<\/p>\n<p style=\"text-align: center;\"><strong><span style=\"font-size: 18pt;\">Online cari hesap \u00f6zeti bilgileri<\/span><br \/>\n<\/strong><\/p>\n<p>&nbsp;<\/p>\n<p style=\"text-align: center;\">Cari hesap bilgileri tedarik\u00e7iler taraf\u0131ndan ERP sisteminiz ile entegre bir \u015fekilde g\u00f6r\u00fclebilir.<\/p>\n<p style=\"text-align: center;\">Cari hesap mutabakat talepleri olu\u015fturulabilir ve iletilebilir.<\/p>\n<p style=\"text-align: center;\">Mutabakatlar \u00e7evrimi\u00e7i olarak yap\u0131labilir.<\/p>\n<p>&nbsp;<\/p>\n<p style=\"text-align: center;\"><strong><span style=\"color: #333333; font-size: 18pt;\">Ger\u00e7ek zamanl\u0131 takip ve y\u00f6netim ile \u00f6deme sorgulaman\u0131n ek y\u00fck\u00fcn\u00fc ortadan kald\u0131r\u0131n<\/span><\/strong><\/p>\n<p>&nbsp;<\/p>\n<p style=\"text-align: center;\">Tedarik\u00e7iler kay\u0131tl\u0131 faturalar\u0131n\u0131 g\u00f6rebilirler.<\/p>\n<p style=\"text-align: center;\">\u00d6deme planlar\u0131 veya ger\u00e7ek \u00f6deme bilgileri tedarik\u00e7ilerle payla\u015f\u0131labilir.<\/p>\n","protected":false},"excerpt":{"rendered":"<p>FATURA G\u0130R\u0130\u015eLER\u0130N\u0130Z\u0130 vSRM \u0130LE OTOMAT\u0130KLE\u015eT\u0130R\u0130N, YANLI\u015e FATURALANDIRMANIN \u00d6N\u00dcNE GE\u00c7\u0130N. vSRM Finansallar Mod\u00fclleri ile zaman\u0131nda ve do\u011fru faturalar almak i\u00e7in tedarik\u00e7ilerinizi beklemenize gerek yok. &nbsp; Online cari hesap \u00f6zeti bilgileri &nbsp; Cari hesap bilgileri tedarik\u00e7iler taraf\u0131ndan ERP sisteminiz ile entegre bir \u015fekilde g\u00f6r\u00fclebilir. Cari hesap mutabakat talepleri olu\u015fturulabilir ve iletilebilir. Mutabakatlar \u00e7evrimi\u00e7i olarak yap\u0131labilir. &nbsp; Ger\u00e7ek [&hellip;]<\/p>\n","protected":false},"author":1,"featured_media":0,"parent":0,"menu_order":0,"comment_status":"closed","ping_status":"closed","template":"template-solution-main.php","meta":{"footnotes":""},"class_list":["post-3561","page","type-page","status-publish","hentry"],"yoast_head":"<!-- This site is optimized with the Yoast SEO plugin v27.4 - https:\/\/yoast.com\/product\/yoast-seo-wordpress\/ -->\n<title>Finansallar - ITG Resmi Websitesi<\/title>\n<meta name=\"robots\" content=\"index, follow, max-snippet:-1, max-image-preview:large, max-video-preview:-1\" \/>\n<link rel=\"canonical\" href=\"https:\/\/www.vitg.com\/tr\/finansallar\/\" \/>\n<meta property=\"og:locale\" content=\"tr_TR\" \/>\n<meta property=\"og:type\" content=\"article\" \/>\n<meta property=\"og:title\" content=\"Finansallar - ITG Resmi Websitesi\" \/>\n<meta property=\"og:description\" content=\"FATURA G\u0130R\u0130\u015eLER\u0130N\u0130Z\u0130 vSRM \u0130LE OTOMAT\u0130KLE\u015eT\u0130R\u0130N, YANLI\u015e FATURALANDIRMANIN \u00d6N\u00dcNE GE\u00c7\u0130N. vSRM Finansallar Mod\u00fclleri ile zaman\u0131nda ve do\u011fru faturalar almak i\u00e7in tedarik\u00e7ilerinizi beklemenize gerek yok. &nbsp; Online cari hesap \u00f6zeti bilgileri &nbsp; Cari hesap bilgileri tedarik\u00e7iler taraf\u0131ndan ERP sisteminiz ile entegre bir \u015fekilde g\u00f6r\u00fclebilir. Cari hesap mutabakat talepleri olu\u015fturulabilir ve iletilebilir. Mutabakatlar \u00e7evrimi\u00e7i olarak yap\u0131labilir. &nbsp; Ger\u00e7ek [&hellip;]\" \/>\n<meta property=\"og:url\" content=\"https:\/\/www.vitg.com\/tr\/finansallar\/\" \/>\n<meta property=\"og:site_name\" content=\"ITG Resmi Websitesi\" \/>\n<meta property=\"article:publisher\" content=\"https:\/\/www.facebook.com\/ITGInformationTechnology\/?modal=admin_todo_tour\" \/>\n<meta property=\"article:modified_time\" content=\"2021-08-24T08:02:24+00:00\" \/>\n<meta name=\"twitter:card\" content=\"summary_large_image\" \/>\n<meta name=\"twitter:label1\" content=\"Tahmini okuma s\u00fcresi\" \/>\n\t<meta name=\"twitter:data1\" content=\"1 dakika\" \/>\n<script type=\"application\/ld+json\" class=\"yoast-schema-graph\">{\"@context\":\"https:\\\/\\\/schema.org\",\"@graph\":[{\"@type\":\"WebPage\",\"@id\":\"https:\\\/\\\/www.vitg.com\\\/tr\\\/finansallar\\\/\",\"url\":\"https:\\\/\\\/www.vitg.com\\\/tr\\\/finansallar\\\/\",\"name\":\"Finansallar - ITG Resmi Websitesi\",\"isPartOf\":{\"@id\":\"https:\\\/\\\/www.vitg.com\\\/#website\"},\"datePublished\":\"2021-03-11T13:31:08+00:00\",\"dateModified\":\"2021-08-24T08:02:24+00:00\",\"inLanguage\":\"tr\",\"potentialAction\":[{\"@type\":\"ReadAction\",\"target\":[\"https:\\\/\\\/www.vitg.com\\\/tr\\\/finansallar\\\/\"]}]},{\"@type\":\"WebSite\",\"@id\":\"https:\\\/\\\/www.vitg.com\\\/#website\",\"url\":\"https:\\\/\\\/www.vitg.com\\\/\",\"name\":\"ITG Resmi Websitesi\",\"description\":\"Bir ba\u015fka WordPress sitesi\",\"potentialAction\":[{\"@type\":\"SearchAction\",\"target\":{\"@type\":\"EntryPoint\",\"urlTemplate\":\"https:\\\/\\\/www.vitg.com\\\/?s={search_term_string}\"},\"query-input\":{\"@type\":\"PropertyValueSpecification\",\"valueRequired\":true,\"valueName\":\"search_term_string\"}}],\"inLanguage\":\"tr\"}]}<\/script>\n<!-- \/ Yoast SEO plugin. -->","yoast_head_json":{"title":"Finansallar - ITG Resmi Websitesi","robots":{"index":"index","follow":"follow","max-snippet":"max-snippet:-1","max-image-preview":"max-image-preview:large","max-video-preview":"max-video-preview:-1"},"canonical":"https:\/\/www.vitg.com\/tr\/finansallar\/","og_locale":"tr_TR","og_type":"article","og_title":"Finansallar - ITG Resmi Websitesi","og_description":"FATURA G\u0130R\u0130\u015eLER\u0130N\u0130Z\u0130 vSRM \u0130LE OTOMAT\u0130KLE\u015eT\u0130R\u0130N, YANLI\u015e FATURALANDIRMANIN \u00d6N\u00dcNE GE\u00c7\u0130N. vSRM Finansallar Mod\u00fclleri ile zaman\u0131nda ve do\u011fru faturalar almak i\u00e7in tedarik\u00e7ilerinizi beklemenize gerek yok. &nbsp; Online cari hesap \u00f6zeti bilgileri &nbsp; Cari hesap bilgileri tedarik\u00e7iler taraf\u0131ndan ERP sisteminiz ile entegre bir \u015fekilde g\u00f6r\u00fclebilir. Cari hesap mutabakat talepleri olu\u015fturulabilir ve iletilebilir. Mutabakatlar \u00e7evrimi\u00e7i olarak yap\u0131labilir. &nbsp; Ger\u00e7ek [&hellip;]","og_url":"https:\/\/www.vitg.com\/tr\/finansallar\/","og_site_name":"ITG Resmi Websitesi","article_publisher":"https:\/\/www.facebook.com\/ITGInformationTechnology\/?modal=admin_todo_tour","article_modified_time":"2021-08-24T08:02:24+00:00","twitter_card":"summary_large_image","twitter_misc":{"Tahmini okuma s\u00fcresi":"1 dakika"},"schema":{"@context":"https:\/\/schema.org","@graph":[{"@type":"WebPage","@id":"https:\/\/www.vitg.com\/tr\/finansallar\/","url":"https:\/\/www.vitg.com\/tr\/finansallar\/","name":"Finansallar - ITG Resmi Websitesi","isPartOf":{"@id":"https:\/\/www.vitg.com\/#website"},"datePublished":"2021-03-11T13:31:08+00:00","dateModified":"2021-08-24T08:02:24+00:00","inLanguage":"tr","potentialAction":[{"@type":"ReadAction","target":["https:\/\/www.vitg.com\/tr\/finansallar\/"]}]},{"@type":"WebSite","@id":"https:\/\/www.vitg.com\/#website","url":"https:\/\/www.vitg.com\/","name":"ITG Resmi Websitesi","description":"Bir ba\u015fka WordPress sitesi","potentialAction":[{"@type":"SearchAction","target":{"@type":"EntryPoint","urlTemplate":"https:\/\/www.vitg.com\/?s={search_term_string}"},"query-input":{"@type":"PropertyValueSpecification","valueRequired":true,"valueName":"search_term_string"}}],"inLanguage":"tr"}]}},"_links":{"self":[{"href":"https:\/\/www.vitg.com\/tr\/wp-json\/wp\/v2\/pages\/3561","targetHints":{"allow":["GET"]}}],"collection":[{"href":"https:\/\/www.vitg.com\/tr\/wp-json\/wp\/v2\/pages"}],"about":[{"href":"https:\/\/www.vitg.com\/tr\/wp-json\/wp\/v2\/types\/page"}],"author":[{"embeddable":true,"href":"https:\/\/www.vitg.com\/tr\/wp-json\/wp\/v2\/users\/1"}],"replies":[{"embeddable":true,"href":"https:\/\/www.vitg.com\/tr\/wp-json\/wp\/v2\/comments?post=3561"}],"version-history":[{"count":22,"href":"https:\/\/www.vitg.com\/tr\/wp-json\/wp\/v2\/pages\/3561\/revisions"}],"predecessor-version":[{"id":4489,"href":"https:\/\/www.vitg.com\/tr\/wp-json\/wp\/v2\/pages\/3561\/revisions\/4489"}],"wp:attachment":[{"href":"https:\/\/www.vitg.com\/tr\/wp-json\/wp\/v2\/media?parent=3561"}],"curies":[{"name":"wp","href":"https:\/\/api.w.org\/{rel}","templated":true}]}}