{"id":3418,"date":"2025-11-14T16:23:16","date_gmt":"2025-11-14T13:23:16","guid":{"rendered":"https:\/\/www.vitg.com\/quality-policy\/"},"modified":"2025-11-14T18:09:37","modified_gmt":"2025-11-14T15:09:37","slug":"kalite-politikasi","status":"publish","type":"page","link":"https:\/\/www.vitg.com\/tr\/kalite-politikasi\/","title":{"rendered":"Kalite Politikam\u0131z"},"content":{"rendered":"<div class=\"fusion-title title sep-underline sep-solid fusion-title-size-two fusion-border-below-title\">\n<div class=\"fusion-title title sep-underline sep-solid fusion-title-size-two fusion-border-below-title\">\n<h2 class=\"title-heading-left\" style=\"text-align: left;\" data-fontsize=\"40\" data-lineheight=\"48\"><span style=\"font-size: 24pt;\">Kalite Politikam\u0131z<\/span><\/h2>\n<\/div>\n<\/div>\n<p style=\"text-align: left;\"><strong>V\u0130ZYONUMUZ<\/strong><\/p>\n<p style=\"text-align: left;\"><em><strong>ITG LTD.;<\/strong><\/em><\/p>\n<p style=\"text-align: left;\">Profesyonel, \u00f6zg\u00fcvenli ve i\u015f bilincine sahip kadrosuyla, \u015feffaf organizasyon yap\u0131s\u0131yla, etkin ve s\u00fcrekli kendini yenileyen bir kalite y\u00f6netim sistemi anlay\u0131\u015f\u0131n\u0131 benimseyerek, Tedarik Zinciri Uygulamalar\u0131n\u0131n Geli\u015ftirilmesi ve Hizmetlerini y\u00fcr\u00fcten lider firmalar aras\u0131nda yer almay\u0131 hedefleyen bir \u015firkettir.<\/p>\n<p style=\"text-align: left;\"><strong>M\u0130SYONUMUZ<\/strong><\/p>\n<p style=\"text-align: left;\"><em><strong>ITG LTD.; \u00a0\u00a0\u00a0<\/strong><\/em><\/p>\n<ul style=\"list-style-type: disc;\">\n<li style=\"text-align: left;\">D\u00fcnyada kullan\u0131lan yararl\u0131 teknolojileri geli\u015ftirmeyi ve bunlar\u0131 anayurt g\u00fcvenli\u011fimizde ve \u00fclkemiz i\u00e7in yararl\u0131 olan di\u011fer alanlarda kullan\u0131ma sunmay\u0131,<\/li>\n<li style=\"text-align: left;\">Yararl\u0131 teknolojilerin \u00fclkemizin teknolojik altyap\u0131s\u0131na h\u0131zl\u0131 entegrasyonunu sa\u011flamay\u0131 ve b\u00f6ylece milli kaynak kullan\u0131m\u0131n\u0131 etkin hale getirmeyi,<\/li>\n<li style=\"text-align: left;\">Yenilik\u00e7i teknolojik \u00fcr\u00fcn anlay\u0131\u015f\u0131 konusunda cesurca risk almay\u0131, profesyonelli\u011fe yeni standartlar getiren \u00f6nc\u00fc yakla\u015f\u0131mlar\u0131 geli\u015ftirmeyi ve T\u00fcrkiye&#8217;de Tedarik Zinciri Uygulamalar\u0131n\u0131n geli\u015fimine liderlik eden firmalar aras\u0131nda yer almay\u0131 misyon olarak benimsemi\u015ftir.<\/li>\n<\/ul>\n<p style=\"text-align: left;\"><strong>DE\u011eERLER\u0130M\u0130Z VE \u0130LKELER\u0130M\u0130Z<\/strong><\/p>\n<p style=\"text-align: left;\"><em><strong>ITG LTD.;<\/strong><\/em><\/p>\n<ul>\n<li>T\u00fcm \u00e7al\u0131\u015fanlar\u0131m\u0131z\u0131n kat\u0131l\u0131m ve gayreti ile payda\u015flar\u0131m\u0131z\u0131n ihtiya\u00e7 ve beklentilerini kar\u015f\u0131lamak ve hizmetler ger\u00e7ekle\u015ftirmek,<\/li>\n<li>Kalite standartlar\u0131m\u0131z\u0131 en y\u00fcksek de\u011ferlerde tutarak ve yasal gereklilikleri yerine getirerek, uluslararas\u0131 ve ulusal standartlara uygun hizmetleri yaparak \u00f6nc\u00fc ve yenilik\u00e7i firma olmak,<\/li>\n<li>Mevzuatlar \u00e7er\u00e7evesinde hizmet tesis ederken gerek personelimizin gerekse yararlan\u0131c\u0131lar\u0131m\u0131z\u0131n memnuniyetini en y\u00fcksek seviyeye ta\u015f\u0131mak,<\/li>\n<li>\u00c7al\u0131\u015fanlar\u0131m\u0131z\u0131n sundu\u011fu hizmetin kalitesini artt\u0131r\u0131c\u0131 ve ki\u015fisel becerilerini geli\u015ftirici e\u011fitimler almalar\u0131n\u0131 sa\u011flamak,<\/li>\n<li>M\u00fc\u015fteri ihtiya\u00e7lar\u0131n\u0131 ve uygulanabilir birincil ve ikincil mevzuat \u015fartlar\u0131na uygun olarak kar\u015f\u0131lanaca\u011f\u0131n\u0131 sa\u011flamak,<\/li>\n<li>Hizmetlerin sunumunu ve uygunlu\u011funu etkileyebilecek risk ve f\u0131rsatlar ile m\u00fc\u015fteri memnuniyetinin art\u0131r\u0131lmas\u0131 sa\u011flamak,<\/li>\n<li>M\u00fc\u015fteri memnuniyetinin art\u0131r\u0131lmas\u0131n\u0131 ve s\u00fcrd\u00fcr\u00fclmesini sa\u011flamak,<\/li>\n<li>Toplam kaliteye en ekonomik, en h\u0131zl\u0131 ve en k\u0131sa yoldan ula\u015farak hizmet \u00fcretti\u011fimiz t\u00fcm kesimlerin g\u00fcvenini kazanmak ve bunu s\u00fcrd\u00fcrebilmek ve s\u00fcrekli iyile\u015ftirmek hepimizin en \u00f6nemli g\u00f6revidir.<\/li>\n<li>M\u00fckemmellik i\u00e7in performans\u0131n\u0131 s\u00fcrekli art\u0131rmay\u0131 ve geli\u015fmeyi \u00e7al\u0131\u015fma de\u011ferleri ve ilkeleri olarak benimsemi\u015ftir.<\/li>\n<\/ul>\n<p style=\"text-align: left;\"><strong>KAL\u0130TE SLOGANLARIMI<\/strong><\/p>\n<ul style=\"list-style-type: disc;\">\n<li style=\"text-align: left;\">En son teknolojiyi daima yakala, m\u00fc\u015fteriyi ko\u015fulsuz memnun et.<\/li>\n<li style=\"text-align: left;\">M\u00fc\u015fteri memnuniyeti yetmez, m\u00fc\u015fteri co\u015fkusu yarat.<\/li>\n<\/ul>\n","protected":false},"excerpt":{"rendered":"<p>Kalite Politikam\u0131z V\u0130ZYONUMUZ ITG LTD.; Profesyonel, \u00f6zg\u00fcvenli ve i\u015f bilincine sahip kadrosuyla, \u015feffaf organizasyon yap\u0131s\u0131yla, etkin ve s\u00fcrekli kendini yenileyen bir kalite y\u00f6netim sistemi anlay\u0131\u015f\u0131n\u0131 benimseyerek, Tedarik Zinciri Uygulamalar\u0131n\u0131n Geli\u015ftirilmesi ve Hizmetlerini y\u00fcr\u00fcten lider firmalar aras\u0131nda yer almay\u0131 hedefleyen bir \u015firkettir. M\u0130SYONUMUZ ITG LTD.; \u00a0\u00a0\u00a0 D\u00fcnyada kullan\u0131lan yararl\u0131 teknolojileri geli\u015ftirmeyi ve bunlar\u0131 anayurt g\u00fcvenli\u011fimizde ve [&hellip;]<\/p>\n","protected":false},"author":1,"featured_media":0,"parent":0,"menu_order":0,"comment_status":"closed","ping_status":"closed","template":"template-quality-policy.php","meta":{"footnotes":""},"class_list":["post-3418","page","type-page","status-publish","hentry"],"yoast_head":"<!-- This site is optimized with the Yoast SEO plugin v27.4 - https:\/\/yoast.com\/product\/yoast-seo-wordpress\/ -->\n<title>Kalite Politikam\u0131z - ITG Resmi Websitesi<\/title>\n<meta name=\"robots\" content=\"index, follow, max-snippet:-1, max-image-preview:large, max-video-preview:-1\" \/>\n<link rel=\"canonical\" href=\"https:\/\/www.vitg.com\/tr\/kalite-politikasi\/\" \/>\n<meta property=\"og:locale\" content=\"tr_TR\" \/>\n<meta property=\"og:type\" content=\"article\" \/>\n<meta property=\"og:title\" content=\"Kalite Politikam\u0131z - ITG Resmi Websitesi\" \/>\n<meta property=\"og:description\" content=\"Kalite Politikam\u0131z V\u0130ZYONUMUZ ITG LTD.; Profesyonel, \u00f6zg\u00fcvenli ve i\u015f bilincine sahip kadrosuyla, \u015feffaf organizasyon yap\u0131s\u0131yla, etkin ve s\u00fcrekli kendini yenileyen bir kalite y\u00f6netim sistemi anlay\u0131\u015f\u0131n\u0131 benimseyerek, Tedarik Zinciri Uygulamalar\u0131n\u0131n Geli\u015ftirilmesi ve Hizmetlerini y\u00fcr\u00fcten lider firmalar aras\u0131nda yer almay\u0131 hedefleyen bir \u015firkettir. M\u0130SYONUMUZ ITG LTD.; \u00a0\u00a0\u00a0 D\u00fcnyada kullan\u0131lan yararl\u0131 teknolojileri geli\u015ftirmeyi ve bunlar\u0131 anayurt g\u00fcvenli\u011fimizde ve [&hellip;]\" \/>\n<meta property=\"og:url\" content=\"https:\/\/www.vitg.com\/tr\/kalite-politikasi\/\" \/>\n<meta property=\"og:site_name\" content=\"ITG Resmi Websitesi\" \/>\n<meta property=\"article:publisher\" content=\"https:\/\/www.facebook.com\/ITGInformationTechnology\/?modal=admin_todo_tour\" \/>\n<meta property=\"article:modified_time\" content=\"2025-11-14T15:09:37+00:00\" \/>\n<meta name=\"twitter:card\" content=\"summary_large_image\" \/>\n<meta name=\"twitter:label1\" content=\"Tahmini okuma s\u00fcresi\" \/>\n\t<meta name=\"twitter:data1\" content=\"2 dakika\" \/>\n<script type=\"application\/ld+json\" class=\"yoast-schema-graph\">{\"@context\":\"https:\\\/\\\/schema.org\",\"@graph\":[{\"@type\":\"WebPage\",\"@id\":\"https:\\\/\\\/www.vitg.com\\\/tr\\\/kalite-politikasi\\\/\",\"url\":\"https:\\\/\\\/www.vitg.com\\\/tr\\\/kalite-politikasi\\\/\",\"name\":\"Kalite Politikam\u0131z - ITG Resmi Websitesi\",\"isPartOf\":{\"@id\":\"https:\\\/\\\/www.vitg.com\\\/#website\"},\"datePublished\":\"2025-11-14T13:23:16+00:00\",\"dateModified\":\"2025-11-14T15:09:37+00:00\",\"inLanguage\":\"tr\",\"potentialAction\":[{\"@type\":\"ReadAction\",\"target\":[\"https:\\\/\\\/www.vitg.com\\\/tr\\\/kalite-politikasi\\\/\"]}]},{\"@type\":\"WebSite\",\"@id\":\"https:\\\/\\\/www.vitg.com\\\/#website\",\"url\":\"https:\\\/\\\/www.vitg.com\\\/\",\"name\":\"ITG Resmi Websitesi\",\"description\":\"Bir ba\u015fka WordPress sitesi\",\"potentialAction\":[{\"@type\":\"SearchAction\",\"target\":{\"@type\":\"EntryPoint\",\"urlTemplate\":\"https:\\\/\\\/www.vitg.com\\\/?s={search_term_string}\"},\"query-input\":{\"@type\":\"PropertyValueSpecification\",\"valueRequired\":true,\"valueName\":\"search_term_string\"}}],\"inLanguage\":\"tr\"}]}<\/script>\n<!-- \/ Yoast SEO plugin. -->","yoast_head_json":{"title":"Kalite Politikam\u0131z - ITG Resmi Websitesi","robots":{"index":"index","follow":"follow","max-snippet":"max-snippet:-1","max-image-preview":"max-image-preview:large","max-video-preview":"max-video-preview:-1"},"canonical":"https:\/\/www.vitg.com\/tr\/kalite-politikasi\/","og_locale":"tr_TR","og_type":"article","og_title":"Kalite Politikam\u0131z - ITG Resmi Websitesi","og_description":"Kalite Politikam\u0131z V\u0130ZYONUMUZ ITG LTD.; Profesyonel, \u00f6zg\u00fcvenli ve i\u015f bilincine sahip kadrosuyla, \u015feffaf organizasyon yap\u0131s\u0131yla, etkin ve s\u00fcrekli kendini yenileyen bir kalite y\u00f6netim sistemi anlay\u0131\u015f\u0131n\u0131 benimseyerek, Tedarik Zinciri Uygulamalar\u0131n\u0131n Geli\u015ftirilmesi ve Hizmetlerini y\u00fcr\u00fcten lider firmalar aras\u0131nda yer almay\u0131 hedefleyen bir \u015firkettir. M\u0130SYONUMUZ ITG LTD.; \u00a0\u00a0\u00a0 D\u00fcnyada kullan\u0131lan yararl\u0131 teknolojileri geli\u015ftirmeyi ve bunlar\u0131 anayurt g\u00fcvenli\u011fimizde ve [&hellip;]","og_url":"https:\/\/www.vitg.com\/tr\/kalite-politikasi\/","og_site_name":"ITG Resmi Websitesi","article_publisher":"https:\/\/www.facebook.com\/ITGInformationTechnology\/?modal=admin_todo_tour","article_modified_time":"2025-11-14T15:09:37+00:00","twitter_card":"summary_large_image","twitter_misc":{"Tahmini okuma s\u00fcresi":"2 dakika"},"schema":{"@context":"https:\/\/schema.org","@graph":[{"@type":"WebPage","@id":"https:\/\/www.vitg.com\/tr\/kalite-politikasi\/","url":"https:\/\/www.vitg.com\/tr\/kalite-politikasi\/","name":"Kalite Politikam\u0131z - ITG Resmi Websitesi","isPartOf":{"@id":"https:\/\/www.vitg.com\/#website"},"datePublished":"2025-11-14T13:23:16+00:00","dateModified":"2025-11-14T15:09:37+00:00","inLanguage":"tr","potentialAction":[{"@type":"ReadAction","target":["https:\/\/www.vitg.com\/tr\/kalite-politikasi\/"]}]},{"@type":"WebSite","@id":"https:\/\/www.vitg.com\/#website","url":"https:\/\/www.vitg.com\/","name":"ITG Resmi Websitesi","description":"Bir ba\u015fka WordPress sitesi","potentialAction":[{"@type":"SearchAction","target":{"@type":"EntryPoint","urlTemplate":"https:\/\/www.vitg.com\/?s={search_term_string}"},"query-input":{"@type":"PropertyValueSpecification","valueRequired":true,"valueName":"search_term_string"}}],"inLanguage":"tr"}]}},"_links":{"self":[{"href":"https:\/\/www.vitg.com\/tr\/wp-json\/wp\/v2\/pages\/3418","targetHints":{"allow":["GET"]}}],"collection":[{"href":"https:\/\/www.vitg.com\/tr\/wp-json\/wp\/v2\/pages"}],"about":[{"href":"https:\/\/www.vitg.com\/tr\/wp-json\/wp\/v2\/types\/page"}],"author":[{"embeddable":true,"href":"https:\/\/www.vitg.com\/tr\/wp-json\/wp\/v2\/users\/1"}],"replies":[{"embeddable":true,"href":"https:\/\/www.vitg.com\/tr\/wp-json\/wp\/v2\/comments?post=3418"}],"version-history":[{"count":31,"href":"https:\/\/www.vitg.com\/tr\/wp-json\/wp\/v2\/pages\/3418\/revisions"}],"predecessor-version":[{"id":5401,"href":"https:\/\/www.vitg.com\/tr\/wp-json\/wp\/v2\/pages\/3418\/revisions\/5401"}],"wp:attachment":[{"href":"https:\/\/www.vitg.com\/tr\/wp-json\/wp\/v2\/media?parent=3418"}],"curies":[{"name":"wp","href":"https:\/\/api.w.org\/{rel}","templated":true}]}}