{"id":3414,"date":"2021-03-22T21:39:25","date_gmt":"2021-03-22T18:39:25","guid":{"rendered":"https:\/\/www.vitg.com\/information-security-policy\/"},"modified":"2021-07-29T00:09:00","modified_gmt":"2021-07-28T21:09:00","slug":"bilgi-guvenligi-politikasi","status":"publish","type":"page","link":"https:\/\/www.vitg.com\/tr\/bilgi-guvenligi-politikasi\/","title":{"rendered":"Bilgi G\u00fcvenli\u011fi Politikas\u0131"},"content":{"rendered":"<div class=\"fusion-title title sep-underline sep-solid fusion-title-size-two fusion-border-below-title\" style=\"text-align: left;\">\n<p style=\"text-align: center;\"><span style=\"font-size: 24pt;\"><strong>Bilgi G\u00fcvenli\u011fi Politikas\u0131<\/strong><\/span><\/p>\n<p style=\"text-align: center;\">\n<\/div>\n<div class=\"fusion-text\">\n<p style=\"text-align: center;\">ISO 27001 Bilgi G\u00fcvenli\u011fi Y\u00f6netim Sistemi ana temas\u0131; Tedarik Zinciri Uygulamalar\u0131n\u0131n Geli\u015ftirilmesi ve Hizmetlerinde ITG; bilgi g\u00fcvenli\u011fi y\u00f6netiminin insan, altyap\u0131, yaz\u0131l\u0131m, donan\u0131m, m\u00fc\u015fteri bilgileri, kurulu\u015f bilgileri, \u00fc\u00e7\u00fcnc\u00fc ki\u015fi bilgileri ve finansal kaynaklar\u0131n i\u00e7inde oldu\u011funu g\u00f6stermek, risk y\u00f6netimini sa\u011flamak, bilgi g\u00fcvenli\u011fi y\u00f6netim s\u00fcrecinin performans\u0131n\u0131 \u00f6l\u00e7mek, ili\u015fkileri d\u00fczenlemek.<\/p>\n<p style=\"text-align: center;\">Bu ama\u00e7la BGYS Politikam\u0131z\u0131n amac\u0131;<\/p>\n<p style=\"text-align: center;\">ITG, bilgi varl\u0131klar\u0131n\u0131 korumay\u0131, i\u015f s\u00fcre\u00e7lerinin gerektirdi\u011fi \u015fekilde bilgiye eri\u015filebilirli\u011fi sa\u011flamay\u0131, yasal mevzuat gerekliliklerini kar\u015f\u0131lamay\u0131, kas\u0131tl\u0131 veya kas\u0131ts\u0131z olarak olu\u015fabilecek her t\u00fcrl\u00fc tehdide kar\u015f\u0131 BT varl\u0131klar\u0131n\u0131 korumay\u0131 taahh\u00fct eder,<\/p>\n<p style=\"text-align: center;\">Y\u00fcr\u00fct\u00fclen t\u00fcm faaliyetlerde bilgi g\u00fcvenli\u011fi y\u00f6netim sisteminin \u00fc\u00e7 temel unsurunun devaml\u0131l\u0131\u011f\u0131 sa\u011flanacakt\u0131r.<\/p>\n<p style=\"text-align: center;\">Gizlilik:\u00a0Hassas bilgilere yetkisiz eri\u015fimin \u00f6nlenmesi,<\/p>\n<p style=\"text-align: center;\">B\u00fct\u00fcnl\u00fck:\u00a0bilginin do\u011frulu\u011funun ve b\u00fct\u00fcnl\u00fc\u011f\u00fcn\u00fcn g\u00f6sterilmesi,<\/p>\n<p style=\"text-align: center;\">Eri\u015filebilirlik:\u00a0Gerekti\u011finde engelliler taraf\u0131ndan bilginin kullan\u0131labilirli\u011fini g\u00f6stermek,<\/p>\n<p style=\"text-align: center;\">\u0130lgili sistem standartlar\u0131, sadece elektronik ortamda saklanan verilerin de\u011fil, yaz\u0131l\u0131, bas\u0131l\u0131, s\u00f6zl\u00fc ve benzeri ortamlar da dahil olmak \u00fczere t\u00fcm verilerin g\u00fcvenli\u011fi ile ilgilidir.<\/p>\n<p style=\"text-align: center;\">Bilgi g\u00fcvenli\u011fi y\u00f6netimi e\u011fitimlerinin t\u00fcm personelin bilin\u00e7lendirilmesini sa\u011flamak.<\/p>\n<p style=\"text-align: center;\">Bilgi g\u00fcvenli\u011finde meydana gelen veya \u015f\u00fcpheli if\u015falar\u0131 BGYS koordinat\u00f6r\u00fcne bildirmek ve BGYS Koordinat\u00f6r\u00fc taraf\u0131ndan soru\u015fturulmas\u0131n\u0131 sa\u011flamak.<\/p>\n<p style=\"text-align: center;\">\u0130\u015f s\u00fcreklili\u011fi planlar\u0131n\u0131 haz\u0131rlamak, s\u00fcrd\u00fcrmek ve test etmek.<\/p>\n<\/div>\n","protected":false},"excerpt":{"rendered":"<p>Bilgi G\u00fcvenli\u011fi Politikas\u0131 ISO 27001 Bilgi G\u00fcvenli\u011fi Y\u00f6netim Sistemi ana temas\u0131; Tedarik Zinciri Uygulamalar\u0131n\u0131n Geli\u015ftirilmesi ve Hizmetlerinde ITG; bilgi g\u00fcvenli\u011fi y\u00f6netiminin insan, altyap\u0131, yaz\u0131l\u0131m, donan\u0131m, m\u00fc\u015fteri bilgileri, kurulu\u015f bilgileri, \u00fc\u00e7\u00fcnc\u00fc ki\u015fi bilgileri ve finansal kaynaklar\u0131n i\u00e7inde oldu\u011funu g\u00f6stermek, risk y\u00f6netimini sa\u011flamak, bilgi g\u00fcvenli\u011fi y\u00f6netim s\u00fcrecinin performans\u0131n\u0131 \u00f6l\u00e7mek, ili\u015fkileri d\u00fczenlemek. Bu ama\u00e7la BGYS Politikam\u0131z\u0131n amac\u0131; ITG, [&hellip;]<\/p>\n","protected":false},"author":1,"featured_media":0,"parent":0,"menu_order":0,"comment_status":"closed","ping_status":"closed","template":"","meta":{"footnotes":""},"class_list":["post-3414","page","type-page","status-publish","hentry"],"yoast_head":"<!-- This site is optimized with the Yoast SEO plugin v27.4 - https:\/\/yoast.com\/product\/yoast-seo-wordpress\/ -->\n<title>Bilgi G\u00fcvenli\u011fi Politikas\u0131 - ITG Resmi Websitesi<\/title>\n<meta name=\"robots\" content=\"index, follow, max-snippet:-1, max-image-preview:large, max-video-preview:-1\" \/>\n<link rel=\"canonical\" href=\"https:\/\/www.vitg.com\/tr\/bilgi-guvenligi-politikasi\/\" \/>\n<meta property=\"og:locale\" content=\"tr_TR\" \/>\n<meta property=\"og:type\" content=\"article\" \/>\n<meta property=\"og:title\" content=\"Bilgi G\u00fcvenli\u011fi Politikas\u0131 - ITG Resmi Websitesi\" \/>\n<meta property=\"og:description\" content=\"Bilgi G\u00fcvenli\u011fi Politikas\u0131 ISO 27001 Bilgi G\u00fcvenli\u011fi Y\u00f6netim Sistemi ana temas\u0131; Tedarik Zinciri Uygulamalar\u0131n\u0131n Geli\u015ftirilmesi ve Hizmetlerinde ITG; bilgi g\u00fcvenli\u011fi y\u00f6netiminin insan, altyap\u0131, yaz\u0131l\u0131m, donan\u0131m, m\u00fc\u015fteri bilgileri, kurulu\u015f bilgileri, \u00fc\u00e7\u00fcnc\u00fc ki\u015fi bilgileri ve finansal kaynaklar\u0131n i\u00e7inde oldu\u011funu g\u00f6stermek, risk y\u00f6netimini sa\u011flamak, bilgi g\u00fcvenli\u011fi y\u00f6netim s\u00fcrecinin performans\u0131n\u0131 \u00f6l\u00e7mek, ili\u015fkileri d\u00fczenlemek. Bu ama\u00e7la BGYS Politikam\u0131z\u0131n amac\u0131; ITG, [&hellip;]\" \/>\n<meta property=\"og:url\" content=\"https:\/\/www.vitg.com\/tr\/bilgi-guvenligi-politikasi\/\" \/>\n<meta property=\"og:site_name\" content=\"ITG Resmi Websitesi\" \/>\n<meta property=\"article:publisher\" content=\"https:\/\/www.facebook.com\/ITGInformationTechnology\/?modal=admin_todo_tour\" \/>\n<meta property=\"article:modified_time\" content=\"2021-07-28T21:09:00+00:00\" \/>\n<meta name=\"twitter:card\" content=\"summary_large_image\" \/>\n<meta name=\"twitter:label1\" content=\"Tahmini okuma s\u00fcresi\" \/>\n\t<meta name=\"twitter:data1\" content=\"1 dakika\" \/>\n<script type=\"application\/ld+json\" class=\"yoast-schema-graph\">{\"@context\":\"https:\\\/\\\/schema.org\",\"@graph\":[{\"@type\":\"WebPage\",\"@id\":\"https:\\\/\\\/www.vitg.com\\\/tr\\\/bilgi-guvenligi-politikasi\\\/\",\"url\":\"https:\\\/\\\/www.vitg.com\\\/tr\\\/bilgi-guvenligi-politikasi\\\/\",\"name\":\"Bilgi G\u00fcvenli\u011fi Politikas\u0131 - ITG Resmi Websitesi\",\"isPartOf\":{\"@id\":\"https:\\\/\\\/www.vitg.com\\\/#website\"},\"datePublished\":\"2021-03-22T18:39:25+00:00\",\"dateModified\":\"2021-07-28T21:09:00+00:00\",\"inLanguage\":\"tr\",\"potentialAction\":[{\"@type\":\"ReadAction\",\"target\":[\"https:\\\/\\\/www.vitg.com\\\/tr\\\/bilgi-guvenligi-politikasi\\\/\"]}]},{\"@type\":\"WebSite\",\"@id\":\"https:\\\/\\\/www.vitg.com\\\/#website\",\"url\":\"https:\\\/\\\/www.vitg.com\\\/\",\"name\":\"ITG Resmi Websitesi\",\"description\":\"Bir ba\u015fka WordPress sitesi\",\"potentialAction\":[{\"@type\":\"SearchAction\",\"target\":{\"@type\":\"EntryPoint\",\"urlTemplate\":\"https:\\\/\\\/www.vitg.com\\\/?s={search_term_string}\"},\"query-input\":{\"@type\":\"PropertyValueSpecification\",\"valueRequired\":true,\"valueName\":\"search_term_string\"}}],\"inLanguage\":\"tr\"}]}<\/script>\n<!-- \/ Yoast SEO plugin. -->","yoast_head_json":{"title":"Bilgi G\u00fcvenli\u011fi Politikas\u0131 - ITG Resmi Websitesi","robots":{"index":"index","follow":"follow","max-snippet":"max-snippet:-1","max-image-preview":"max-image-preview:large","max-video-preview":"max-video-preview:-1"},"canonical":"https:\/\/www.vitg.com\/tr\/bilgi-guvenligi-politikasi\/","og_locale":"tr_TR","og_type":"article","og_title":"Bilgi G\u00fcvenli\u011fi Politikas\u0131 - ITG Resmi Websitesi","og_description":"Bilgi G\u00fcvenli\u011fi Politikas\u0131 ISO 27001 Bilgi G\u00fcvenli\u011fi Y\u00f6netim Sistemi ana temas\u0131; Tedarik Zinciri Uygulamalar\u0131n\u0131n Geli\u015ftirilmesi ve Hizmetlerinde ITG; bilgi g\u00fcvenli\u011fi y\u00f6netiminin insan, altyap\u0131, yaz\u0131l\u0131m, donan\u0131m, m\u00fc\u015fteri bilgileri, kurulu\u015f bilgileri, \u00fc\u00e7\u00fcnc\u00fc ki\u015fi bilgileri ve finansal kaynaklar\u0131n i\u00e7inde oldu\u011funu g\u00f6stermek, risk y\u00f6netimini sa\u011flamak, bilgi g\u00fcvenli\u011fi y\u00f6netim s\u00fcrecinin performans\u0131n\u0131 \u00f6l\u00e7mek, ili\u015fkileri d\u00fczenlemek. Bu ama\u00e7la BGYS Politikam\u0131z\u0131n amac\u0131; ITG, [&hellip;]","og_url":"https:\/\/www.vitg.com\/tr\/bilgi-guvenligi-politikasi\/","og_site_name":"ITG Resmi Websitesi","article_publisher":"https:\/\/www.facebook.com\/ITGInformationTechnology\/?modal=admin_todo_tour","article_modified_time":"2021-07-28T21:09:00+00:00","twitter_card":"summary_large_image","twitter_misc":{"Tahmini okuma s\u00fcresi":"1 dakika"},"schema":{"@context":"https:\/\/schema.org","@graph":[{"@type":"WebPage","@id":"https:\/\/www.vitg.com\/tr\/bilgi-guvenligi-politikasi\/","url":"https:\/\/www.vitg.com\/tr\/bilgi-guvenligi-politikasi\/","name":"Bilgi G\u00fcvenli\u011fi Politikas\u0131 - ITG Resmi Websitesi","isPartOf":{"@id":"https:\/\/www.vitg.com\/#website"},"datePublished":"2021-03-22T18:39:25+00:00","dateModified":"2021-07-28T21:09:00+00:00","inLanguage":"tr","potentialAction":[{"@type":"ReadAction","target":["https:\/\/www.vitg.com\/tr\/bilgi-guvenligi-politikasi\/"]}]},{"@type":"WebSite","@id":"https:\/\/www.vitg.com\/#website","url":"https:\/\/www.vitg.com\/","name":"ITG Resmi Websitesi","description":"Bir ba\u015fka WordPress sitesi","potentialAction":[{"@type":"SearchAction","target":{"@type":"EntryPoint","urlTemplate":"https:\/\/www.vitg.com\/?s={search_term_string}"},"query-input":{"@type":"PropertyValueSpecification","valueRequired":true,"valueName":"search_term_string"}}],"inLanguage":"tr"}]}},"_links":{"self":[{"href":"https:\/\/www.vitg.com\/tr\/wp-json\/wp\/v2\/pages\/3414","targetHints":{"allow":["GET"]}}],"collection":[{"href":"https:\/\/www.vitg.com\/tr\/wp-json\/wp\/v2\/pages"}],"about":[{"href":"https:\/\/www.vitg.com\/tr\/wp-json\/wp\/v2\/types\/page"}],"author":[{"embeddable":true,"href":"https:\/\/www.vitg.com\/tr\/wp-json\/wp\/v2\/users\/1"}],"replies":[{"embeddable":true,"href":"https:\/\/www.vitg.com\/tr\/wp-json\/wp\/v2\/comments?post=3414"}],"version-history":[{"count":5,"href":"https:\/\/www.vitg.com\/tr\/wp-json\/wp\/v2\/pages\/3414\/revisions"}],"predecessor-version":[{"id":4241,"href":"https:\/\/www.vitg.com\/tr\/wp-json\/wp\/v2\/pages\/3414\/revisions\/4241"}],"wp:attachment":[{"href":"https:\/\/www.vitg.com\/tr\/wp-json\/wp\/v2\/media?parent=3414"}],"curies":[{"name":"wp","href":"https:\/\/api.w.org\/{rel}","templated":true}]}}