{"id":3279,"date":"2021-03-11T16:27:53","date_gmt":"2021-03-11T13:27:53","guid":{"rendered":"https:\/\/www.vitg.com\/supplier-quality-management\/"},"modified":"2021-09-03T22:11:10","modified_gmt":"2021-09-03T19:11:10","slug":"tedarikci-kalite-yonetimi","status":"publish","type":"page","link":"https:\/\/www.vitg.com\/tr\/tedarikci-kalite-yonetimi\/","title":{"rendered":"Tedarik\u00e7i Kalite Y\u00f6netimi"},"content":{"rendered":"<h2 style=\"text-align: center;\"><strong>KAL\u0130TE KONULARINA <span style=\"color: #b80000;\">S\u0130STEMAT\u0130K<\/span> VE <span style=\"color: #b80000;\">STANDART<\/span> YAKLA\u015eIM <\/strong><\/h2>\n<p style=\"text-align: center;\">Kalite y\u00f6netimi s\u00fcre\u00e7lerini kolayla\u015ft\u0131ran dijital bir tedarik\u00e7i i\u015fbirli\u011fi \u00e7\u00f6z\u00fcm\u00fc ile tedarik zinciri riskini ve maliyetlerini en aza indirgeyin!<\/p>\n<p style=\"text-align: center;\">Kalite sorunlar\u0131 \u00fczerinde \u00e7al\u0131\u015fmaya y\u00f6nelik yenilik\u00e7i bir yakla\u015f\u0131mla tedarik\u00e7i kalitesini y\u00f6netmek i\u00e7in kolayla\u015ft\u0131r\u0131lm\u0131\u015f ve otomatikle\u015ftirilmi\u015f bir s\u00fcre\u00e7 olu\u015fturun.<\/p>\n<p>&nbsp;<\/p>\n<p style=\"text-align: center;\"><span style=\"font-size: 18pt;\"><strong>Tedarik\u00e7i kalite g\u00fcvencenizi ar<\/strong><strong>t<\/strong><strong>t\u0131ran ara\u00e7larla tan\u0131\u015f\u0131n.<\/strong><\/span><\/p>\n<p>&nbsp;<\/p>\n<p style=\"text-align: center;\">Kalite s\u00fcrecinizi kolayla\u015ft\u0131rmak i\u00e7in tedarik\u00e7ilerinizle i\u015fbirli\u011fi i\u00e7inde \u00e7al\u0131\u015f\u0131n. PPAP, SMRR, G8D s\u00fcre\u00e7lerinizi\u00a0tedarik\u00e7ileriniz ile birlikte interaktif \u015fekilde y\u00f6netin\u2026 Tedarik\u00e7i kalite g\u00fcvencesini sa\u011flamak ve t\u00fcm kalite kontrol s\u00fcre\u00e7lerinizi ERP sisteminizle entegre bir \u015fekilde vSRM platformu \u00fczerinden y\u00f6netebilirsiniz.<\/p>\n<p>&nbsp;<\/p>\n<p style=\"text-align: center;\"><span style=\"font-size: 18pt;\"><strong>Nereye odaklanman\u0131z gerekti\u011fini analiz edin.<\/strong><\/span><\/p>\n<p>&nbsp;<\/p>\n<p style=\"text-align: center;\">Kalitesizlik maliyetlerinden\u00a0ve kaliteye ba\u011fl\u0131 \u00fcretim aksakl\u0131klar\u0131ndan ka\u00e7\u0131n\u0131n. Riski, i\u015finizi etkilemeden \u00f6nce belirleyin ve operasyonlar\u0131n devam etmesi i\u00e7in gerekli ad\u0131mlar\u0131 planlay\u0131n! vSRM, s\u00fcrekli iyile\u015ftirme i\u00e7in \u00f6nleyici faaliyet ad\u0131mlar\u0131n\u0131\u00a0planlamak, izlemek ve y\u00f6netmek i\u00e7in tedarik\u00e7i kalite denetimleri ve aksiyon takip ara\u00e7lar\u0131 sunar.<\/p>\n<p>&nbsp;<\/p>\n<p>&nbsp;<\/p>\n","protected":false},"excerpt":{"rendered":"<p>KAL\u0130TE KONULARINA S\u0130STEMAT\u0130K VE STANDART YAKLA\u015eIM Kalite y\u00f6netimi s\u00fcre\u00e7lerini kolayla\u015ft\u0131ran dijital bir tedarik\u00e7i i\u015fbirli\u011fi \u00e7\u00f6z\u00fcm\u00fc ile tedarik zinciri riskini ve maliyetlerini en aza indirgeyin! Kalite sorunlar\u0131 \u00fczerinde \u00e7al\u0131\u015fmaya y\u00f6nelik yenilik\u00e7i bir yakla\u015f\u0131mla tedarik\u00e7i kalitesini y\u00f6netmek i\u00e7in kolayla\u015ft\u0131r\u0131lm\u0131\u015f ve otomatikle\u015ftirilmi\u015f bir s\u00fcre\u00e7 olu\u015fturun. &nbsp; Tedarik\u00e7i kalite g\u00fcvencenizi artt\u0131ran ara\u00e7larla tan\u0131\u015f\u0131n. &nbsp; Kalite s\u00fcrecinizi kolayla\u015ft\u0131rmak i\u00e7in tedarik\u00e7ilerinizle [&hellip;]<\/p>\n","protected":false},"author":1,"featured_media":0,"parent":0,"menu_order":0,"comment_status":"closed","ping_status":"closed","template":"template-solution-main.php","meta":{"footnotes":""},"class_list":["post-3279","page","type-page","status-publish","hentry"],"yoast_head":"<!-- This site is optimized with the Yoast SEO plugin v27.4 - https:\/\/yoast.com\/product\/yoast-seo-wordpress\/ -->\n<title>Tedarik\u00e7i Kalite Y\u00f6netimi - ITG Resmi Websitesi<\/title>\n<meta name=\"robots\" content=\"index, follow, max-snippet:-1, max-image-preview:large, max-video-preview:-1\" \/>\n<link rel=\"canonical\" href=\"https:\/\/www.vitg.com\/tr\/tedarikci-kalite-yonetimi\/\" \/>\n<meta property=\"og:locale\" content=\"tr_TR\" \/>\n<meta property=\"og:type\" content=\"article\" \/>\n<meta property=\"og:title\" content=\"Tedarik\u00e7i Kalite Y\u00f6netimi - ITG Resmi Websitesi\" \/>\n<meta property=\"og:description\" content=\"KAL\u0130TE KONULARINA S\u0130STEMAT\u0130K VE STANDART YAKLA\u015eIM Kalite y\u00f6netimi s\u00fcre\u00e7lerini kolayla\u015ft\u0131ran dijital bir tedarik\u00e7i i\u015fbirli\u011fi \u00e7\u00f6z\u00fcm\u00fc ile tedarik zinciri riskini ve maliyetlerini en aza indirgeyin! Kalite sorunlar\u0131 \u00fczerinde \u00e7al\u0131\u015fmaya y\u00f6nelik yenilik\u00e7i bir yakla\u015f\u0131mla tedarik\u00e7i kalitesini y\u00f6netmek i\u00e7in kolayla\u015ft\u0131r\u0131lm\u0131\u015f ve otomatikle\u015ftirilmi\u015f bir s\u00fcre\u00e7 olu\u015fturun. &nbsp; Tedarik\u00e7i kalite g\u00fcvencenizi artt\u0131ran ara\u00e7larla tan\u0131\u015f\u0131n. &nbsp; Kalite s\u00fcrecinizi kolayla\u015ft\u0131rmak i\u00e7in tedarik\u00e7ilerinizle [&hellip;]\" \/>\n<meta property=\"og:url\" content=\"https:\/\/www.vitg.com\/tr\/tedarikci-kalite-yonetimi\/\" \/>\n<meta property=\"og:site_name\" content=\"ITG Resmi Websitesi\" \/>\n<meta property=\"article:publisher\" content=\"https:\/\/www.facebook.com\/ITGInformationTechnology\/?modal=admin_todo_tour\" \/>\n<meta property=\"article:modified_time\" content=\"2021-09-03T19:11:10+00:00\" \/>\n<meta name=\"twitter:card\" content=\"summary_large_image\" \/>\n<meta name=\"twitter:label1\" content=\"Tahmini okuma s\u00fcresi\" \/>\n\t<meta name=\"twitter:data1\" content=\"1 dakika\" \/>\n<script type=\"application\/ld+json\" class=\"yoast-schema-graph\">{\"@context\":\"https:\\\/\\\/schema.org\",\"@graph\":[{\"@type\":\"WebPage\",\"@id\":\"https:\\\/\\\/www.vitg.com\\\/tr\\\/tedarikci-kalite-yonetimi\\\/\",\"url\":\"https:\\\/\\\/www.vitg.com\\\/tr\\\/tedarikci-kalite-yonetimi\\\/\",\"name\":\"Tedarik\u00e7i Kalite Y\u00f6netimi - ITG Resmi Websitesi\",\"isPartOf\":{\"@id\":\"https:\\\/\\\/www.vitg.com\\\/#website\"},\"datePublished\":\"2021-03-11T13:27:53+00:00\",\"dateModified\":\"2021-09-03T19:11:10+00:00\",\"inLanguage\":\"tr\",\"potentialAction\":[{\"@type\":\"ReadAction\",\"target\":[\"https:\\\/\\\/www.vitg.com\\\/tr\\\/tedarikci-kalite-yonetimi\\\/\"]}]},{\"@type\":\"WebSite\",\"@id\":\"https:\\\/\\\/www.vitg.com\\\/#website\",\"url\":\"https:\\\/\\\/www.vitg.com\\\/\",\"name\":\"ITG Resmi Websitesi\",\"description\":\"Bir ba\u015fka WordPress sitesi\",\"potentialAction\":[{\"@type\":\"SearchAction\",\"target\":{\"@type\":\"EntryPoint\",\"urlTemplate\":\"https:\\\/\\\/www.vitg.com\\\/?s={search_term_string}\"},\"query-input\":{\"@type\":\"PropertyValueSpecification\",\"valueRequired\":true,\"valueName\":\"search_term_string\"}}],\"inLanguage\":\"tr\"}]}<\/script>\n<!-- \/ Yoast SEO plugin. -->","yoast_head_json":{"title":"Tedarik\u00e7i Kalite Y\u00f6netimi - ITG Resmi Websitesi","robots":{"index":"index","follow":"follow","max-snippet":"max-snippet:-1","max-image-preview":"max-image-preview:large","max-video-preview":"max-video-preview:-1"},"canonical":"https:\/\/www.vitg.com\/tr\/tedarikci-kalite-yonetimi\/","og_locale":"tr_TR","og_type":"article","og_title":"Tedarik\u00e7i Kalite Y\u00f6netimi - ITG Resmi Websitesi","og_description":"KAL\u0130TE KONULARINA S\u0130STEMAT\u0130K VE STANDART YAKLA\u015eIM Kalite y\u00f6netimi s\u00fcre\u00e7lerini kolayla\u015ft\u0131ran dijital bir tedarik\u00e7i i\u015fbirli\u011fi \u00e7\u00f6z\u00fcm\u00fc ile tedarik zinciri riskini ve maliyetlerini en aza indirgeyin! Kalite sorunlar\u0131 \u00fczerinde \u00e7al\u0131\u015fmaya y\u00f6nelik yenilik\u00e7i bir yakla\u015f\u0131mla tedarik\u00e7i kalitesini y\u00f6netmek i\u00e7in kolayla\u015ft\u0131r\u0131lm\u0131\u015f ve otomatikle\u015ftirilmi\u015f bir s\u00fcre\u00e7 olu\u015fturun. &nbsp; Tedarik\u00e7i kalite g\u00fcvencenizi artt\u0131ran ara\u00e7larla tan\u0131\u015f\u0131n. &nbsp; Kalite s\u00fcrecinizi kolayla\u015ft\u0131rmak i\u00e7in tedarik\u00e7ilerinizle [&hellip;]","og_url":"https:\/\/www.vitg.com\/tr\/tedarikci-kalite-yonetimi\/","og_site_name":"ITG Resmi Websitesi","article_publisher":"https:\/\/www.facebook.com\/ITGInformationTechnology\/?modal=admin_todo_tour","article_modified_time":"2021-09-03T19:11:10+00:00","twitter_card":"summary_large_image","twitter_misc":{"Tahmini okuma s\u00fcresi":"1 dakika"},"schema":{"@context":"https:\/\/schema.org","@graph":[{"@type":"WebPage","@id":"https:\/\/www.vitg.com\/tr\/tedarikci-kalite-yonetimi\/","url":"https:\/\/www.vitg.com\/tr\/tedarikci-kalite-yonetimi\/","name":"Tedarik\u00e7i Kalite Y\u00f6netimi - ITG Resmi Websitesi","isPartOf":{"@id":"https:\/\/www.vitg.com\/#website"},"datePublished":"2021-03-11T13:27:53+00:00","dateModified":"2021-09-03T19:11:10+00:00","inLanguage":"tr","potentialAction":[{"@type":"ReadAction","target":["https:\/\/www.vitg.com\/tr\/tedarikci-kalite-yonetimi\/"]}]},{"@type":"WebSite","@id":"https:\/\/www.vitg.com\/#website","url":"https:\/\/www.vitg.com\/","name":"ITG Resmi Websitesi","description":"Bir ba\u015fka WordPress sitesi","potentialAction":[{"@type":"SearchAction","target":{"@type":"EntryPoint","urlTemplate":"https:\/\/www.vitg.com\/?s={search_term_string}"},"query-input":{"@type":"PropertyValueSpecification","valueRequired":true,"valueName":"search_term_string"}}],"inLanguage":"tr"}]}},"_links":{"self":[{"href":"https:\/\/www.vitg.com\/tr\/wp-json\/wp\/v2\/pages\/3279","targetHints":{"allow":["GET"]}}],"collection":[{"href":"https:\/\/www.vitg.com\/tr\/wp-json\/wp\/v2\/pages"}],"about":[{"href":"https:\/\/www.vitg.com\/tr\/wp-json\/wp\/v2\/types\/page"}],"author":[{"embeddable":true,"href":"https:\/\/www.vitg.com\/tr\/wp-json\/wp\/v2\/users\/1"}],"replies":[{"embeddable":true,"href":"https:\/\/www.vitg.com\/tr\/wp-json\/wp\/v2\/comments?post=3279"}],"version-history":[{"count":23,"href":"https:\/\/www.vitg.com\/tr\/wp-json\/wp\/v2\/pages\/3279\/revisions"}],"predecessor-version":[{"id":4785,"href":"https:\/\/www.vitg.com\/tr\/wp-json\/wp\/v2\/pages\/3279\/revisions\/4785"}],"wp:attachment":[{"href":"https:\/\/www.vitg.com\/tr\/wp-json\/wp\/v2\/media?parent=3279"}],"curies":[{"name":"wp","href":"https:\/\/api.w.org\/{rel}","templated":true}]}}