{"id":3179,"date":"2021-03-05T14:00:06","date_gmt":"2021-03-05T11:00:06","guid":{"rendered":"https:\/\/www.vitg.com\/strategic-procurement\/"},"modified":"2021-08-20T15:20:50","modified_gmt":"2021-08-20T12:20:50","slug":"stratejik-satinalma","status":"publish","type":"page","link":"https:\/\/www.vitg.com\/tr\/stratejik-satinalma\/","title":{"rendered":"Stratejik Sat\u0131nalma"},"content":{"rendered":"<h2 style=\"text-align: center;\"><span style=\"color: #333333;\">S2P\u2019Y\u0130 MERKEZ\u0130LE\u015eT\u0130RMEDE GEREKEN T\u00dcM \u0130HT\u0130YA\u00c7LARINIZ \u0130\u00c7\u0130N <\/span><span style=\"color: #b80000;\">STRATEJ\u0130K SATINALMA \u00c7\u00d6Z\u00dcMLER\u0130M\u0130Z\u0130 <\/span><span style=\"color: #333333;\">TANIYIN<\/span><\/h2>\n<p style=\"text-align: center;\">T\u00fcm harcamalar\u0131n\u0131z\u0131 ve eTedarik s\u00fcre\u00e7lerinizi, grup \u015firketleri i\u00e7in tek bir platformda y\u00f6netin.<\/p>\n<p style=\"text-align: center;\">Farkl\u0131 ERP sistemleri kullansan\u0131z dahi, ortak tedarik s\u00fcre\u00e7lerinizi tek noktadan y\u00fcrtebilirsiniz. Bu bir r\u00fcya gibi g\u00f6r\u00fcnse de, pek \u00e7ok vSRM m\u00fc\u015fterisi i\u00e7in m\u00fcmk\u00fcn.<\/p>\n<p style=\"text-align: center;\">\u015eirket i\u00e7i talep toplama, online teklif toplama ve ihale s\u00fcre\u00e7lerinde, analitik katmanlar\u0131yla birlikte tek bir platformda; kolay, sezgisel ve kontroll\u00fc bir kullan\u0131c\u0131 deneyimi ya\u015fay\u0131n.<\/p>\n<p style=\"text-align: center;\">Tedarik\u00e7ilerinizin sizler ile daha kolay \u00e7al\u0131\u015fmas\u0131 i\u00e7in, onlarla etkile\u015fim kurabilece\u011finiz, sunduklar\u0131 \u00fcr\u00fcn ve hizmetleri \u015feffaf bir rekabet i\u00e7erisinde \u00f6nerebilecekleri ortam sa\u011flay\u0131n.<\/p>\n<p>&nbsp;<\/p>\n<p style=\"text-align: center;\"><span style=\"font-size: 18pt;\"><strong><span style=\"color: #333333;\"><span style=\"color: #b80000;\"><span style=\"color: #333333;\">vSRM ile Sat\u0131nalma s\u00fcre\u00e7lerini dijitalle\u015fmede <\/span><\/span><\/span><span style=\"color: #b80000;\">\u00f6nc\u00fc \u015firketlerden biri olun<\/span><span style=\"color: #333333;\"><span style=\"color: #b80000;\"><span style=\"color: #333333;\">\u2026<\/span><\/span><\/span><\/strong><\/span><\/p>\n<p style=\"text-align: center;\"><span style=\"font-size: 18pt;\"><strong><span style=\"color: #333333;\"><span style=\"color: #b80000;\"><span style=\"color: #333333;\">Stratejik Sat\u0131nalma konular\u0131na ve yeni tedarik\u00e7iler edinmeye odaklan\u0131n.<\/span><\/span><\/span><\/strong><\/span><\/p>\n<p>&nbsp;<\/p>\n<p style=\"text-align: center;\">eTedarik ara\u00e7lar\u0131, operasyonel verimlilik, denetlenbilirlik ve \u015feffaf bir rekabet ortam\u0131 sa\u011flamas\u0131 ile geneneksel y\u00f6ntemelere g\u00f6re bir\u00e7ok avantaja sahiptir.<\/p>\n<p style=\"text-align: center;\">vSRM, i\u015fletmelerin S2P s\u00fcrecindeki g\u00fcnl\u00fck operasyonlar\u0131n y\u00f6netilmesini kolayla\u015ft\u0131r, sat\u0131nalmada dijital transformansyon sa\u011flamak isteyen kurulu\u015flara eksiksiz bir dijital d\u00f6n\u00fc\u015f\u00fcm deneyimi sunar.<\/p>\n<p>&nbsp;<\/p>\n","protected":false},"excerpt":{"rendered":"<p>S2P\u2019Y\u0130 MERKEZ\u0130LE\u015eT\u0130RMEDE GEREKEN T\u00dcM \u0130HT\u0130YA\u00c7LARINIZ \u0130\u00c7\u0130N STRATEJ\u0130K SATINALMA \u00c7\u00d6Z\u00dcMLER\u0130M\u0130Z\u0130 TANIYIN T\u00fcm harcamalar\u0131n\u0131z\u0131 ve eTedarik s\u00fcre\u00e7lerinizi, grup \u015firketleri i\u00e7in tek bir platformda y\u00f6netin. Farkl\u0131 ERP sistemleri kullansan\u0131z dahi, ortak tedarik s\u00fcre\u00e7lerinizi tek noktadan y\u00fcrtebilirsiniz. Bu bir r\u00fcya gibi g\u00f6r\u00fcnse de, pek \u00e7ok vSRM m\u00fc\u015fterisi i\u00e7in m\u00fcmk\u00fcn. \u015eirket i\u00e7i talep toplama, online teklif toplama ve ihale s\u00fcre\u00e7lerinde, [&hellip;]<\/p>\n","protected":false},"author":1,"featured_media":0,"parent":0,"menu_order":0,"comment_status":"closed","ping_status":"closed","template":"template-solution-main.php","meta":{"footnotes":""},"class_list":["post-3179","page","type-page","status-publish","hentry"],"yoast_head":"<!-- This site is optimized with the Yoast SEO plugin v27.4 - https:\/\/yoast.com\/product\/yoast-seo-wordpress\/ -->\n<title>Stratejik Sat\u0131nalma - ITG Resmi Websitesi<\/title>\n<meta name=\"robots\" content=\"index, follow, max-snippet:-1, max-image-preview:large, max-video-preview:-1\" \/>\n<link rel=\"canonical\" href=\"https:\/\/www.vitg.com\/tr\/stratejik-satinalma\/\" \/>\n<meta property=\"og:locale\" content=\"tr_TR\" \/>\n<meta property=\"og:type\" content=\"article\" \/>\n<meta property=\"og:title\" content=\"Stratejik Sat\u0131nalma - ITG Resmi Websitesi\" \/>\n<meta property=\"og:description\" content=\"S2P\u2019Y\u0130 MERKEZ\u0130LE\u015eT\u0130RMEDE GEREKEN T\u00dcM \u0130HT\u0130YA\u00c7LARINIZ \u0130\u00c7\u0130N STRATEJ\u0130K SATINALMA \u00c7\u00d6Z\u00dcMLER\u0130M\u0130Z\u0130 TANIYIN T\u00fcm harcamalar\u0131n\u0131z\u0131 ve eTedarik s\u00fcre\u00e7lerinizi, grup \u015firketleri i\u00e7in tek bir platformda y\u00f6netin. Farkl\u0131 ERP sistemleri kullansan\u0131z dahi, ortak tedarik s\u00fcre\u00e7lerinizi tek noktadan y\u00fcrtebilirsiniz. Bu bir r\u00fcya gibi g\u00f6r\u00fcnse de, pek \u00e7ok vSRM m\u00fc\u015fterisi i\u00e7in m\u00fcmk\u00fcn. \u015eirket i\u00e7i talep toplama, online teklif toplama ve ihale s\u00fcre\u00e7lerinde, [&hellip;]\" \/>\n<meta property=\"og:url\" content=\"https:\/\/www.vitg.com\/tr\/stratejik-satinalma\/\" \/>\n<meta property=\"og:site_name\" content=\"ITG Resmi Websitesi\" \/>\n<meta property=\"article:publisher\" content=\"https:\/\/www.facebook.com\/ITGInformationTechnology\/?modal=admin_todo_tour\" \/>\n<meta property=\"article:modified_time\" content=\"2021-08-20T12:20:50+00:00\" \/>\n<meta name=\"twitter:card\" content=\"summary_large_image\" \/>\n<meta name=\"twitter:label1\" content=\"Tahmini okuma s\u00fcresi\" \/>\n\t<meta name=\"twitter:data1\" content=\"1 dakika\" \/>\n<script type=\"application\/ld+json\" class=\"yoast-schema-graph\">{\"@context\":\"https:\\\/\\\/schema.org\",\"@graph\":[{\"@type\":\"WebPage\",\"@id\":\"https:\\\/\\\/www.vitg.com\\\/tr\\\/stratejik-satinalma\\\/\",\"url\":\"https:\\\/\\\/www.vitg.com\\\/tr\\\/stratejik-satinalma\\\/\",\"name\":\"Stratejik Sat\u0131nalma - ITG Resmi Websitesi\",\"isPartOf\":{\"@id\":\"https:\\\/\\\/www.vitg.com\\\/#website\"},\"datePublished\":\"2021-03-05T11:00:06+00:00\",\"dateModified\":\"2021-08-20T12:20:50+00:00\",\"inLanguage\":\"tr\",\"potentialAction\":[{\"@type\":\"ReadAction\",\"target\":[\"https:\\\/\\\/www.vitg.com\\\/tr\\\/stratejik-satinalma\\\/\"]}]},{\"@type\":\"WebSite\",\"@id\":\"https:\\\/\\\/www.vitg.com\\\/#website\",\"url\":\"https:\\\/\\\/www.vitg.com\\\/\",\"name\":\"ITG Resmi Websitesi\",\"description\":\"Bir ba\u015fka WordPress sitesi\",\"potentialAction\":[{\"@type\":\"SearchAction\",\"target\":{\"@type\":\"EntryPoint\",\"urlTemplate\":\"https:\\\/\\\/www.vitg.com\\\/?s={search_term_string}\"},\"query-input\":{\"@type\":\"PropertyValueSpecification\",\"valueRequired\":true,\"valueName\":\"search_term_string\"}}],\"inLanguage\":\"tr\"}]}<\/script>\n<!-- \/ Yoast SEO plugin. -->","yoast_head_json":{"title":"Stratejik Sat\u0131nalma - ITG Resmi Websitesi","robots":{"index":"index","follow":"follow","max-snippet":"max-snippet:-1","max-image-preview":"max-image-preview:large","max-video-preview":"max-video-preview:-1"},"canonical":"https:\/\/www.vitg.com\/tr\/stratejik-satinalma\/","og_locale":"tr_TR","og_type":"article","og_title":"Stratejik Sat\u0131nalma - ITG Resmi Websitesi","og_description":"S2P\u2019Y\u0130 MERKEZ\u0130LE\u015eT\u0130RMEDE GEREKEN T\u00dcM \u0130HT\u0130YA\u00c7LARINIZ \u0130\u00c7\u0130N STRATEJ\u0130K SATINALMA \u00c7\u00d6Z\u00dcMLER\u0130M\u0130Z\u0130 TANIYIN T\u00fcm harcamalar\u0131n\u0131z\u0131 ve eTedarik s\u00fcre\u00e7lerinizi, grup \u015firketleri i\u00e7in tek bir platformda y\u00f6netin. Farkl\u0131 ERP sistemleri kullansan\u0131z dahi, ortak tedarik s\u00fcre\u00e7lerinizi tek noktadan y\u00fcrtebilirsiniz. Bu bir r\u00fcya gibi g\u00f6r\u00fcnse de, pek \u00e7ok vSRM m\u00fc\u015fterisi i\u00e7in m\u00fcmk\u00fcn. \u015eirket i\u00e7i talep toplama, online teklif toplama ve ihale s\u00fcre\u00e7lerinde, [&hellip;]","og_url":"https:\/\/www.vitg.com\/tr\/stratejik-satinalma\/","og_site_name":"ITG Resmi Websitesi","article_publisher":"https:\/\/www.facebook.com\/ITGInformationTechnology\/?modal=admin_todo_tour","article_modified_time":"2021-08-20T12:20:50+00:00","twitter_card":"summary_large_image","twitter_misc":{"Tahmini okuma s\u00fcresi":"1 dakika"},"schema":{"@context":"https:\/\/schema.org","@graph":[{"@type":"WebPage","@id":"https:\/\/www.vitg.com\/tr\/stratejik-satinalma\/","url":"https:\/\/www.vitg.com\/tr\/stratejik-satinalma\/","name":"Stratejik Sat\u0131nalma - ITG Resmi Websitesi","isPartOf":{"@id":"https:\/\/www.vitg.com\/#website"},"datePublished":"2021-03-05T11:00:06+00:00","dateModified":"2021-08-20T12:20:50+00:00","inLanguage":"tr","potentialAction":[{"@type":"ReadAction","target":["https:\/\/www.vitg.com\/tr\/stratejik-satinalma\/"]}]},{"@type":"WebSite","@id":"https:\/\/www.vitg.com\/#website","url":"https:\/\/www.vitg.com\/","name":"ITG Resmi Websitesi","description":"Bir ba\u015fka WordPress sitesi","potentialAction":[{"@type":"SearchAction","target":{"@type":"EntryPoint","urlTemplate":"https:\/\/www.vitg.com\/?s={search_term_string}"},"query-input":{"@type":"PropertyValueSpecification","valueRequired":true,"valueName":"search_term_string"}}],"inLanguage":"tr"}]}},"_links":{"self":[{"href":"https:\/\/www.vitg.com\/tr\/wp-json\/wp\/v2\/pages\/3179","targetHints":{"allow":["GET"]}}],"collection":[{"href":"https:\/\/www.vitg.com\/tr\/wp-json\/wp\/v2\/pages"}],"about":[{"href":"https:\/\/www.vitg.com\/tr\/wp-json\/wp\/v2\/types\/page"}],"author":[{"embeddable":true,"href":"https:\/\/www.vitg.com\/tr\/wp-json\/wp\/v2\/users\/1"}],"replies":[{"embeddable":true,"href":"https:\/\/www.vitg.com\/tr\/wp-json\/wp\/v2\/comments?post=3179"}],"version-history":[{"count":29,"href":"https:\/\/www.vitg.com\/tr\/wp-json\/wp\/v2\/pages\/3179\/revisions"}],"predecessor-version":[{"id":4329,"href":"https:\/\/www.vitg.com\/tr\/wp-json\/wp\/v2\/pages\/3179\/revisions\/4329"}],"wp:attachment":[{"href":"https:\/\/www.vitg.com\/tr\/wp-json\/wp\/v2\/media?parent=3179"}],"curies":[{"name":"wp","href":"https:\/\/api.w.org\/{rel}","templated":true}]}}