{"id":3141,"date":"2021-03-06T17:15:55","date_gmt":"2021-03-06T14:15:55","guid":{"rendered":"https:\/\/www.vitg.com\/automotive\/"},"modified":"2021-09-14T23:34:01","modified_gmt":"2021-09-14T20:34:01","slug":"otomotiv","status":"publish","type":"page","link":"https:\/\/www.vitg.com\/tr\/otomotiv\/","title":{"rendered":"Otomotiv Sekt\u00f6r\u00fc"},"content":{"rendered":"<p><b>Yeniden icat etmeye ve tasarlamaya gerek yok, OEM&#8217;ler ve t\u00fcm seviyelerdeki Tedarik\u00e7iler i\u00e7in Kullan\u0131ma Haz\u0131r Tedarik\u00e7i Portal\u0131 <\/b><span style=\"font-weight: 400;\">&#8211; (Tier 1&#8217;den n&#8217;ye)<\/span><\/p>\n<p><span style=\"font-weight: 400;\">\u00dcretim Riskini Azalt\u0131n,<\/span><b> tedarik zincirinde \u00e7evik olun<\/b><span style=\"font-weight: 400;\"> ve sekt\u00f6re \u00f6zel uygulamalar\u0131 daha h\u0131zl\u0131 uyarlay\u0131n.<\/span><\/p>\n<p><span style=\"font-weight: 400;\">Otomotiv sekt\u00f6r\u00fc kolay geli\u015fmeyen bir sekt\u00f6rd\u00fcr. Kendine has \u00e7al\u0131\u015fma tarz\u0131 ile bir\u00e7ok yeni \u00fcretim y\u00f6nteminin ve tedarik zinciri uygulamas\u0131n\u0131n ilk kez tan\u0131t\u0131ld\u0131\u011f\u0131 ve uyguland\u0131\u011f\u0131 \u00f6nc\u00fc bir sekt\u00f6rd\u00fcr. Ana Orijinal Ekipman \u00dcreticileri (OEM), sekt\u00f6re \u00f6zel tedarik zinciri y\u00f6ntemlerini ba\u015far\u0131l\u0131 bir \u015fekilde uygulamak ve de\u011fi\u015fen tedarik planlar\u0131n\u0131 tedarik s\u00fcrecini aksatmadan zaman\u0131nda ve h\u0131zl\u0131 bir \u015fekilde tedarik\u00e7ilerine aktarmak i\u00e7in tedarik\u00e7ileriyle payla\u015f\u0131mda bulunmak ve i\u015fbirli\u011fi yapmak i\u00e7in tedarik\u00e7i portallar\u0131n\u0131 kullanmaktad\u0131rlar.<\/span><\/p>\n<p><span style=\"font-weight: 400;\">vSRM Otomotiv Platformu; otomotiv sekt\u00f6r\u00fcn\u00fcn dinamik tedarik s\u00fcre\u00e7lerini y\u00f6netmek i\u00e7in hen\u00fcz tedarik\u00e7i portal\u0131na sahip olmayan firmalar i\u00e7in kullan\u0131ma haz\u0131r bir SaaS platformudur. vSRM, tedarik s\u00fcre\u00e7lerinin verimlili\u011fini art\u0131rmak ve sekt\u00f6rdeki ileri tedarik zinciri y\u00f6ntemlerini uygulamak i\u00e7in bireysel yat\u0131r\u0131m yapmaya, zaman ve emek harcamaya gerek kalmadan ERP sistemlerinizle etkile\u015fimli \u00e7al\u0131\u015f\u0131r.<\/span><\/p>\n","protected":false},"excerpt":{"rendered":"<p>Yeniden icat etmeye ve tasarlamaya gerek yok, OEM&#8217;ler ve t\u00fcm seviyelerdeki Tedarik\u00e7iler i\u00e7in Kullan\u0131ma Haz\u0131r Tedarik\u00e7i Portal\u0131 &#8211; (Tier 1&#8217;den n&#8217;ye) \u00dcretim Riskini Azalt\u0131n, tedarik zincirinde \u00e7evik olun ve sekt\u00f6re \u00f6zel uygulamalar\u0131 daha h\u0131zl\u0131 uyarlay\u0131n. Otomotiv sekt\u00f6r\u00fc kolay geli\u015fmeyen bir sekt\u00f6rd\u00fcr. Kendine has \u00e7al\u0131\u015fma tarz\u0131 ile bir\u00e7ok yeni \u00fcretim y\u00f6nteminin ve tedarik zinciri uygulamas\u0131n\u0131n ilk [&hellip;]<\/p>\n","protected":false},"author":1,"featured_media":0,"parent":0,"menu_order":0,"comment_status":"closed","ping_status":"closed","template":"template-industry.php","meta":{"footnotes":""},"class_list":["post-3141","page","type-page","status-publish","hentry"],"yoast_head":"<!-- This site is optimized with the Yoast SEO plugin v27.4 - https:\/\/yoast.com\/product\/yoast-seo-wordpress\/ -->\n<title>Otomotiv Sekt\u00f6r\u00fc - ITG Resmi Websitesi<\/title>\n<meta name=\"robots\" content=\"index, follow, max-snippet:-1, max-image-preview:large, max-video-preview:-1\" \/>\n<link rel=\"canonical\" href=\"https:\/\/www.vitg.com\/tr\/otomotiv\/\" \/>\n<meta property=\"og:locale\" content=\"tr_TR\" \/>\n<meta property=\"og:type\" content=\"article\" \/>\n<meta property=\"og:title\" content=\"Otomotiv Sekt\u00f6r\u00fc - ITG Resmi Websitesi\" \/>\n<meta property=\"og:description\" content=\"Yeniden icat etmeye ve tasarlamaya gerek yok, OEM&#8217;ler ve t\u00fcm seviyelerdeki Tedarik\u00e7iler i\u00e7in Kullan\u0131ma Haz\u0131r Tedarik\u00e7i Portal\u0131 &#8211; (Tier 1&#8217;den n&#8217;ye) \u00dcretim Riskini Azalt\u0131n, tedarik zincirinde \u00e7evik olun ve sekt\u00f6re \u00f6zel uygulamalar\u0131 daha h\u0131zl\u0131 uyarlay\u0131n. Otomotiv sekt\u00f6r\u00fc kolay geli\u015fmeyen bir sekt\u00f6rd\u00fcr. Kendine has \u00e7al\u0131\u015fma tarz\u0131 ile bir\u00e7ok yeni \u00fcretim y\u00f6nteminin ve tedarik zinciri uygulamas\u0131n\u0131n ilk [&hellip;]\" \/>\n<meta property=\"og:url\" content=\"https:\/\/www.vitg.com\/tr\/otomotiv\/\" \/>\n<meta property=\"og:site_name\" content=\"ITG Resmi Websitesi\" \/>\n<meta property=\"article:publisher\" content=\"https:\/\/www.facebook.com\/ITGInformationTechnology\/?modal=admin_todo_tour\" \/>\n<meta property=\"article:modified_time\" content=\"2021-09-14T20:34:01+00:00\" \/>\n<meta name=\"twitter:card\" content=\"summary_large_image\" \/>\n<meta name=\"twitter:label1\" content=\"Tahmini okuma s\u00fcresi\" \/>\n\t<meta name=\"twitter:data1\" content=\"1 dakika\" \/>\n<script type=\"application\/ld+json\" class=\"yoast-schema-graph\">{\"@context\":\"https:\\\/\\\/schema.org\",\"@graph\":[{\"@type\":\"WebPage\",\"@id\":\"https:\\\/\\\/www.vitg.com\\\/tr\\\/otomotiv\\\/\",\"url\":\"https:\\\/\\\/www.vitg.com\\\/tr\\\/otomotiv\\\/\",\"name\":\"Otomotiv Sekt\u00f6r\u00fc - ITG Resmi Websitesi\",\"isPartOf\":{\"@id\":\"https:\\\/\\\/www.vitg.com\\\/#website\"},\"datePublished\":\"2021-03-06T14:15:55+00:00\",\"dateModified\":\"2021-09-14T20:34:01+00:00\",\"inLanguage\":\"tr\",\"potentialAction\":[{\"@type\":\"ReadAction\",\"target\":[\"https:\\\/\\\/www.vitg.com\\\/tr\\\/otomotiv\\\/\"]}]},{\"@type\":\"WebSite\",\"@id\":\"https:\\\/\\\/www.vitg.com\\\/#website\",\"url\":\"https:\\\/\\\/www.vitg.com\\\/\",\"name\":\"ITG Resmi Websitesi\",\"description\":\"Bir ba\u015fka WordPress sitesi\",\"potentialAction\":[{\"@type\":\"SearchAction\",\"target\":{\"@type\":\"EntryPoint\",\"urlTemplate\":\"https:\\\/\\\/www.vitg.com\\\/?s={search_term_string}\"},\"query-input\":{\"@type\":\"PropertyValueSpecification\",\"valueRequired\":true,\"valueName\":\"search_term_string\"}}],\"inLanguage\":\"tr\"}]}<\/script>\n<!-- \/ Yoast SEO plugin. -->","yoast_head_json":{"title":"Otomotiv Sekt\u00f6r\u00fc - ITG Resmi Websitesi","robots":{"index":"index","follow":"follow","max-snippet":"max-snippet:-1","max-image-preview":"max-image-preview:large","max-video-preview":"max-video-preview:-1"},"canonical":"https:\/\/www.vitg.com\/tr\/otomotiv\/","og_locale":"tr_TR","og_type":"article","og_title":"Otomotiv Sekt\u00f6r\u00fc - ITG Resmi Websitesi","og_description":"Yeniden icat etmeye ve tasarlamaya gerek yok, OEM&#8217;ler ve t\u00fcm seviyelerdeki Tedarik\u00e7iler i\u00e7in Kullan\u0131ma Haz\u0131r Tedarik\u00e7i Portal\u0131 &#8211; (Tier 1&#8217;den n&#8217;ye) \u00dcretim Riskini Azalt\u0131n, tedarik zincirinde \u00e7evik olun ve sekt\u00f6re \u00f6zel uygulamalar\u0131 daha h\u0131zl\u0131 uyarlay\u0131n. Otomotiv sekt\u00f6r\u00fc kolay geli\u015fmeyen bir sekt\u00f6rd\u00fcr. Kendine has \u00e7al\u0131\u015fma tarz\u0131 ile bir\u00e7ok yeni \u00fcretim y\u00f6nteminin ve tedarik zinciri uygulamas\u0131n\u0131n ilk [&hellip;]","og_url":"https:\/\/www.vitg.com\/tr\/otomotiv\/","og_site_name":"ITG Resmi Websitesi","article_publisher":"https:\/\/www.facebook.com\/ITGInformationTechnology\/?modal=admin_todo_tour","article_modified_time":"2021-09-14T20:34:01+00:00","twitter_card":"summary_large_image","twitter_misc":{"Tahmini okuma s\u00fcresi":"1 dakika"},"schema":{"@context":"https:\/\/schema.org","@graph":[{"@type":"WebPage","@id":"https:\/\/www.vitg.com\/tr\/otomotiv\/","url":"https:\/\/www.vitg.com\/tr\/otomotiv\/","name":"Otomotiv Sekt\u00f6r\u00fc - ITG Resmi Websitesi","isPartOf":{"@id":"https:\/\/www.vitg.com\/#website"},"datePublished":"2021-03-06T14:15:55+00:00","dateModified":"2021-09-14T20:34:01+00:00","inLanguage":"tr","potentialAction":[{"@type":"ReadAction","target":["https:\/\/www.vitg.com\/tr\/otomotiv\/"]}]},{"@type":"WebSite","@id":"https:\/\/www.vitg.com\/#website","url":"https:\/\/www.vitg.com\/","name":"ITG Resmi Websitesi","description":"Bir ba\u015fka WordPress sitesi","potentialAction":[{"@type":"SearchAction","target":{"@type":"EntryPoint","urlTemplate":"https:\/\/www.vitg.com\/?s={search_term_string}"},"query-input":{"@type":"PropertyValueSpecification","valueRequired":true,"valueName":"search_term_string"}}],"inLanguage":"tr"}]}},"_links":{"self":[{"href":"https:\/\/www.vitg.com\/tr\/wp-json\/wp\/v2\/pages\/3141","targetHints":{"allow":["GET"]}}],"collection":[{"href":"https:\/\/www.vitg.com\/tr\/wp-json\/wp\/v2\/pages"}],"about":[{"href":"https:\/\/www.vitg.com\/tr\/wp-json\/wp\/v2\/types\/page"}],"author":[{"embeddable":true,"href":"https:\/\/www.vitg.com\/tr\/wp-json\/wp\/v2\/users\/1"}],"replies":[{"embeddable":true,"href":"https:\/\/www.vitg.com\/tr\/wp-json\/wp\/v2\/comments?post=3141"}],"version-history":[{"count":24,"href":"https:\/\/www.vitg.com\/tr\/wp-json\/wp\/v2\/pages\/3141\/revisions"}],"predecessor-version":[{"id":5146,"href":"https:\/\/www.vitg.com\/tr\/wp-json\/wp\/v2\/pages\/3141\/revisions\/5146"}],"wp:attachment":[{"href":"https:\/\/www.vitg.com\/tr\/wp-json\/wp\/v2\/media?parent=3141"}],"curies":[{"name":"wp","href":"https:\/\/api.w.org\/{rel}","templated":true}]}}