{"id":3130,"date":"2021-03-04T01:36:57","date_gmt":"2021-03-03T22:36:57","guid":{"rendered":"https:\/\/www.vitg.com\/projects\/"},"modified":"2021-07-27T22:04:32","modified_gmt":"2021-07-27T19:04:32","slug":"basari-hikayeleri","status":"publish","type":"page","link":"https:\/\/www.vitg.com\/tr\/basari-hikayeleri\/","title":{"rendered":"Ba\u015far\u0131 Hikayeleri"},"content":{"rendered":"<p>Bize inanan m\u00fc\u015fterilerimizle birlikte hayata ge\u00e7irdi\u011fimiz projelerimizden baz\u0131lar\u0131&#8230;<\/p>\n","protected":false},"excerpt":{"rendered":"<p>Bize inanan m\u00fc\u015fterilerimizle birlikte hayata ge\u00e7irdi\u011fimiz projelerimizden baz\u0131lar\u0131&#8230;<\/p>\n","protected":false},"author":1,"featured_media":0,"parent":0,"menu_order":0,"comment_status":"closed","ping_status":"closed","template":"template_project.php","meta":{"footnotes":""},"class_list":["post-3130","page","type-page","status-publish","hentry"],"yoast_head":"<!-- This site is optimized with the Yoast SEO plugin v27.4 - https:\/\/yoast.com\/product\/yoast-seo-wordpress\/ -->\n<title>Ba\u015far\u0131 Hikayeleri - ITG Resmi Websitesi<\/title>\n<meta name=\"robots\" content=\"index, follow, max-snippet:-1, max-image-preview:large, max-video-preview:-1\" \/>\n<link rel=\"canonical\" href=\"https:\/\/www.vitg.com\/tr\/basari-hikayeleri\/\" \/>\n<meta property=\"og:locale\" content=\"tr_TR\" \/>\n<meta property=\"og:type\" content=\"article\" \/>\n<meta property=\"og:title\" content=\"Ba\u015far\u0131 Hikayeleri - ITG Resmi Websitesi\" \/>\n<meta property=\"og:description\" content=\"Bize inanan m\u00fc\u015fterilerimizle birlikte hayata ge\u00e7irdi\u011fimiz projelerimizden baz\u0131lar\u0131&#8230;\" \/>\n<meta property=\"og:url\" content=\"https:\/\/www.vitg.com\/tr\/basari-hikayeleri\/\" \/>\n<meta property=\"og:site_name\" content=\"ITG Resmi Websitesi\" \/>\n<meta property=\"article:publisher\" content=\"https:\/\/www.facebook.com\/ITGInformationTechnology\/?modal=admin_todo_tour\" \/>\n<meta property=\"article:modified_time\" content=\"2021-07-27T19:04:32+00:00\" \/>\n<meta name=\"twitter:card\" content=\"summary_large_image\" \/>\n<meta name=\"twitter:label1\" content=\"Tahmini okuma s\u00fcresi\" \/>\n\t<meta name=\"twitter:data1\" content=\"1 dakika\" \/>\n<script type=\"application\/ld+json\" class=\"yoast-schema-graph\">{\"@context\":\"https:\\\/\\\/schema.org\",\"@graph\":[{\"@type\":\"WebPage\",\"@id\":\"https:\\\/\\\/www.vitg.com\\\/tr\\\/basari-hikayeleri\\\/\",\"url\":\"https:\\\/\\\/www.vitg.com\\\/tr\\\/basari-hikayeleri\\\/\",\"name\":\"Ba\u015far\u0131 Hikayeleri - ITG Resmi Websitesi\",\"isPartOf\":{\"@id\":\"https:\\\/\\\/www.vitg.com\\\/#website\"},\"datePublished\":\"2021-03-03T22:36:57+00:00\",\"dateModified\":\"2021-07-27T19:04:32+00:00\",\"inLanguage\":\"tr\",\"potentialAction\":[{\"@type\":\"ReadAction\",\"target\":[\"https:\\\/\\\/www.vitg.com\\\/tr\\\/basari-hikayeleri\\\/\"]}]},{\"@type\":\"WebSite\",\"@id\":\"https:\\\/\\\/www.vitg.com\\\/#website\",\"url\":\"https:\\\/\\\/www.vitg.com\\\/\",\"name\":\"ITG Resmi Websitesi\",\"description\":\"Bir ba\u015fka WordPress sitesi\",\"potentialAction\":[{\"@type\":\"SearchAction\",\"target\":{\"@type\":\"EntryPoint\",\"urlTemplate\":\"https:\\\/\\\/www.vitg.com\\\/?s={search_term_string}\"},\"query-input\":{\"@type\":\"PropertyValueSpecification\",\"valueRequired\":true,\"valueName\":\"search_term_string\"}}],\"inLanguage\":\"tr\"}]}<\/script>\n<!-- \/ Yoast SEO plugin. -->","yoast_head_json":{"title":"Ba\u015far\u0131 Hikayeleri - ITG Resmi Websitesi","robots":{"index":"index","follow":"follow","max-snippet":"max-snippet:-1","max-image-preview":"max-image-preview:large","max-video-preview":"max-video-preview:-1"},"canonical":"https:\/\/www.vitg.com\/tr\/basari-hikayeleri\/","og_locale":"tr_TR","og_type":"article","og_title":"Ba\u015far\u0131 Hikayeleri - ITG Resmi Websitesi","og_description":"Bize inanan m\u00fc\u015fterilerimizle birlikte hayata ge\u00e7irdi\u011fimiz projelerimizden baz\u0131lar\u0131&#8230;","og_url":"https:\/\/www.vitg.com\/tr\/basari-hikayeleri\/","og_site_name":"ITG Resmi Websitesi","article_publisher":"https:\/\/www.facebook.com\/ITGInformationTechnology\/?modal=admin_todo_tour","article_modified_time":"2021-07-27T19:04:32+00:00","twitter_card":"summary_large_image","twitter_misc":{"Tahmini okuma s\u00fcresi":"1 dakika"},"schema":{"@context":"https:\/\/schema.org","@graph":[{"@type":"WebPage","@id":"https:\/\/www.vitg.com\/tr\/basari-hikayeleri\/","url":"https:\/\/www.vitg.com\/tr\/basari-hikayeleri\/","name":"Ba\u015far\u0131 Hikayeleri - ITG Resmi Websitesi","isPartOf":{"@id":"https:\/\/www.vitg.com\/#website"},"datePublished":"2021-03-03T22:36:57+00:00","dateModified":"2021-07-27T19:04:32+00:00","inLanguage":"tr","potentialAction":[{"@type":"ReadAction","target":["https:\/\/www.vitg.com\/tr\/basari-hikayeleri\/"]}]},{"@type":"WebSite","@id":"https:\/\/www.vitg.com\/#website","url":"https:\/\/www.vitg.com\/","name":"ITG Resmi Websitesi","description":"Bir ba\u015fka WordPress sitesi","potentialAction":[{"@type":"SearchAction","target":{"@type":"EntryPoint","urlTemplate":"https:\/\/www.vitg.com\/?s={search_term_string}"},"query-input":{"@type":"PropertyValueSpecification","valueRequired":true,"valueName":"search_term_string"}}],"inLanguage":"tr"}]}},"_links":{"self":[{"href":"https:\/\/www.vitg.com\/tr\/wp-json\/wp\/v2\/pages\/3130","targetHints":{"allow":["GET"]}}],"collection":[{"href":"https:\/\/www.vitg.com\/tr\/wp-json\/wp\/v2\/pages"}],"about":[{"href":"https:\/\/www.vitg.com\/tr\/wp-json\/wp\/v2\/types\/page"}],"author":[{"embeddable":true,"href":"https:\/\/www.vitg.com\/tr\/wp-json\/wp\/v2\/users\/1"}],"replies":[{"embeddable":true,"href":"https:\/\/www.vitg.com\/tr\/wp-json\/wp\/v2\/comments?post=3130"}],"version-history":[{"count":4,"href":"https:\/\/www.vitg.com\/tr\/wp-json\/wp\/v2\/pages\/3130\/revisions"}],"predecessor-version":[{"id":4120,"href":"https:\/\/www.vitg.com\/tr\/wp-json\/wp\/v2\/pages\/3130\/revisions\/4120"}],"wp:attachment":[{"href":"https:\/\/www.vitg.com\/tr\/wp-json\/wp\/v2\/media?parent=3130"}],"curies":[{"name":"wp","href":"https:\/\/api.w.org\/{rel}","templated":true}]}}